{"id":22838,"date":"2021-12-23T18:26:01","date_gmt":"2021-12-23T17:26:01","guid":{"rendered":"https:\/\/www.noatum.com\/?page_id=22838"},"modified":"2025-05-29T08:06:06","modified_gmt":"2025-05-29T07:06:06","slug":"emploi","status":"publish","type":"page","link":"https:\/\/www.noatum.com\/fr\/emploi\/","title":{"rendered":"Emploi Noatum"},"content":{"rendered":"<div class=\"wpb-content-wrapper\"><p>[vc_row center_row=\u00a0\u00bbyes\u00a0\u00bb css=\u00a0\u00bb.vc_custom_1475502988786{background-image: url(https:\/\/www.noatum.com\/wp-content\/uploads\/2016\/06\/fondo-directorio.jpg?id=1359) !important;background-position: center !important;background-repeat: no-repeat !important;background-size: cover !important;}\u00a0\u00bb][vc_column]<div class=\"zozo-parallax-header\"><div class=\"parallax-header\"><h2 class=\"parallax-title text-center\">Travailler chez Noatum : rejoignez notre \u00e9quipe<\/h2><\/div><\/div>[vc_row_inner][vc_column_inner width=\u00a0\u00bb1\/3&Prime;][vc_column_text]<\/p>\n<h3 style=\"color: #af2626;\">Chez Noatum, nous sommes conscients que ce sont les personnes qui font la diff\u00e9rence. C\u2019est pourquoi nous pla\u00e7ons nos \u00e9quipes au centre de toutes nos activit\u00e9s et de tous nos projets, actuels et futurs.<\/h3>\n<p>[\/vc_column_text][\/vc_column_inner][vc_column_inner width=\u00a0\u00bb1\/3&Prime;][vc_column_text]Chez Noatum, nous sommes convaincus que notre bien intangible le plus pr\u00e9cieux est le\u00a0<strong>talent<\/strong>\u00a0de toutes les personnes qui font partie de notre groupe.<\/p>\n<p>Lors de votre incorporation \u00e0 l\u2019\u00e9quipe Noatum, vous vous sentirez <strong>entour\u00e9s <\/strong>et <strong>accompagn\u00e9s, <\/strong>pour que votre carri\u00e8re professionnelle \u00e0 nos c\u00f4t\u00e9s soit pleinement satisfaisante. D\u00e8s votre premi\u00e8re journ\u00e9e, nous vous proposerons un plan d\u2019accueil et d\u2019int\u00e9gration des nouveaux employ\u00e9s, et vous pourrez \u00e9galement d\u00e9velopper vos connaissances et vos capacit\u00e9s \u00e0 l\u2019Universit\u00e9 corporative de Noatum.<\/p>\n<p>Notre objectif : vous donner l\u2019\u00e9lan n\u00e9cessaire pour que vous puissiez \u00e9largir tout votre potentiel dans un environnement professionnel o\u00f9 chacun prend soin des autres.[\/vc_column_text][\/vc_column_inner][vc_column_inner width=\u00a0\u00bb1\/3&Prime;][vc_column_text]Nous vous offrons l\u2019opportunit\u00e9 de donner la pleine mesure de votre talent et d\u2019\u00e9voluer constamment dans votre carri\u00e8re gr\u00e2ce \u00e0 la mobilit\u00e9 interne et \u00e0 l\u2019acc\u00e8s \u00e0 d\u2019autres postes du groupe, \u00e0 l\u2019\u00e9chelle nationale comme internationale. Chez Noatum, le talent est reconnu \u00e0 sa juste valeur, et nous serons fiers d\u2019\u00eatre \u00e0 vos c\u00f4t\u00e9s.<\/p>\n<p>Si vous \u00eates \u00e0 la recherche d\u2019un\u00a0<strong>nouvel envol professionnel<\/strong>, consultez nos offres d\u2019emploi publi\u00e9es sur cette page et embarquez dans un groupe multinational leader en services de transport et de logistique int\u00e9grale.[\/vc_column_text][\/vc_column_inner][\/vc_row_inner][vc_btn title=\u00a0\u00bbV\u00e9rifier les offres d&#8217;emploi disponibles\u00a0\u00bb align=\u00a0\u00bbcenter\u00a0\u00bb css=\u00a0\u00bb.vc_custom_1643720136371{margin-top: 40px !important;}\u00a0\u00bb link=\u00a0\u00bburl:https%3A%2F%2Fwww.noatum.com%2Ffr%2Femploi%2F%23ofertas|\u00a0\u00bb][\/vc_column][\/vc_row][vc_row center_row=\u00a0\u00bbyes\u00a0\u00bb][vc_column][vc_row_inner][vc_column_inner width=\u00a0\u00bb1\/2&Prime;]<div class=\"zozo-parallax-header\"><div class=\"parallax-header\"><h3 class=\"parallax-title text-left\">People Manifesto<\/h3><div class=\"parallax-desc default-style text-left\"><p style=\"text-align: left;\">Ce qui nous meut : l\u2019innovation, la recherche de l\u2019excellence et l\u2019am\u00e9lioration continue dans tout ce que nous faisons. Nous nous transformons sans cesse pour transformer. Dans un environnement de changement continu, Noatum avance d\u2019un pas d\u00e9cid\u00e9 vers un groupe durable, rentable, socialement responsable et efficace. Comprenant l\u2019efficacit\u00e9 au sens large, nous sommes \u00e0 la recherche de nouvelles opportunit\u00e9s, de nouvelles fa\u00e7ons de faire les choses, de nouvelles mani\u00e8res de nous organiser, en optimisant au maximum tout notre potentiel humain et les outils \u00e0 notre disposition.<\/p>\n<p>Comme nous l\u2019indiquons dans notre People Manifesto, nous sommes convaincus qu\u2019agir comme une seule et unique \u00e9quipe Noatum est la meilleure fa\u00e7on de proposer un excellent service et que les personnes constituent le meilleur levier pour encourager le processus de changement et de transformation dans lequel est plong\u00e9 le groupe.<\/p>\n<\/div><\/div><\/div>[\/vc_column_inner][vc_column_inner width=\u00a0\u00bb1\/2&Prime; css=\u00a0\u00bb.vc_custom_1581092422658{margin-top: 70px !important;}\u00a0\u00bb][vc_video link=\u00a0\u00bbhttps:\/\/youtu.be\/iRt6g_nYlPM\u00a0\u00bb][\/vc_column_inner][\/vc_row_inner][\/vc_column][\/vc_row][vc_row parallax=\u00a0\u00bbcontent-moving\u00a0\u00bb parallax_image=\u00a0\u00bb1464&Prime; center_row=\u00a0\u00bbyes\u00a0\u00bb bg_overlay=\u00a0\u00bbyes\u00a0\u00bb typo_style=\u00a0\u00bblight\u00a0\u00bb el_class=\u00a0\u00bbbluegradientbg\u00a0\u00bb el_id=\u00a0\u00bbcifras\u00a0\u00bb][vc_column css_animation=\u00a0\u00bbbottom-to-top\u00a0\u00bb][vc_column_text]<\/p>\n<p style=\"text-align: center;\"><span style=\"color: #ffffff; font-size: 30px;\">Comment sont les employ\u00e9s de Noatum ?<\/span><\/p>\n<p style=\"text-align: center;\"><span style=\"color: #ffffff;\">Notre meilleure lettre de pr\u00e9sentation : le professionnalisme de notre \u00e9quipe. Plus de 2 500 personnes qui travaillent ensemble afin de proposer des services d\u2019excellence \u00e0 nos clients, en faisant preuve d\u2019int\u00e9grit\u00e9 et de transparence.<\/span><\/p>\n<p>[\/vc_column_text][vc_row_inner css=\u00a0\u00bb.vc_custom_1641292645143{margin-top: 60px !important;}\u00a0\u00bb][vc_column_inner width=\u00a0\u00bb1\/6&Prime; offset=\u00a0\u00bbvc_col-xs-6&Prime;][vc_raw_html]PGltZyBjbGFzcz0iYWxpZ25jZW50ZXIiIHRpdGxlPSJQYXlzIiBzcmM9Ii93cC1jb250ZW50L3VwbG9hZHMvMjAyMC8wMS9ub2F0dW0tcGFpc2VzLS5zdmciIGFsdD0iUGF5cyIgd2lkdGg9IjYwIiBoZWlnaHQ9IjYwIiAvPg==[\/vc_raw_html]<div class=\"zozo-parallax-header\"><div class=\"parallax-header\"><h5 class=\"parallax-title text-center\">26<\/h5><div class=\"parallax-desc default-style text-center\"><p>Pays<\/p>\n<\/div><\/div><\/div>[\/vc_column_inner][vc_column_inner width=\u00a0\u00bb1\/6&Prime; offset=\u00a0\u00bbvc_col-xs-6&Prime;][vc_raw_html]PGltZyBjbGFzcz0iYWxpZ25jZW50ZXIiIHRpdGxlPSJFbnRyZXByaXNlcyIgc3JjPSIvd3AtY29udGVudC91cGxvYWRzLzIwMjAvMDEvbm9hdHVtLWVtcHJlc2FzLS5zdmciIGFsdD0iRW50cmVwcmlzZXMiIHdpZHRoPSI2MCIgaGVpZ2h0PSI2MCIgLz4=[\/vc_raw_html]<div class=\"zozo-parallax-header\"><div class=\"parallax-header\"><h5 class=\"parallax-title text-center\">77<\/h5><div class=\"parallax-desc default-style text-center\"><p>Entreprises<\/p>\n<\/div><\/div><\/div>[\/vc_column_inner][vc_column_inner width=\u00a0\u00bb1\/6&Prime; offset=\u00a0\u00bbvc_col-xs-6&Prime;][vc_raw_html]PGltZyBjbGFzcz0iYWxpZ25jZW50ZXIiIHRpdGxlPSJFbXBsYWNlbWVudHMiIHNyYz0iL3dwLWNvbnRlbnQvdXBsb2Fkcy8yMDIwLzAxL25vYXR1bS1sb2NhbGl6YWNpb25lcy0uc3ZnIiBhbHQ9IkVtcGxhY2VtZW50cyIgd2lkdGg9IjYwIiBoZWlnaHQ9IjYwIiAvPg==[\/vc_raw_html]<div class=\"zozo-parallax-header\"><div class=\"parallax-header\"><h5 class=\"parallax-title text-center\">168<\/h5><div class=\"parallax-desc default-style text-center\"><p>Emplacements<\/p>\n<\/div><\/div><\/div>[\/vc_column_inner][vc_column_inner width=\u00a0\u00bb1\/6&Prime; offset=\u00a0\u00bbvc_col-xs-6&Prime;][vc_raw_html]PGltZyBjbGFzcz0iYWxpZ25jZW50ZXIiIHRpdGxlPSJFbXBsb3nDqXMiIHNyYz0iL3dwLWNvbnRlbnQvdXBsb2Fkcy8yMDIwLzAxL25vYXR1bS1lbXBsZWFkb3MtLnN2ZyIgYWx0PSJFbXBsb3nDqXMiIHdpZHRoPSI2MCIgaGVpZ2h0PSI2MCIgLz4=[\/vc_raw_html]<div class=\"zozo-parallax-header\"><div class=\"parallax-header\"><h5 class=\"parallax-title text-center\">+2800<\/h5><div class=\"parallax-desc default-style text-center\"><p>Employ\u00e9s<\/p>\n<\/div><\/div><\/div>[\/vc_column_inner][vc_column_inner width=\u00a0\u00bb1\/6&Prime;][vc_raw_html]PGltZyBjbGFzcz0iYWxpZ25jZW50ZXIiIHRpdGxlPSJOYXRpb25hbGl0w6lzIiBzcmM9Ii93cC1jb250ZW50L3VwbG9hZHMvMjAyMC8wMS9uYWNpb25hbGlkYWRlcy0uc3ZnIiBhbHQ9Ik5hdGlvbmFsaXTDqXMiIHdpZHRoPSI2MCIgaGVpZ2h0PSI2MCIgLz4=[\/vc_raw_html]<div class=\"zozo-parallax-header\"><div class=\"parallax-header\"><h5 class=\"parallax-title text-center\">60<\/h5><div class=\"parallax-desc default-style text-center\"><p>Nationalit\u00e9s<\/p>\n<\/div><\/div><\/div>[\/vc_column_inner][vc_column_inner width=\u00a0\u00bb1\/6&Prime;][vc_round_chart type=\u00a0\u00bbdoughnut\u00a0\u00bb style=\u00a0\u00bbcustom\u00a0\u00bb stroke_width=\u00a0\u00bb0&Prime; legend=\u00a0\u00bb\u00a0\u00bb values=\u00a0\u00bb%5B%7B%22title%22%3A%22Hommes+%2855%25%29%22%2C%22value%22%3A%2255%22%2C%22color%22%3A%22blue%22%2C%22custom_color%22%3A%22%23b81b2f%22%7D%2C%7B%22title%22%3A%22Femmes+%2845%25%29%22%2C%22value%22%3A%2245%22%2C%22color%22%3A%22violet%22%2C%22custom_color%22%3A%22%2386a1cc%22%7D%5D\u00a0\u00bb css=\u00a0\u00bb.vc_custom_1641292699349{padding: 25px !important;}\u00a0\u00bb el_class=\u00a0\u00bbadfgasdfasd\u00a0\u00bb]<div class=\"zozo-features-list-wrapper vc-features-list\"><div class=\"features-list\"><div class=\"features-list-inner list-text-default\"><div class=\"features-icon\"><i class=\"fas fa-stop list-icon\" style=\"color:#86a1cc;font-size:20px;\"><\/i><\/div><div class=\"list-desc\"><p>Mujeres (45%)<\/p>\n<\/div><\/div><\/div><\/div><div class=\"zozo-features-list-wrapper vc-features-list\"><div class=\"features-list\"><div class=\"features-list-inner list-text-default\"><div class=\"features-icon\"><i class=\"fas fa-stop list-icon\" style=\"color:#b81b2f;font-size:20px;\"><\/i><\/div><div class=\"list-desc\"><p>Hombres (55%)<\/p>\n<\/div><\/div><\/div><\/div>[vc_column_text css=\u00a0\u00bb.vc_custom_1643908502725{margin-top: -10px !important;}\u00a0\u00bb]<\/p>\n<p style=\"text-align: center;\"><small>Moyenne d\u2019\u00e2ge: 41 ans<\/small><\/p>\n<p>[\/vc_column_text][\/vc_column_inner][\/vc_row_inner][\/vc_column][\/vc_row][vc_row center_row=\u00a0\u00bbyes\u00a0\u00bb css=\u00a0\u00bb.vc_custom_1642769684211{margin-bottom: -80px !important;}\u00a0\u00bb][vc_column][vc_column_text el_class=\u00a0\u00bbcert_nombre\u00a0\u00bb]<\/p>\n<h3 style=\"color: #000000; text-align: center;\">Sous la devise One Brand, One Team, One Goal, nous travaillons ensemble pour une \u00e9quipe, une entreprise et un monde meilleurs.<\/h3>\n<p>[\/vc_column_text][\/vc_column][\/vc_row][vc_row center_row=\u00a0\u00bbyes\u00a0\u00bb opn_row_gutter=\u00a0\u00bb50&Prime; el_id=\u00a0\u00bbfirstrow\u00a0\u00bb][vc_column width=\u00a0\u00bb1\/3&Prime;]<div class=\"zozo-parallax-header boxone brand\"><div class=\"parallax-header\"><h3 class=\"parallax-title text-left\">One <strong> Brand<\/strong><\/h3><div class=\"parallax-desc default-style text-left\"><p>Nos employ\u00e9s sont nos meilleurs ambassadeurs. Leurs actions doivent donc \u00eatre le reflet des valeurs de la marque dans toutes nos op\u00e9rations.<\/p>\n<\/div><\/div><\/div>[\/vc_column][vc_column width=\u00a0\u00bb1\/3&Prime;]<div class=\"zozo-parallax-header boxone team\"><div class=\"parallax-header\"><h3 class=\"parallax-title text-left\">One <strong> Team<\/strong><\/h3><div class=\"parallax-desc default-style text-left\"><p>Gr\u00e2ce au travail en \u00e9quipe, \u00e0 l\u2019attention mutuelle, \u00e0 l\u2019int\u00e9grit\u00e9, \u00e0 la transparence et \u00e0 la non-discrimination, tous nos employ\u00e9s sont int\u00e9gr\u00e9s dans une seule et unique \u00e9quipe Noatum.<\/p>\n<\/div><\/div><\/div>[\/vc_column][vc_column width=\u00a0\u00bb1\/3&Prime;]<div class=\"zozo-parallax-header boxone goal\"><div class=\"parallax-header\"><h3 class=\"parallax-title text-left\">One <strong> Goal<\/strong><\/h3><div class=\"parallax-desc default-style text-left\"><p>Gr\u00e2ce au travail en \u00e9quipe, \u00e0 l\u2019attention mutuelle, \u00e0 l\u2019int\u00e9grit\u00e9, \u00e0 la transparence et \u00e0 la non-discrimination, tous nos employ\u00e9s sont int\u00e9gr\u00e9s dans une seule et unique \u00e9quipe Noatum.<\/p>\n<\/div><\/div><\/div>[\/vc_column][\/vc_row][vc_row center_row=\u00a0\u00bbyes\u00a0\u00bb el_id=\u00a0\u00bbofertas\u00a0\u00bb][vc_column][vc_raw_html css=\u00a0\u00bb\u00a0\u00bb]JTNDaWZyYW1lJTIwc3JjJTNEJTIyaHR0cHMlM0ElMkYlMkZjYXJlZXJzLm5vYXR1bS5jb20lMkZqb2JzJTNGbG9jYWxlJTNEZnIlMjIlMjBzdHlsZSUzRCUyMmJvcmRlciUzQTBweCUyMCUyM2ZmZmZmZiUyMG5vbmUlM0IlMjIlMjBuYW1lJTNEJTIybXlpRnJhbWUlMjIlMjBzY3JvbGxpbmclM0QlMjJ5ZXMlMjIlMjBmcmFtZWJvcmRlciUzRCUyMjAlMjIlMjBtYXJnaW5oZWlnaHQlM0QlMjIwcHglMjIlMjBtYXJnaW53aWR0aCUzRCUyMjBweCUyMiUyMGhlaWdodCUzRCUyMjEwMDBweCUyMiUyMHdpZHRoJTNEJTIyMTAwJTI1JTIyJTIwYWxsb3dmdWxsc2NyZWVuJTNFJTNDJTJGaWZyYW1lJTNF[\/vc_raw_html][\/vc_column][\/vc_row][vc_row center_row=\u00a0\u00bbyes\u00a0\u00bb css=\u00a0\u00bb.vc_custom_1640280214713{background-image: url(https:\/\/www.noatum.com\/wp-content\/uploads\/2016\/06\/fondo-directorio.jpg?id=1359) !important;}\u00a0\u00bb][vc_column][vc_row_inner][vc_column_inner width=\u00a0\u00bb1\/6&Prime;][\/vc_column_inner][vc_column_inner width=\u00a0\u00bb2\/3&Prime; css=\u00a0\u00bb.vc_custom_1581092422658{margin-top: 70px !important;}\u00a0\u00bb][vc_column_text]<\/p>\n<p style=\"text-align: center;\"><span style=\"font-size: 30px;\">Aucune offre ne correspond \u00e0 votre profil ?<\/span><\/p>\n<p style=\"text-align: center;\">Si notre projet vous int\u00e9resse et que vous ne trouvez aucune offre correspondant \u00e0 votre profil, envoyez-nous votre CV. Nous vous contacterons d\u00e8s qu\u2019un poste requ\u00e9rant vos comp\u00e9tences sera disponible.<\/p>\n<p style=\"text-align: center;\">\u00c0 bient\u00f4t !<\/p>\n<p>[\/vc_column_text][vc_btn title=\u00a0\u00bbEnvoyer votre CV\u00a0\u00bb align=\u00a0\u00bbcenter\u00a0\u00bb link=\u00a0\u00bburl:https%3A%2F%2Fcareers.noatum.com%2Fjobs%2Funete-al-equipo-join-our-team|\u00a0\u00bb][\/vc_column_inner][vc_column_inner width=\u00a0\u00bb1\/6&Prime;][\/vc_column_inner][\/vc_row_inner][\/vc_column][\/vc_row]<\/p>\n<\/div>","protected":false},"excerpt":{"rendered":"<p>[vc_row center_row=\u00a0\u00bbyes\u00a0\u00bb css=\u00a0\u00bb.vc_custom_1475502988786{background-image: url(https:\/\/www.noatum.com\/wp-content\/uploads\/2016\/06\/fondo-directorio.jpg?id=1359) !important;background-position: center !important;background-repeat: no-repeat !important;background-size: cover !important;}\u00a0\u00bb][vc_column][vc_row_inner][vc_column_inner width=\u00a0\u00bb1\/3&Prime;][vc_column_text] Chez Noatum, nous sommes conscients que ce sont les personnes qui font la diff\u00e9rence. C\u2019est pourquoi nous pla\u00e7ons<\/p>\n","protected":false},"author":1,"featured_media":22845,"parent":0,"menu_order":0,"comment_status":"closed","ping_status":"closed","template":"template-fullwidth.php","meta":{"footnotes":""},"class_list":["post-22838","page","type-page","status-publish","has-post-thumbnail","hentry"],"yoast_head":"<!-- This site is optimized with the Yoast SEO plugin v27.4 - https:\/\/yoast.com\/product\/yoast-seo-wordpress\/ -->\n<title>Travailler chez Noatum : rejoignez notre \u00e9quipe<\/title>\n<meta name=\"description\" content=\"Notre politique de ressources humaines d&#039;entreprise offre des garanties de d\u00e9veloppement pour chacune des personnes qui font partie de Noatum.\" \/>\n<meta name=\"robots\" content=\"index, follow, max-snippet:-1, max-image-preview:large, max-video-preview:-1\" \/>\n<link rel=\"canonical\" href=\"https:\/\/www.noatum.com\/fr\/emploi\/\" \/>\n<meta property=\"og:locale\" content=\"fr_FR\" \/>\n<meta property=\"og:type\" content=\"article\" \/>\n<meta property=\"og:title\" content=\"Travailler chez Noatum : rejoignez notre \u00e9quipe\" \/>\n<meta property=\"og:description\" content=\"Chez Noatum, nous sommes conscients que ce sont les personnes qui font la diff\u00e9rence. C\u2019est pourquoi nous pla\u00e7ons nos \u00e9quipes au centre de toutes nos activit\u00e9s et de tous nos projets, actuels et futurs.\" \/>\n<meta property=\"og:url\" content=\"https:\/\/www.noatum.com\/fr\/emploi\/\" \/>\n<meta property=\"og:site_name\" content=\"Noatum\" \/>\n<meta property=\"article:modified_time\" content=\"2025-05-29T07:06:06+00:00\" \/>\n<meta property=\"og:image\" content=\"https:\/\/www.noatum.com\/wp-content\/uploads\/2016\/08\/Nuestra-manera-de-ser-Banner-FINAL2.jpg\" \/>\n<meta name=\"twitter:card\" content=\"summary_large_image\" \/>\n<meta name=\"twitter:title\" content=\"Travailler chez Noatum : rejoignez notre \u00e9quipe\" \/>\n<meta name=\"twitter:description\" content=\"Chez Noatum, nous sommes conscients que ce sont les personnes qui font la diff\u00e9rence. C\u2019est pourquoi nous pla\u00e7ons nos \u00e9quipes au centre de toutes nos activit\u00e9s et de tous nos projets, actuels et futurs.\" \/>\n<meta name=\"twitter:image\" content=\"https:\/\/www.noatum.com\/wp-content\/uploads\/2016\/08\/Nuestra-manera-de-ser-Banner-FINAL2.jpg\" \/>\n<meta name=\"twitter:label1\" content=\"Dur\u00e9e de lecture estim\u00e9e\" \/>\n\t<meta name=\"twitter:data1\" content=\"4 minutes\" \/>\n<script type=\"application\/ld+json\" class=\"yoast-schema-graph\">{\"@context\":\"https:\\\/\\\/schema.org\",\"@graph\":[{\"@type\":\"WebPage\",\"@id\":\"https:\\\/\\\/www.noatum.com\\\/fr\\\/emploi\\\/\",\"url\":\"https:\\\/\\\/www.noatum.com\\\/fr\\\/emploi\\\/\",\"name\":\"Travailler chez Noatum : rejoignez notre \u00e9quipe\",\"isPartOf\":{\"@id\":\"https:\\\/\\\/www.noatum.com\\\/#website\"},\"primaryImageOfPage\":{\"@id\":\"https:\\\/\\\/www.noatum.com\\\/fr\\\/emploi\\\/#primaryimage\"},\"image\":{\"@id\":\"https:\\\/\\\/www.noatum.com\\\/fr\\\/emploi\\\/#primaryimage\"},\"thumbnailUrl\":\"https:\\\/\\\/www.noatum.com\\\/wp-content\\\/uploads\\\/2021\\\/12\\\/noatum-careers-empleo.jpg\",\"datePublished\":\"2021-12-23T17:26:01+00:00\",\"dateModified\":\"2025-05-29T07:06:06+00:00\",\"description\":\"Notre politique de ressources humaines d'entreprise offre des garanties de d\u00e9veloppement pour chacune des personnes qui font partie de Noatum.\",\"breadcrumb\":{\"@id\":\"https:\\\/\\\/www.noatum.com\\\/fr\\\/emploi\\\/#breadcrumb\"},\"inLanguage\":\"fr-FR\",\"potentialAction\":[{\"@type\":\"ReadAction\",\"target\":[\"https:\\\/\\\/www.noatum.com\\\/fr\\\/emploi\\\/\"]}]},{\"@type\":\"ImageObject\",\"inLanguage\":\"fr-FR\",\"@id\":\"https:\\\/\\\/www.noatum.com\\\/fr\\\/emploi\\\/#primaryimage\",\"url\":\"https:\\\/\\\/www.noatum.com\\\/wp-content\\\/uploads\\\/2021\\\/12\\\/noatum-careers-empleo.jpg\",\"contentUrl\":\"https:\\\/\\\/www.noatum.com\\\/wp-content\\\/uploads\\\/2021\\\/12\\\/noatum-careers-empleo.jpg\",\"width\":2362,\"height\":700},{\"@type\":\"BreadcrumbList\",\"@id\":\"https:\\\/\\\/www.noatum.com\\\/fr\\\/emploi\\\/#breadcrumb\",\"itemListElement\":[{\"@type\":\"ListItem\",\"position\":1,\"name\":\"Portada\",\"item\":\"https:\\\/\\\/www.noatum.com\\\/fr\\\/\"},{\"@type\":\"ListItem\",\"position\":2,\"name\":\"Emploi Noatum\"}]},{\"@type\":\"WebSite\",\"@id\":\"https:\\\/\\\/www.noatum.com\\\/#website\",\"url\":\"https:\\\/\\\/www.noatum.com\\\/\",\"name\":\"Noatum\",\"description\":\"Excelencia en Servicios Mar\u00edtimos, Log\u00edsticos y Portuarios\",\"potentialAction\":[{\"@type\":\"SearchAction\",\"target\":{\"@type\":\"EntryPoint\",\"urlTemplate\":\"https:\\\/\\\/www.noatum.com\\\/?s={search_term_string}\"},\"query-input\":{\"@type\":\"PropertyValueSpecification\",\"valueRequired\":true,\"valueName\":\"search_term_string\"}}],\"inLanguage\":\"fr-FR\"}]}<\/script>\n<!-- \/ Yoast SEO plugin. -->","yoast_head_json":{"title":"Travailler chez Noatum : rejoignez notre \u00e9quipe","description":"Notre politique de ressources humaines d'entreprise offre des garanties de d\u00e9veloppement pour chacune des personnes qui font partie de Noatum.","robots":{"index":"index","follow":"follow","max-snippet":"max-snippet:-1","max-image-preview":"max-image-preview:large","max-video-preview":"max-video-preview:-1"},"canonical":"https:\/\/www.noatum.com\/fr\/emploi\/","og_locale":"fr_FR","og_type":"article","og_title":"Travailler chez Noatum : rejoignez notre \u00e9quipe","og_description":"Chez Noatum, nous sommes conscients que ce sont les personnes qui font la diff\u00e9rence. C\u2019est pourquoi nous pla\u00e7ons nos \u00e9quipes au centre de toutes nos activit\u00e9s et de tous nos projets, actuels et futurs.","og_url":"https:\/\/www.noatum.com\/fr\/emploi\/","og_site_name":"Noatum","article_modified_time":"2025-05-29T07:06:06+00:00","og_image":[{"url":"https:\/\/www.noatum.com\/wp-content\/uploads\/2016\/08\/Nuestra-manera-de-ser-Banner-FINAL2.jpg","type":"","width":"","height":""}],"twitter_card":"summary_large_image","twitter_title":"Travailler chez Noatum : rejoignez notre \u00e9quipe","twitter_description":"Chez Noatum, nous sommes conscients que ce sont les personnes qui font la diff\u00e9rence. C\u2019est pourquoi nous pla\u00e7ons nos \u00e9quipes au centre de toutes nos activit\u00e9s et de tous nos projets, actuels et futurs.","twitter_image":"https:\/\/www.noatum.com\/wp-content\/uploads\/2016\/08\/Nuestra-manera-de-ser-Banner-FINAL2.jpg","twitter_misc":{"Dur\u00e9e de lecture estim\u00e9e":"4 minutes"},"schema":{"@context":"https:\/\/schema.org","@graph":[{"@type":"WebPage","@id":"https:\/\/www.noatum.com\/fr\/emploi\/","url":"https:\/\/www.noatum.com\/fr\/emploi\/","name":"Travailler chez Noatum : rejoignez notre \u00e9quipe","isPartOf":{"@id":"https:\/\/www.noatum.com\/#website"},"primaryImageOfPage":{"@id":"https:\/\/www.noatum.com\/fr\/emploi\/#primaryimage"},"image":{"@id":"https:\/\/www.noatum.com\/fr\/emploi\/#primaryimage"},"thumbnailUrl":"https:\/\/www.noatum.com\/wp-content\/uploads\/2021\/12\/noatum-careers-empleo.jpg","datePublished":"2021-12-23T17:26:01+00:00","dateModified":"2025-05-29T07:06:06+00:00","description":"Notre politique de ressources humaines d'entreprise offre des garanties de d\u00e9veloppement pour chacune des personnes qui font partie de Noatum.","breadcrumb":{"@id":"https:\/\/www.noatum.com\/fr\/emploi\/#breadcrumb"},"inLanguage":"fr-FR","potentialAction":[{"@type":"ReadAction","target":["https:\/\/www.noatum.com\/fr\/emploi\/"]}]},{"@type":"ImageObject","inLanguage":"fr-FR","@id":"https:\/\/www.noatum.com\/fr\/emploi\/#primaryimage","url":"https:\/\/www.noatum.com\/wp-content\/uploads\/2021\/12\/noatum-careers-empleo.jpg","contentUrl":"https:\/\/www.noatum.com\/wp-content\/uploads\/2021\/12\/noatum-careers-empleo.jpg","width":2362,"height":700},{"@type":"BreadcrumbList","@id":"https:\/\/www.noatum.com\/fr\/emploi\/#breadcrumb","itemListElement":[{"@type":"ListItem","position":1,"name":"Portada","item":"https:\/\/www.noatum.com\/fr\/"},{"@type":"ListItem","position":2,"name":"Emploi Noatum"}]},{"@type":"WebSite","@id":"https:\/\/www.noatum.com\/#website","url":"https:\/\/www.noatum.com\/","name":"Noatum","description":"Excelencia en Servicios Mar\u00edtimos, Log\u00edsticos y Portuarios","potentialAction":[{"@type":"SearchAction","target":{"@type":"EntryPoint","urlTemplate":"https:\/\/www.noatum.com\/?s={search_term_string}"},"query-input":{"@type":"PropertyValueSpecification","valueRequired":true,"valueName":"search_term_string"}}],"inLanguage":"fr-FR"}]}},"_links":{"self":[{"href":"https:\/\/www.noatum.com\/fr\/wp-json\/wp\/v2\/pages\/22838","targetHints":{"allow":["GET"]}}],"collection":[{"href":"https:\/\/www.noatum.com\/fr\/wp-json\/wp\/v2\/pages"}],"about":[{"href":"https:\/\/www.noatum.com\/fr\/wp-json\/wp\/v2\/types\/page"}],"author":[{"embeddable":true,"href":"https:\/\/www.noatum.com\/fr\/wp-json\/wp\/v2\/users\/1"}],"replies":[{"embeddable":true,"href":"https:\/\/www.noatum.com\/fr\/wp-json\/wp\/v2\/comments?post=22838"}],"version-history":[{"count":26,"href":"https:\/\/www.noatum.com\/fr\/wp-json\/wp\/v2\/pages\/22838\/revisions"}],"predecessor-version":[{"id":33971,"href":"https:\/\/www.noatum.com\/fr\/wp-json\/wp\/v2\/pages\/22838\/revisions\/33971"}],"wp:featuredmedia":[{"embeddable":true,"href":"https:\/\/www.noatum.com\/fr\/wp-json\/wp\/v2\/media\/22845"}],"wp:attachment":[{"href":"https:\/\/www.noatum.com\/fr\/wp-json\/wp\/v2\/media?parent=22838"}],"curies":[{"name":"wp","href":"https:\/\/api.w.org\/{rel}","templated":true}]}}