{"id":22219,"date":"2021-09-13T13:55:37","date_gmt":"2021-09-13T12:55:37","guid":{"rendered":"https:\/\/www.noatum.com\/?page_id=22219"},"modified":"2024-11-13T11:44:04","modified_gmt":"2024-11-13T10:44:04","slug":"ethique-et-politiques-dentreprise-2","status":"publish","type":"page","link":"https:\/\/www.noatum.com\/fr\/ethique-et-politiques-dentreprise-2\/","title":{"rendered":"\u00c9thique et politiques d&rsquo;entreprise"},"content":{"rendered":"<div class=\"wpb-content-wrapper\"><p>[vc_row css=\u00a0\u00bb.vc_custom_1631549207855{margin: 0px !important;padding: 0px !important;}\u00a0\u00bb][vc_column]<div class=\"zozo-parallax-header\"><div class=\"parallax-header\"><h4 class=\"parallax-title text-center\">\u00c9thique et politiques d'entreprise<\/h4><div class=\"parallax-desc default-style text-center\"><p>Cliquez sur l&rsquo;image pour visualiser le document.<\/p>\n<\/div><\/div><\/div>[\/vc_column][\/vc_row][vc_row match_height=\u00a0\u00bbyes\u00a0\u00bb][vc_column width=\u00a0\u00bb1\/3&Prime;]<div class=\"zozo-parallax-header\"><div class=\"parallax-header\"><h5 class=\"parallax-title text-left\">Politique de Gestion<\/h5><\/div><\/div><div id=\"modal-trg-txt-wrap-8252\" class=\"ult-modal-input-wrapper ult-adjust-bottom-margin    \" data-keypress-control=\"keypress-control-enable\" data-overlay-control=\"overlay-control-enable\"><img decoding=\"async\" tabindex=\"0\" src=\"https:\/\/www.noatum.com\/wp-content\/uploads\/2023\/06\/Management_Policy_EN.jpg\" alt=\"null\" data-class-id=\"content-69eb22337f9956-36471767\" class=\"ult-modal-img overlay-show ult-align-center ult-modal-image-\" data-overlay-class=\"overlay-zoomin\"\/><\/div>\n<div class=\"ult-overlay content-69eb22337f9956-36471767 \" data-class=\"content-69eb22337f9956-36471767\" id=\"button-click-overlay\" style=\"background:rgba(119,119,119,1); display:none;\">\n\t<div class=\"ult_modal ult-fade ult-medium\">\n\t\t<div id=\"ult-modal-wrap-5316\" class=\"ult_modal-content ult-hide\" style=\"border-style:solid;border-width:2px;border-radius:0px;border-color:#333333;\">\n\t\t\t<div  data-ultimate-target='#ult-modal-wrap-5316 .ult_modal-body'  data-responsive-json-new='{\"font-size\":\"\",\"line-height\":\"\"}'  class=\"ult_modal-body ult-responsive ult-html\" style=\"\">\n\t\t\t<div class=\"_df_book df-lite\" id=\"df_22201\"  _slug=\"politique-de-gestion\" data-title=\"politique-de-gestion\" wpoptions=\"true\" thumb=\"https:\/\/www.noatum.com\/wp-content\/uploads\/2023\/06\/Management_Policy_EN-1.pdf\" thumbtype=\"\" ><\/div><script class=\"df-shortcode-script\" nowprocket type=\"application\/javascript\">window.option_df_22201 = {\"outline\":[],\"autoEnableOutline\":\"false\",\"autoEnableThumbnail\":\"false\",\"overwritePDFOutline\":\"false\",\"enableDownload\":\"false\",\"direction\":\"1\",\"pageSize\":\"0\",\"source\":\"https:\\\/\\\/www.noatum.com\\\/wp-content\\\/uploads\\\/2023\\\/06\\\/Management_Policy_EN-1.pdf\",\"wpOptions\":\"true\"}; if(window.DFLIP && window.DFLIP.parseBooks){window.DFLIP.parseBooks();}<\/script>\n\t\t\t<\/div>\n\t<\/div>\n\t<\/div>\n\t<div class=\"ult-overlay-close top-right\" style=\"width:20px;height:20px; background-color: #dd3333;border-radius: 50%;padding:10px;box-sizing: content-box;\"><div class=\"ult-overlay-close-inside\">Close<\/div><\/div>\n<\/div>[\/vc_column][vc_column width=\u00a0\u00bb1\/3&Prime;]<div class=\"zozo-parallax-header\"><div class=\"parallax-header\"><h5 class=\"parallax-title text-left\">Code \u00c9thique<\/h5><\/div><\/div><div id=\"modal-trg-txt-wrap-4193\" class=\"ult-modal-input-wrapper ult-adjust-bottom-margin    \" data-keypress-control=\"keypress-control-enable\" data-overlay-control=\"overlay-control-enable\"><img decoding=\"async\" tabindex=\"0\" src=\"https:\/\/www.noatum.com\/wp-content\/uploads\/2021\/09\/codeofethics.jpg\" alt=\"null\" data-class-id=\"content-69eb22337ffba1-28525722\" class=\"ult-modal-img overlay-show ult-align-center ult-modal-image-\" data-overlay-class=\"overlay-zoomin\"\/><\/div>\n<div class=\"ult-overlay content-69eb22337ffba1-28525722 \" data-class=\"content-69eb22337ffba1-28525722\" id=\"button-click-overlay\" style=\"background:rgba(51,51,51,0.8); display:none;\">\n\t<div class=\"ult_modal ult-fade ult-medium\">\n\t\t<div id=\"ult-modal-wrap-4763\" class=\"ult_modal-content ult-hide\" style=\"border-style:solid;border-width:2px;border-radius:0px;border-color:#333333;\">\n\t\t\t<div  data-ultimate-target='#ult-modal-wrap-4763 .ult_modal-body'  data-responsive-json-new='{\"font-size\":\"\",\"line-height\":\"\"}'  class=\"ult_modal-body ult-responsive ult-html\" style=\"\">\n\t\t\t<div class=\"_df_book df-lite\" id=\"df_22089\"  _slug=\"code-ethique\" data-title=\"code-ethique\" wpoptions=\"true\" thumb=\"https:\/\/www.noatum.com\/wp-content\/uploads\/2023\/06\/Noatum_Code_of_Ethics_EN_2023-1.pdf\" thumbtype=\"\" ><\/div><script class=\"df-shortcode-script\" nowprocket type=\"application\/javascript\">window.option_df_22089 = {\"outline\":[],\"autoEnableOutline\":\"false\",\"autoEnableThumbnail\":\"false\",\"overwritePDFOutline\":\"false\",\"direction\":\"1\",\"pageSize\":\"0\",\"source\":\"https:\\\/\\\/www.noatum.com\\\/wp-content\\\/uploads\\\/2025\\\/01\\\/Noatum_Code_of_Ethics_EN_2025.pdf\",\"wpOptions\":\"true\"}; if(window.DFLIP && window.DFLIP.parseBooks){window.DFLIP.parseBooks();}<\/script>\n\t\t\t<\/div>\n\t<\/div>\n\t<\/div>\n\t<div class=\"ult-overlay-close top-right\" style=\"width:20px;height:20px; background-color: #dd3333;border-radius: 50%;padding:10px;box-sizing: content-box;\"><div class=\"ult-overlay-close-inside\">Close<\/div><\/div>\n<\/div>[\/vc_column][\/vc_row][vc_row full_width=\u00a0\u00bbstretch_row\u00a0\u00bb match_height=\u00a0\u00bbyes\u00a0\u00bb css=\u00a0\u00bb.vc_custom_1631549182938{background-color: #f7f7f7 !important;}\u00a0\u00bb][vc_column width=\u00a0\u00bb1\/3&Prime;]<div class=\"zozo-parallax-header\"><div class=\"parallax-header\"><h5 class=\"parallax-title text-left\">DINF 2020<\/h5><\/div><\/div>[vc_single_image image=\u00a0\u00bb22195&Prime; img_size=\u00a0\u00bbfull\u00a0\u00bb style=\u00a0\u00bbvc_box_shadow_3d\u00a0\u00bb onclick=\u00a0\u00bbcustom_link\u00a0\u00bb img_link_target=\u00a0\u00bb_blank\u00a0\u00bb link=\u00a0\u00bbhttps:\/\/www.noatum.com\/wp-content\/uploads\/2021\/09\/ENG-EINF-2020-NOATUM-FINAL-vEY.pdf\u00a0\u00bb][\/vc_column][vc_column width=\u00a0\u00bb1\/3&Prime;]<div class=\"zozo-parallax-header\"><div class=\"parallax-header\"><h5 class=\"parallax-title text-left\">DINF 2021<\/h5><\/div><\/div>[vc_single_image image=\u00a0\u00bb28232&Prime; img_size=\u00a0\u00bbfull\u00a0\u00bb style=\u00a0\u00bbvc_box_shadow_3d\u00a0\u00bb onclick=\u00a0\u00bbcustom_link\u00a0\u00bb img_link_target=\u00a0\u00bb_blank\u00a0\u00bb link=\u00a0\u00bbhttps:\/\/www.noatum.com\/wp-content\/uploads\/2022\/07\/sustainability-report-noatum-2021.pdf\u00a0\u00bb][\/vc_column][vc_column width=\u00a0\u00bb1\/3&Prime;]<div class=\"zozo-parallax-header\"><div class=\"parallax-header\"><h5 class=\"parallax-title text-left\">DINF 2022<\/h5><\/div><\/div>[vc_single_image image=\u00a0\u00bb30171&Prime; img_size=\u00a0\u00bbfull\u00a0\u00bb style=\u00a0\u00bbvc_box_shadow_3d\u00a0\u00bb onclick=\u00a0\u00bbcustom_link\u00a0\u00bb img_link_target=\u00a0\u00bb_blank\u00a0\u00bb link=\u00a0\u00bbhttps:\/\/www.noatum.com\/wp-content\/uploads\/2023\/07\/NOATUM_NFS_en_2022.pdf\u00a0\u00bb][\/vc_column][\/vc_row][vc_row full_width=\u00a0\u00bbstretch_row\u00a0\u00bb match_height=\u00a0\u00bbyes\u00a0\u00bb][vc_column width=\u00a0\u00bb1\/3&Prime;]<div class=\"zozo-parallax-header\"><div class=\"parallax-header\"><h5 class=\"parallax-title text-left\">Politique de Sant\u00e9 et S\u00e9curit\u00e9<\/h5><\/div><\/div><div id=\"modal-trg-txt-wrap-6031\" class=\"ult-modal-input-wrapper ult-adjust-bottom-margin    \" data-keypress-control=\"keypress-control-enable\" data-overlay-control=\"overlay-control-enable\"><img decoding=\"async\" tabindex=\"0\" src=\"https:\/\/www.noatum.com\/wp-content\/uploads\/2024\/11\/Noatum_HSW-Policy_EN.jpg\" alt=\"null\" data-class-id=\"content-69eb2233805cf6-43439420\" class=\"ult-modal-img overlay-show ult-align-center ult-modal-image-\" data-overlay-class=\"overlay-zoomin\"\/><\/div>\n<div class=\"ult-overlay content-69eb2233805cf6-43439420 \" data-class=\"content-69eb2233805cf6-43439420\" id=\"button-click-overlay\" style=\"background:rgba(51,51,51,0.8); display:none;\">\n\t<div class=\"ult_modal ult-fade ult-medium\">\n\t\t<div id=\"ult-modal-wrap-5171\" class=\"ult_modal-content ult-hide\" style=\"border-style:solid;border-width:2px;border-radius:0px;border-color:#333333;\">\n\t\t\t<div  data-ultimate-target='#ult-modal-wrap-5171 .ult_modal-body'  data-responsive-json-new='{\"font-size\":\"\",\"line-height\":\"\"}'  class=\"ult_modal-body ult-responsive ult-html\" style=\"\">\n\t\t\t<div class=\"_df_book df-lite\" id=\"df_22205\"  _slug=\"politique-de-sante-et-securite\" data-title=\"politique-de-sante-et-securite\" wpoptions=\"true\" thumb=\"https:\/\/www.noatum.com\/wp-content\/uploads\/2024\/11\/Noatum_HSW-Policy_EN.pdf\" thumbtype=\"\" ><\/div><script class=\"df-shortcode-script\" nowprocket type=\"application\/javascript\">window.option_df_22205 = {\"outline\":[],\"autoEnableOutline\":\"false\",\"autoEnableThumbnail\":\"false\",\"overwritePDFOutline\":\"false\",\"enableDownload\":\"false\",\"direction\":\"1\",\"pageSize\":\"0\",\"source\":\"https:\\\/\\\/www.noatum.com\\\/wp-content\\\/uploads\\\/2024\\\/11\\\/Noatum_HSW-Policy_EN.pdf\",\"wpOptions\":\"true\"}; if(window.DFLIP && window.DFLIP.parseBooks){window.DFLIP.parseBooks();}<\/script>\n\t\t\t<\/div>\n\t<\/div>\n\t<\/div>\n\t<div class=\"ult-overlay-close top-right\" style=\"width:20px;height:20px; background-color: #dd3333;border-radius: 50%;padding:10px;box-sizing: content-box;\"><div class=\"ult-overlay-close-inside\">Close<\/div><\/div>\n<\/div>[\/vc_column][vc_column width=\u00a0\u00bb1\/3&Prime;]<div class=\"zozo-parallax-header\"><div class=\"parallax-header\"><h5 class=\"parallax-title text-left\">Politique Environnementale<\/h5><\/div><\/div><div id=\"modal-trg-txt-wrap-3452\" class=\"ult-modal-input-wrapper ult-adjust-bottom-margin    \" data-keypress-control=\"keypress-control-enable\" data-overlay-control=\"overlay-control-enable\"><img decoding=\"async\" tabindex=\"0\" src=\"https:\/\/www.noatum.com\/wp-content\/uploads\/2023\/06\/Noatum_Environmental_Policy_EN.jpg\" alt=\"null\" data-class-id=\"content-69eb223380b289-73539208\" class=\"ult-modal-img overlay-show ult-align-center ult-modal-image-\" data-overlay-class=\"overlay-zoomin\"\/><\/div>\n<div class=\"ult-overlay content-69eb223380b289-73539208 \" data-class=\"content-69eb223380b289-73539208\" id=\"button-click-overlay\" style=\"background:rgba(119,119,119,1); display:none;\">\n\t<div class=\"ult_modal ult-fade ult-medium\">\n\t\t<div id=\"ult-modal-wrap-3405\" class=\"ult_modal-content ult-hide\" style=\"border-style:solid;border-width:2px;border-radius:0px;border-color:#333333;\">\n\t\t\t<div  data-ultimate-target='#ult-modal-wrap-3405 .ult_modal-body'  data-responsive-json-new='{\"font-size\":\"\",\"line-height\":\"\"}'  class=\"ult_modal-body ult-responsive ult-html\" style=\"\">\n\t\t\t<div class=\"_df_book df-lite\" id=\"df_22209\"  _slug=\"politique-environnementale\" data-title=\"politique-environnementale\" wpoptions=\"true\" thumb=\"https:\/\/www.noatum.com\/wp-content\/uploads\/2023\/06\/Noatum_Environmental_Policy_EN.pdf\" thumbtype=\"\" ><\/div><script class=\"df-shortcode-script\" nowprocket type=\"application\/javascript\">window.option_df_22209 = {\"outline\":[],\"autoEnableOutline\":\"false\",\"autoEnableThumbnail\":\"false\",\"overwritePDFOutline\":\"false\",\"enableDownload\":\"false\",\"direction\":\"1\",\"pageSize\":\"0\",\"source\":\"https:\\\/\\\/www.noatum.com\\\/wp-content\\\/uploads\\\/2023\\\/06\\\/Noatum_Environmental_Policy_EN.pdf\",\"wpOptions\":\"true\"}; if(window.DFLIP && window.DFLIP.parseBooks){window.DFLIP.parseBooks();}<\/script>\n\t\t\t<\/div>\n\t<\/div>\n\t<\/div>\n\t<div class=\"ult-overlay-close top-right\" style=\"width:20px;height:20px; background-color: #dd3333;border-radius: 50%;padding:10px;box-sizing: content-box;\"><div class=\"ult-overlay-close-inside\">Close<\/div><\/div>\n<\/div>[\/vc_column][vc_column width=\u00a0\u00bb1\/3&Prime;]<div class=\"zozo-parallax-header\"><div class=\"parallax-header\"><h5 class=\"parallax-title text-left\">Politique \u00e9nerg\u00e9tique<\/h5><\/div><\/div><div id=\"modal-trg-txt-wrap-9007\" class=\"ult-modal-input-wrapper ult-adjust-bottom-margin    \" data-keypress-control=\"keypress-control-enable\" data-overlay-control=\"overlay-control-enable\"><img decoding=\"async\" tabindex=\"0\" src=\"https:\/\/www.noatum.com\/wp-content\/uploads\/2022\/01\/NTSagunto-Energy-policy.jpg\" alt=\"null\" data-class-id=\"content-69eb2233810749-71635940\" class=\"ult-modal-img overlay-show ult-align-center ult-modal-image-\" data-overlay-class=\"overlay-zoomin\"\/><\/div>\n<div class=\"ult-overlay content-69eb2233810749-71635940 \" data-class=\"content-69eb2233810749-71635940\" id=\"button-click-overlay\" style=\"background:rgba(119,119,119,1); display:none;\">\n\t<div class=\"ult_modal ult-fade ult-medium\">\n\t\t<div id=\"ult-modal-wrap-5349\" class=\"ult_modal-content ult-hide\" style=\"border-style:solid;border-width:2px;border-radius:0px;border-color:#333333;\">\n\t\t\t<div  data-ultimate-target='#ult-modal-wrap-5349 .ult_modal-body'  data-responsive-json-new='{\"font-size\":\"\",\"line-height\":\"\"}'  class=\"ult_modal-body ult-responsive ult-html\" style=\"\">\n\t\t\t<div class=\"_df_book df-lite\" id=\"df_27636\"  _slug=\"energy-policy-noatum-terminal-sagunto\" data-title=\"energy-policy-noatum-terminal-sagunto\" wpoptions=\"true\" thumb=\"https:\/\/www.noatum.com\/wp-content\/uploads\/2022\/01\/NTSagunto-Energy-policy.jpg\" thumbtype=\"\" ><\/div><script class=\"df-shortcode-script\" nowprocket type=\"application\/javascript\">window.option_df_27636 = {\"outline\":[],\"autoEnableOutline\":\"false\",\"autoEnableThumbnail\":\"false\",\"overwritePDFOutline\":\"false\",\"direction\":\"1\",\"pageSize\":\"0\",\"source\":\"https:\\\/\\\/www.noatum.com\\\/wp-content\\\/uploads\\\/2022\\\/01\\\/NTSagunto-Energy-policy.pdf\",\"wpOptions\":\"true\"}; if(window.DFLIP && window.DFLIP.parseBooks){window.DFLIP.parseBooks();}<\/script>\n\t\t\t<\/div>\n\t<\/div>\n\t<\/div>\n\t<div class=\"ult-overlay-close top-right\" style=\"width:20px;height:20px; background-color: #dd3333;border-radius: 50%;padding:10px;box-sizing: content-box;\"><div class=\"ult-overlay-close-inside\">Close<\/div><\/div>\n<\/div>[\/vc_column][\/vc_row][vc_row][vc_column][\/vc_column][\/vc_row]<\/p>\n<\/div>","protected":false},"excerpt":{"rendered":"<p>[vc_row css=\u00a0\u00bb.vc_custom_1631549207855{margin: 0px !important;padding: 0px !important;}\u00a0\u00bb][vc_column][\/vc_column][\/vc_row][vc_row match_height=\u00a0\u00bbyes\u00a0\u00bb][vc_column width=\u00a0\u00bb1\/3&Prime;][\/vc_column][vc_column width=\u00a0\u00bb1\/3&Prime;][\/vc_column][\/vc_row][vc_row full_width=\u00a0\u00bbstretch_row\u00a0\u00bb match_height=\u00a0\u00bbyes\u00a0\u00bb css=\u00a0\u00bb.vc_custom_1631549182938{background-color: #f7f7f7 !important;}\u00a0\u00bb][vc_column width=\u00a0\u00bb1\/3&Prime;][vc_single_image image=\u00a0\u00bb22195&Prime; img_size=\u00a0\u00bbfull\u00a0\u00bb style=\u00a0\u00bbvc_box_shadow_3d\u00a0\u00bb onclick=\u00a0\u00bbcustom_link\u00a0\u00bb img_link_target=\u00a0\u00bb_blank\u00a0\u00bb link=\u00a0\u00bbhttps:\/\/www.noatum.com\/wp-content\/uploads\/2021\/09\/ENG-EINF-2020-NOATUM-FINAL-vEY.pdf\u00a0\u00bb][\/vc_column][vc_column width=\u00a0\u00bb1\/3&Prime;][vc_single_image image=\u00a0\u00bb28232&Prime; img_size=\u00a0\u00bbfull\u00a0\u00bb style=\u00a0\u00bbvc_box_shadow_3d\u00a0\u00bb onclick=\u00a0\u00bbcustom_link\u00a0\u00bb img_link_target=\u00a0\u00bb_blank\u00a0\u00bb link=\u00a0\u00bbhttps:\/\/www.noatum.com\/wp-content\/uploads\/2022\/07\/sustainability-report-noatum-2021.pdf\u00a0\u00bb][\/vc_column][vc_column width=\u00a0\u00bb1\/3&Prime;][vc_single_image image=\u00a0\u00bb30171&Prime;<\/p>\n","protected":false},"author":1,"featured_media":0,"parent":0,"menu_order":0,"comment_status":"closed","ping_status":"closed","template":"","meta":{"footnotes":""},"class_list":["post-22219","page","type-page","status-publish","hentry"],"yoast_head":"<!-- This site is optimized with the Yoast SEO plugin v27.4 - https:\/\/yoast.com\/product\/yoast-seo-wordpress\/ -->\n<title>\u00c9thique et politiques d&#039;entreprise - Noatum<\/title>\n<meta name=\"description\" content=\"Engagements et politiques en mati\u00e8re d&#039;\u00e9thique et de durabilit\u00e9, qui guident le travail effectu\u00e9 au sein du groupe Noatum.\" \/>\n<meta name=\"robots\" content=\"index, follow, max-snippet:-1, max-image-preview:large, max-video-preview:-1\" \/>\n<link rel=\"canonical\" href=\"https:\/\/www.noatum.com\/fr\/ethique-et-politiques-dentreprise-2\/\" \/>\n<meta property=\"og:locale\" content=\"fr_FR\" \/>\n<meta property=\"og:type\" content=\"article\" \/>\n<meta property=\"og:title\" content=\"\u00c9thique et politiques d&#039;entreprise - Noatum\" \/>\n<meta property=\"og:description\" content=\"Engagements et politiques en mati\u00e8re d&#039;\u00e9thique et de durabilit\u00e9, qui guident le travail effectu\u00e9 au sein du groupe Noatum.\" \/>\n<meta property=\"og:url\" content=\"https:\/\/www.noatum.com\/fr\/ethique-et-politiques-dentreprise-2\/\" \/>\n<meta property=\"og:site_name\" content=\"Noatum\" \/>\n<meta property=\"article:modified_time\" content=\"2024-11-13T10:44:04+00:00\" \/>\n<meta name=\"twitter:card\" content=\"summary_large_image\" \/>\n<meta name=\"twitter:label1\" content=\"Dur\u00e9e de lecture estim\u00e9e\" \/>\n\t<meta name=\"twitter:data1\" content=\"2 minutes\" \/>\n<script type=\"application\/ld+json\" class=\"yoast-schema-graph\">{\"@context\":\"https:\\\/\\\/schema.org\",\"@graph\":[{\"@type\":\"WebPage\",\"@id\":\"https:\\\/\\\/www.noatum.com\\\/fr\\\/ethique-et-politiques-dentreprise-2\\\/\",\"url\":\"https:\\\/\\\/www.noatum.com\\\/fr\\\/ethique-et-politiques-dentreprise-2\\\/\",\"name\":\"\u00c9thique et politiques d'entreprise - Noatum\",\"isPartOf\":{\"@id\":\"https:\\\/\\\/www.noatum.com\\\/#website\"},\"datePublished\":\"2021-09-13T12:55:37+00:00\",\"dateModified\":\"2024-11-13T10:44:04+00:00\",\"description\":\"Engagements et politiques en mati\u00e8re d'\u00e9thique et de durabilit\u00e9, qui guident le travail effectu\u00e9 au sein du groupe Noatum.\",\"breadcrumb\":{\"@id\":\"https:\\\/\\\/www.noatum.com\\\/fr\\\/ethique-et-politiques-dentreprise-2\\\/#breadcrumb\"},\"inLanguage\":\"fr-FR\",\"potentialAction\":[{\"@type\":\"ReadAction\",\"target\":[\"https:\\\/\\\/www.noatum.com\\\/fr\\\/ethique-et-politiques-dentreprise-2\\\/\"]}]},{\"@type\":\"BreadcrumbList\",\"@id\":\"https:\\\/\\\/www.noatum.com\\\/fr\\\/ethique-et-politiques-dentreprise-2\\\/#breadcrumb\",\"itemListElement\":[{\"@type\":\"ListItem\",\"position\":1,\"name\":\"Portada\",\"item\":\"https:\\\/\\\/www.noatum.com\\\/fr\\\/\"},{\"@type\":\"ListItem\",\"position\":2,\"name\":\"\u00c9thique et politiques d&#8217;entreprise\"}]},{\"@type\":\"WebSite\",\"@id\":\"https:\\\/\\\/www.noatum.com\\\/#website\",\"url\":\"https:\\\/\\\/www.noatum.com\\\/\",\"name\":\"Noatum\",\"description\":\"Excelencia en Servicios Mar\u00edtimos, Log\u00edsticos y Portuarios\",\"potentialAction\":[{\"@type\":\"SearchAction\",\"target\":{\"@type\":\"EntryPoint\",\"urlTemplate\":\"https:\\\/\\\/www.noatum.com\\\/?s={search_term_string}\"},\"query-input\":{\"@type\":\"PropertyValueSpecification\",\"valueRequired\":true,\"valueName\":\"search_term_string\"}}],\"inLanguage\":\"fr-FR\"}]}<\/script>\n<!-- \/ Yoast SEO plugin. -->","yoast_head_json":{"title":"\u00c9thique et politiques d'entreprise - Noatum","description":"Engagements et politiques en mati\u00e8re d'\u00e9thique et de durabilit\u00e9, qui guident le travail effectu\u00e9 au sein du groupe Noatum.","robots":{"index":"index","follow":"follow","max-snippet":"max-snippet:-1","max-image-preview":"max-image-preview:large","max-video-preview":"max-video-preview:-1"},"canonical":"https:\/\/www.noatum.com\/fr\/ethique-et-politiques-dentreprise-2\/","og_locale":"fr_FR","og_type":"article","og_title":"\u00c9thique et politiques d'entreprise - Noatum","og_description":"Engagements et politiques en mati\u00e8re d'\u00e9thique et de durabilit\u00e9, qui guident le travail effectu\u00e9 au sein du groupe Noatum.","og_url":"https:\/\/www.noatum.com\/fr\/ethique-et-politiques-dentreprise-2\/","og_site_name":"Noatum","article_modified_time":"2024-11-13T10:44:04+00:00","twitter_card":"summary_large_image","twitter_misc":{"Dur\u00e9e de lecture estim\u00e9e":"2 minutes"},"schema":{"@context":"https:\/\/schema.org","@graph":[{"@type":"WebPage","@id":"https:\/\/www.noatum.com\/fr\/ethique-et-politiques-dentreprise-2\/","url":"https:\/\/www.noatum.com\/fr\/ethique-et-politiques-dentreprise-2\/","name":"\u00c9thique et politiques d'entreprise - Noatum","isPartOf":{"@id":"https:\/\/www.noatum.com\/#website"},"datePublished":"2021-09-13T12:55:37+00:00","dateModified":"2024-11-13T10:44:04+00:00","description":"Engagements et politiques en mati\u00e8re d'\u00e9thique et de durabilit\u00e9, qui guident le travail effectu\u00e9 au sein du groupe Noatum.","breadcrumb":{"@id":"https:\/\/www.noatum.com\/fr\/ethique-et-politiques-dentreprise-2\/#breadcrumb"},"inLanguage":"fr-FR","potentialAction":[{"@type":"ReadAction","target":["https:\/\/www.noatum.com\/fr\/ethique-et-politiques-dentreprise-2\/"]}]},{"@type":"BreadcrumbList","@id":"https:\/\/www.noatum.com\/fr\/ethique-et-politiques-dentreprise-2\/#breadcrumb","itemListElement":[{"@type":"ListItem","position":1,"name":"Portada","item":"https:\/\/www.noatum.com\/fr\/"},{"@type":"ListItem","position":2,"name":"\u00c9thique et politiques d&#8217;entreprise"}]},{"@type":"WebSite","@id":"https:\/\/www.noatum.com\/#website","url":"https:\/\/www.noatum.com\/","name":"Noatum","description":"Excelencia en Servicios Mar\u00edtimos, Log\u00edsticos y Portuarios","potentialAction":[{"@type":"SearchAction","target":{"@type":"EntryPoint","urlTemplate":"https:\/\/www.noatum.com\/?s={search_term_string}"},"query-input":{"@type":"PropertyValueSpecification","valueRequired":true,"valueName":"search_term_string"}}],"inLanguage":"fr-FR"}]}},"_links":{"self":[{"href":"https:\/\/www.noatum.com\/fr\/wp-json\/wp\/v2\/pages\/22219","targetHints":{"allow":["GET"]}}],"collection":[{"href":"https:\/\/www.noatum.com\/fr\/wp-json\/wp\/v2\/pages"}],"about":[{"href":"https:\/\/www.noatum.com\/fr\/wp-json\/wp\/v2\/types\/page"}],"author":[{"embeddable":true,"href":"https:\/\/www.noatum.com\/fr\/wp-json\/wp\/v2\/users\/1"}],"replies":[{"embeddable":true,"href":"https:\/\/www.noatum.com\/fr\/wp-json\/wp\/v2\/comments?post=22219"}],"version-history":[{"count":26,"href":"https:\/\/www.noatum.com\/fr\/wp-json\/wp\/v2\/pages\/22219\/revisions"}],"predecessor-version":[{"id":32764,"href":"https:\/\/www.noatum.com\/fr\/wp-json\/wp\/v2\/pages\/22219\/revisions\/32764"}],"wp:attachment":[{"href":"https:\/\/www.noatum.com\/fr\/wp-json\/wp\/v2\/media?parent=22219"}],"curies":[{"name":"wp","href":"https:\/\/api.w.org\/{rel}","templated":true}]}}