{"id":18634,"date":"2016-09-12T07:51:44","date_gmt":"2016-09-12T06:51:44","guid":{"rendered":"https:\/\/www.noatum.com\/codigo-arancelario-mercancias\/"},"modified":"2021-08-24T14:53:44","modified_gmt":"2021-08-24T13:53:44","slug":"code-douanier-de-marchandises-2","status":"publish","type":"page","link":"https:\/\/www.noatum.com\/fr\/code-douanier-de-marchandises-2\/","title":{"rendered":"CODE DOUANIER DE MARCHANDISES"},"content":{"rendered":"<div class=\"wpb-content-wrapper\"><p>[vc_row center_row=\u00a0\u00bbyes\u00a0\u00bb][vc_column]<div class=\"zozo-parallax-header\"><div class=\"parallax-header\"><h5 class=\"parallax-title text-center\" style=\"font-size:16px;margin:0px 0px 20px 0px;\">OUTILS \/ CODE DOUANIER DE MARCHANDISES.<\/h5><div class=\"parallax-desc default-style text-center\"><h5 style=\"text-align: left;\"><\/h5>\n<\/div><\/div><\/div>[vc_column_text css=\u00a0\u00bb.vc_custom_1629812706139{padding-top: 0px !important;}\u00a0\u00bb]<\/p>\n<div id=\"boxscroll\" class=\"guia\">\n<h3>Section I \u2013 Animaux vivants et produits du r\u00e8gne animal<\/h3>\n<p><strong>01.<\/strong> Animaux vivants.<br \/>\n<strong>02.<\/strong>Viande et abats comestibles<br \/>\n<strong>03.<\/strong>\u00a0Poissons et crustac\u00e9s, mollusques et autres invert\u00e9br\u00e9s aquatiques<br \/>\n<strong>04.<\/strong>\u00a0Laits et produits de la laiterie ; \u0153ufs d\u2019oiseaux ; miel naturel ; produits comestibles d\u2019origine animale, non d\u00e9nomm\u00e9s ni compris ailleurs<br \/>\n<strong>05.<\/strong>\u00a0Autres produits d\u2019origine animale non d\u00e9nomm\u00e9s ni compris ailleurs<\/p>\n<h3>Section II \u2013 Produits du r\u00e8gne v\u00e9g\u00e9tal<\/h3>\n<p><strong>06.<\/strong> Plantes vivantes et produits de la floriculture<br \/>\n<strong>07.<\/strong>L\u00e9gumes et l\u00e9gumes secs, plantes, racines et tubercules alimentaires<br \/>\n<strong>08.<\/strong>\u00a0Fruits comestibles, \u00e9corces d\u2019agrumes ou de melons<br \/>\n<strong>09.<\/strong>\u00a0Caf\u00e9, th\u00e9, mat\u00e9 et \u00e9pices<br \/>\n<strong>10.<\/strong>\u00a0C\u00e9r\u00e9ales<br \/>\n<strong>11.<\/strong>\u00a0Produits de la minoterie ; malt ; amidons et f\u00e9cules ; inuline ; gluten de froment<br \/>\n<strong>12.<\/strong>\u00a0Graines et fruits ol\u00e9agineux ; graines, semences et fruits divers ; plantes industrielles ou m\u00e9dicinales ; pailles et fourrages<br \/>\n<strong>13.<\/strong>\u00a0Gommes, r\u00e9sines et autres sucs et extraits v\u00e9g\u00e9taux<br \/>\n<strong>14.<\/strong>\u00a0Mati\u00e8res \u00e0 tresser et autres produits d\u2019origine v\u00e9g\u00e9tale, non d\u00e9nomm\u00e9s ni compris ailleurs<\/p>\n<h3>Section III \u2013 Graisses et huiles animales et v\u00e9g\u00e9tales ; produits de leur dissociation ; graisses alimentaires \u00e9labor\u00e9es ; cires d\u2019origine animale ou v\u00e9g\u00e9tale<\/h3>\n<p><strong>15.<\/strong> Graisses et huiles animales et v\u00e9g\u00e9tales ; produits de leur dissociation ; graisses alimentaires \u00e9labor\u00e9es ; cires d\u2019origine animale ou v\u00e9g\u00e9tale<\/p>\n<h3>Section IV \u2013 Produits des industries alimentaires ; boissons, liquides alcooliques et vinaigres ; tabacs et succ\u00e9dan\u00e9s de tabac fabriqu\u00e9s<\/h3>\n<p><strong>16.<\/strong> Pr\u00e9parations de viande, de poissons ou de crustac\u00e9s, de mollusques ou d\u2019autres invert\u00e9br\u00e9s aquatiques<br \/>\n<strong>17.<\/strong>Sucres et sucreries<br \/>\n<strong>18.<\/strong>\u00a0Cacao et ses pr\u00e9parations<br \/>\n<strong>19.<\/strong>\u00a0Pr\u00e9parations \u00e0 base de c\u00e9r\u00e9ales, de farines, d\u2019amidons, de f\u00e9cules ou de lait ; p\u00e2tisseries<br \/>\n<strong>20.<\/strong>\u00a0Pr\u00e9parations de l\u00e9gumes, de fruits ou d\u2019autres parties de plantes<br \/>\n<strong>21.<\/strong>\u00a0Pr\u00e9parations alimentaires diverses<br \/>\n<strong>22.<\/strong>\u00a0Boissons, liquides alcooliques et vinaigres<br \/>\n<strong>23.<\/strong>\u00a0R\u00e9sidus et d\u00e9chets des industries alimentaires; aliments pr\u00e9par\u00e9s pour animaux<br \/>\n<strong>24.<\/strong>\u00a0Tabacs et succ\u00e9dan\u00e9s de tabac fabriqu\u00e9s<\/p>\n<h3>Section V \u2013 Produits min\u00e9raux<\/h3>\n<p><strong>25.<\/strong> Sel ; soufre ; terres et pierres ; pl\u00e2tres, chaux et ciments<br \/>\n<strong>26.<\/strong>Minerais, scories et cendres<br \/>\n<strong>27.<\/strong>\u00a0Combustibles min\u00e9raux, huiles min\u00e9rales et produits de leur distillation ; mati\u00e8res bitumineuses ; cires min\u00e9rales<\/p>\n<h3>Section VI \u2013 Produits des industries chimiques ou des industries connexes<\/h3>\n<p><strong>28.<\/strong> Produits chimiques inorganiques ; compos\u00e9s inorganiques ou organiques de m\u00e9taux pr\u00e9cieux, d\u2019\u00e9l\u00e9ments radioactifs, de m\u00e9taux des terres rares ou d\u2019isotopes<br \/>\n<strong>29.<\/strong>Produits chimiques organiques<br \/>\n<strong>30.<\/strong>\u00a0Produits pharmaceutiques<br \/>\n<strong>31.<\/strong>\u00a0Engrais<br \/>\n<strong>32.<\/strong>\u00a0Extraits tannants ou tinctoriaux ; tanins et leurs d\u00e9riv\u00e9s ; pigments et autres mati\u00e8res colorantes ; peintures et vernis ; mastics ; encres<br \/>\n<strong>33.<\/strong>\u00a0Huiles essentielles et r\u00e9sino\u00efdes ; produits de parfumerie ou de toilette pr\u00e9par\u00e9s et pr\u00e9parations cosm\u00e9tiques<br \/>\n<strong>34.<\/strong>\u00a0Savons, agents de surface organiques, pr\u00e9parations pour lessives, pr\u00e9parations lubrifiantes, cires artificielles, cires pr\u00e9par\u00e9es, produits d\u2019entretien, bougies et articles similaires, p\u00e2tes \u00e0 modeler, \u00ab cires pour l\u2019art dentaire \u00bb et compositions pour l\u2019art dentaire \u00e0 base de pl\u00e2tre<br \/>\n<strong>35.<\/strong>\u00a0Mati\u00e8res albumino\u00efdes ; produits \u00e0 base d\u2019amidons ou de f\u00e9cules modifi\u00e9s ; colles; enzymes<br \/>\n<strong>36.<\/strong>\u00a0Poudres et explosifs ; articles de pyrotechnie ; allumettes ; alliages pyrophoriques ; mati\u00e8res inflammables<br \/>\n<strong>37.<\/strong>\u00a0Produits photographiques ou cin\u00e9matographiques<br \/>\n<strong>38.<\/strong>\u00a0Produits divers des industries chimiques<\/p>\n<h3>Section VII \u2013 Mati\u00e8res plastiques et ouvrages en ces mati\u00e8res; caoutchouc et ouvrages en caoutchouc<\/h3>\n<p><strong>39.<\/strong> Mati\u00e8res plastiques et ouvrages en ces mati\u00e8res<br \/>\n<strong>40.<\/strong>Caoutchouc et ouvrages en caoutchouc<\/p>\n<h3>Section VIII \u2013 Cuirs et peaux bruts, cuir, pelleteries et ouvrages en ces mati\u00e8res ; articles de bourrellerie et de sellerie ; articles de voyage ; sacs \u00e0 main et contenants similaires ; articles en boyaux d&rsquo;animaux (autres que les boyaux de vers \u00e0 soie) ; articles en boyaux d&rsquo;animaux (autres que les boyaux de vers \u00e0 soie)<\/h3>\n<p><strong>41.<\/strong> Peaux (autres que les pelleteries) et cuirs<br \/>\n<strong>42.<\/strong>Ouvrages en cuir ; articles de bourrellerie ou de sellerie ; articles de voyage, sacs \u00e0 main et contenants similaires ; ouvrages en boyaux<br \/>\n<strong>43.<\/strong>\u00a0Pelleteries et fourrures; pelleteries factices<\/p>\n<h3>Section IX \u2013 Bois, charbon de bois et ouvrages en bois ; li\u00e8ge et ouvrages en li\u00e8ge ; ouvrages de sparterie ou de vannerie<\/h3>\n<p><strong>44.<\/strong> Bois, charbon de bois et ouvrages en bois<br \/>\n<strong>45.<\/strong>Li\u00e8ge et ouvrages en li\u00e8ge<br \/>\n<strong>46.<\/strong>\u00a0Ouvrages de sparterie ou de vannerie<\/p>\n<h3>Section X \u2013 P\u00e2tes de bois ou d\u2019autres mati\u00e8res fibreuses cellulosiques ; papier ou carton \u00e0 recycler (d\u00e9chets et rebuts) ; papier et ses applications<\/h3>\n<p><strong>47.<\/strong> P\u00e2tes de bois ou d\u2019autres mati\u00e8res fibreuses cellulosiques ; papier ou carton \u00e0 recycler (d\u00e9chets et rebuts)<br \/>\n<strong>48.<\/strong>Papiers et cartons ; ouvrages en p\u00e2te de cellulose, en papier ou en carton<br \/>\n<strong>49.<\/strong>\u00a0Produits de l\u2019\u00e9dition, de la presse ou des autres industries graphiques; textes manuscrits ou dactylographi\u00e9s et plans<\/p>\n<h3>Section XI \u2013 Mati\u00e8res textiles et ouvrages en ces mati\u00e8res<\/h3>\n<p><strong>50.<\/strong> Soie<br \/>\n<strong>51.<\/strong>Laine, poils fins ou grossiers; fils et tissus de crin<br \/>\n<strong>52.<\/strong>\u00a0Coton<br \/>\n<strong>53.<\/strong>\u00a0Autres fibres textiles v\u00e9g\u00e9tales; fils de papier et tissus de fils de papier<br \/>\n<strong>54.<\/strong>\u00a0Filaments synth\u00e9tiques ou artificiels<br \/>\n<strong>55.<\/strong>\u00a0Fibres synth\u00e9tiques ou artificielles discontinues<br \/>\n<strong>56.<\/strong>\u00a0Ouates, feutres et non tiss\u00e9s; fils sp\u00e9ciaux; ficelles, cordes et cordages; articles de corderie<br \/>\n<strong>57.<\/strong>\u00a0Tapis et autres rev\u00eatements de sol en mati\u00e8res textiles<br \/>\n<strong>58.<\/strong>\u00a0Tissus sp\u00e9ciaux; surfaces textiles touffet\u00e9es ; dentelles; tapisseries; passementeries; broderies<br \/>\n<strong>59.<\/strong>\u00a0Tissus impr\u00e9gn\u00e9s, enduits, recouverts ou stratifi\u00e9s; articles techniques en mati\u00e8res textiles<br \/>\n<strong>60.<\/strong>\u00a0\u00c9toffes de bonneterie<br \/>\n<strong>61.<\/strong>\u00a0V\u00eatements et accessoires du v\u00eatement, en bonneterie<br \/>\n<strong>62.<\/strong>\u00a0V\u00eatements et accessoires du v\u00eatement, autres qu\u2019en bonneterie<br \/>\n<strong>63.<\/strong>\u00a0Autres articles textiles confectionn\u00e9s; assortiments; friperie et chiffons<\/p>\n<h3>Section XII \u2013 Chaussures, coiffure, parapluies, parasols, cannes fouets, cravaches et leurs parties, plumes et articles en plumes, fleurs artificielles, ouvrages en cheveux<\/h3>\n<p><strong>64.<\/strong> Chaussures, gu\u00eatres et articles analogues; parties de ces objets<br \/>\n<strong>65.<\/strong>Coiffures et parties de coiffures<br \/>\n<strong>66.<\/strong>\u00a0Parapluies, ombrelles, parasols, cannes, cannes-si\u00e8ges, fouets, cravaches et leurs parties<br \/>\n<strong>67.<\/strong>\u00a0Plumes et duvet appr\u00eat\u00e9s et articles en plumes ou en duvet; fleurs artificielles; ouvrages en cheveux<\/p>\n<h3>Section XIII \u2013 Ouvrages en pierre, pl\u00e2tre, ciment, amiante, mica et mati\u00e8res analogues, produits c\u00e9ramiques, verres et ouvrages en verre<\/h3>\n<p><strong>68.<\/strong> Ouvrages en pierres, pl\u00e2tre, ciment, amiante, mica ou mati\u00e8res analogues<br \/>\n<strong>69.<\/strong>Produits c\u00e9ramiques<br \/>\n<strong>70.<\/strong>\u00a0Verre et ouvrages en verre<\/p>\n<h3>Section XIV \u2013 Perles fines ou de culture, pierres gemmes ou similaires, m\u00e9taux pr\u00e9cieux plaqu\u00e9s ou doubl\u00e9s de m\u00e9taux pr\u00e9cieux, ouvrages en ces mati\u00e8res, bijouterie de fantaisies ; monnaies<\/h3>\n<p><strong>71.<\/strong> Perles fines ou de culture, pierres gemmes ou similaires, m\u00e9taux pr\u00e9cieux plaqu\u00e9s ou doubl\u00e9s de m\u00e9taux pr\u00e9cieux, ouvrages en ces mati\u00e8res, bijouterie de fantaisies ; monnaies<\/p>\n<h3>Section XV \u2013 M\u00e9taux communs et ouvrages en ces m\u00e9taux<\/h3>\n<p><strong>72.<\/strong> Fonte, fer et acier<br \/>\n<strong>73.<\/strong>Ouvrages en fonte, fer ou acier<br \/>\n<strong>74.<\/strong>\u00a0Cuivre et ouvrages en cuivre<br \/>\n<strong>75.<\/strong>\u00a0Nickel et ouvrages en nickel<br \/>\n<strong>76.<\/strong>\u00a0Aluminium et ouvrages en aluminium<br \/>\n<strong>78.<\/strong>\u00a0Plomb et ouvrages en plomb<br \/>\n<strong>79.<\/strong>\u00a0Zinc et ouvrages en zinc<br \/>\n<strong>80.<\/strong>\u00a0\u00c9tain et ouvrages en \u00e9tain<br \/>\n<strong>81.<\/strong>\u00a0Autres m\u00e9taux communs ; cermets ; ouvrages en ces mati\u00e8res<br \/>\n<strong>82.<\/strong>\u00a0Outils et outillage, articles de coutellerie et couverts de table, en m\u00e9taux communs; parties de ces articles, en m\u00e9taux communs<\/p>\n<h3>Section XVI \u2013 Machines et appareils, mat\u00e9riels \u00e9lectriques et leurs parties, appareils d\u2019enregistrement ou de reproduction du son, appareils d\u2019enregistrement ou de reproduction des images ou du son en t\u00e9l\u00e9vision et parties et accessoires de ces appareils<\/h3>\n<p><strong>84.<\/strong> R\u00e9acteurs nucl\u00e9aires, chaudi\u00e8res, machines, appareils et engins m\u00e9caniques; parties de ces machines ou appareils<br \/>\n<strong>85.<\/strong>Machines ; appareils et mat\u00e9riels \u00e9lectriques et leurs parties, appareils d\u2019enregistrement ou de reproduction du son, appareils d\u2019enregistrement ou de reproduction des images ou du son en t\u00e9l\u00e9vision et parties et accessoires de ces appareils<\/p>\n<h3>Section XVII \u2013 Mat\u00e9riel de transport<\/h3>\n<p><strong>86.<\/strong> V\u00e9hicules et mat\u00e9riel pour voies ferr\u00e9es ou similaires et leurs parties; appareils m\u00e9caniques (y compris \u00e9lectrom\u00e9caniques) de signalisation pour voies de communication<br \/>\n<strong>87.<\/strong>Voitures automobiles, tracteurs, cycles et autres v\u00e9hicules terrestres, leurs parties et accessoires<br \/>\n<strong>88.<\/strong>\u00a0Navigation a\u00e9rienne ou spatiale<br \/>\n<strong>89.<\/strong>\u00a0Navigation maritime ou fluviale<\/p>\n<h3>Section XVIII \u2013 Instruments et appareils d\u2019optique, de photographie ou de cin\u00e9matographie, de mesure, de contr\u00f4le ou de pr\u00e9cision ; instruments et appareils m\u00e9dico-chirurgicaux ; horlogerie ; instruments de musique ; parties et accessoires de ces instruments ou appareils<\/h3>\n<p><strong>90.<\/strong> Instruments et appareils d\u2019optique, de photographie ou de cin\u00e9matographie, de mesure, de contr\u00f4le ou de pr\u00e9cision ; instruments et appareils m\u00e9dico-chirurgicaux ; parties et accessoires de ces instruments ou appareils<br \/>\n<strong>91.<\/strong>Horlogerie<br \/>\n<strong>92.<\/strong>\u00a0Instruments de musique; parties et accessoires de ces instruments<\/p>\n<h3>Section XIX \u2013 Armes, munitions et leurs parties et accessoires<\/h3>\n<p><strong>93.<\/strong> Armes, munitions et leurs parties et accessoires<\/p>\n<h3>Section XX \u2013 Marchandises et produits divers<\/h3>\n<p><strong>94.<\/strong> Meubles ; mobilier m\u00e9dico-chirurgical ; articles de literie et similaires ; appareils d\u2019\u00e9clairage non d\u00e9nomm\u00e9s ni compris ailleurs ; lampes-r\u00e9clames, enseignes lumineuses, plaques indicatrices lumineuses et articles similaires ; constructions pr\u00e9fabriqu\u00e9es<br \/>\n<strong>95. <\/strong>Jouets, jeux, articles pour divertissements ou pour sports; leurs parties et accessoires<br \/>\n<strong>97.<\/strong>\u00a0Objets d\u2019art, de collection ou d\u2019antiquit\u00e9<br \/>\n<strong>99.<\/strong>\u00a0Envois compos\u00e9s d\u2019un ensemble h\u00e9t\u00e9rog\u00e8ne de marchandises pouvant correspondre \u00e0 diff\u00e9rents lots douaniers et hypoth\u00e8ses non envisag\u00e9es sp\u00e9cifiquement dans le droit de douane.<\/p>\n<\/div>\n<p>[\/vc_column_text][\/vc_column][\/vc_row]<\/p>\n<\/div>","protected":false},"excerpt":{"rendered":"<p>[vc_row center_row=\u00a0\u00bbyes\u00a0\u00bb][vc_column][vc_column_text css=\u00a0\u00bb.vc_custom_1629812706139{padding-top: 0px !important;}\u00a0\u00bb] Section I \u2013 Animaux vivants et produits du r\u00e8gne animal 01. Animaux vivants. 02.Viande et abats comestibles 03.\u00a0Poissons et crustac\u00e9s, mollusques et autres invert\u00e9br\u00e9s aquatiques<\/p>\n","protected":false},"author":1,"featured_media":18635,"parent":0,"menu_order":0,"comment_status":"closed","ping_status":"closed","template":"template-fullwidth.php","meta":{"footnotes":""},"class_list":["post-18634","page","type-page","status-publish","has-post-thumbnail","hentry"],"yoast_head":"<!-- This site is optimized with the Yoast SEO plugin v27.4 - https:\/\/yoast.com\/product\/yoast-seo-wordpress\/ -->\n<title>Code Douanier de Marchandises - Classement | Noatum<\/title>\n<meta name=\"description\" content=\"Les produits sont class\u00e9s selon un code tarifaire dans le syst\u00e8me harmonis\u00e9 (SH) de l&#039;Organisation mondiale des douanes.\" \/>\n<meta name=\"robots\" content=\"index, follow, max-snippet:-1, max-image-preview:large, max-video-preview:-1\" \/>\n<link rel=\"canonical\" href=\"https:\/\/www.noatum.com\/fr\/code-douanier-de-marchandises-2\/\" \/>\n<meta property=\"og:locale\" content=\"fr_FR\" \/>\n<meta property=\"og:type\" content=\"article\" \/>\n<meta property=\"og:title\" content=\"Code Douanier de Marchandises - Classement | Noatum\" \/>\n<meta property=\"og:description\" content=\"Les produits sont class\u00e9s selon un code tarifaire dans le syst\u00e8me harmonis\u00e9 (SH) de l&#039;Organisation mondiale des douanes.\" \/>\n<meta property=\"og:url\" content=\"https:\/\/www.noatum.com\/fr\/code-douanier-de-marchandises-2\/\" \/>\n<meta property=\"og:site_name\" content=\"Noatum\" \/>\n<meta property=\"article:modified_time\" content=\"2021-08-24T13:53:44+00:00\" \/>\n<meta property=\"og:image\" content=\"https:\/\/www.noatum.com\/wp-content\/uploads\/2016\/08\/paisesypuertos-head.jpg\" \/>\n<meta name=\"twitter:card\" content=\"summary_large_image\" \/>\n<meta name=\"twitter:title\" content=\"Code Douanier de Marchandises - Classement | Noatum\" \/>\n<meta name=\"twitter:description\" content=\"Les produits sont class\u00e9s selon un code tarifaire dans le syst\u00e8me harmonis\u00e9 (SH) de l&#039;Organisation mondiale des douanes.\" \/>\n<meta name=\"twitter:image\" content=\"https:\/\/www.noatum.com\/wp-content\/uploads\/2016\/08\/paisesypuertos-head.jpg\" \/>\n<meta name=\"twitter:label1\" content=\"Dur\u00e9e de lecture estim\u00e9e\" \/>\n\t<meta name=\"twitter:data1\" content=\"6 minutes\" \/>\n<script type=\"application\/ld+json\" class=\"yoast-schema-graph\">{\"@context\":\"https:\\\/\\\/schema.org\",\"@graph\":[{\"@type\":\"WebPage\",\"@id\":\"https:\\\/\\\/www.noatum.com\\\/fr\\\/code-douanier-de-marchandises-2\\\/\",\"url\":\"https:\\\/\\\/www.noatum.com\\\/fr\\\/code-douanier-de-marchandises-2\\\/\",\"name\":\"Code Douanier de Marchandises - Classement | Noatum\",\"isPartOf\":{\"@id\":\"https:\\\/\\\/www.noatum.com\\\/#website\"},\"primaryImageOfPage\":{\"@id\":\"https:\\\/\\\/www.noatum.com\\\/fr\\\/code-douanier-de-marchandises-2\\\/#primaryimage\"},\"image\":{\"@id\":\"https:\\\/\\\/www.noatum.com\\\/fr\\\/code-douanier-de-marchandises-2\\\/#primaryimage\"},\"thumbnailUrl\":\"https:\\\/\\\/www.noatum.com\\\/wp-content\\\/uploads\\\/2016\\\/08\\\/paisesypuertos-head.jpg\",\"datePublished\":\"2016-09-12T06:51:44+00:00\",\"dateModified\":\"2021-08-24T13:53:44+00:00\",\"description\":\"Les produits sont class\u00e9s selon un code tarifaire dans le syst\u00e8me harmonis\u00e9 (SH) de l'Organisation mondiale des douanes.\",\"breadcrumb\":{\"@id\":\"https:\\\/\\\/www.noatum.com\\\/fr\\\/code-douanier-de-marchandises-2\\\/#breadcrumb\"},\"inLanguage\":\"fr-FR\",\"potentialAction\":[{\"@type\":\"ReadAction\",\"target\":[\"https:\\\/\\\/www.noatum.com\\\/fr\\\/code-douanier-de-marchandises-2\\\/\"]}]},{\"@type\":\"ImageObject\",\"inLanguage\":\"fr-FR\",\"@id\":\"https:\\\/\\\/www.noatum.com\\\/fr\\\/code-douanier-de-marchandises-2\\\/#primaryimage\",\"url\":\"https:\\\/\\\/www.noatum.com\\\/wp-content\\\/uploads\\\/2016\\\/08\\\/paisesypuertos-head.jpg\",\"contentUrl\":\"https:\\\/\\\/www.noatum.com\\\/wp-content\\\/uploads\\\/2016\\\/08\\\/paisesypuertos-head.jpg\",\"width\":2362,\"height\":700},{\"@type\":\"BreadcrumbList\",\"@id\":\"https:\\\/\\\/www.noatum.com\\\/fr\\\/code-douanier-de-marchandises-2\\\/#breadcrumb\",\"itemListElement\":[{\"@type\":\"ListItem\",\"position\":1,\"name\":\"Portada\",\"item\":\"https:\\\/\\\/www.noatum.com\\\/fr\\\/\"},{\"@type\":\"ListItem\",\"position\":2,\"name\":\"CODE DOUANIER DE MARCHANDISES\"}]},{\"@type\":\"WebSite\",\"@id\":\"https:\\\/\\\/www.noatum.com\\\/#website\",\"url\":\"https:\\\/\\\/www.noatum.com\\\/\",\"name\":\"Noatum\",\"description\":\"Excelencia en Servicios Mar\u00edtimos, Log\u00edsticos y Portuarios\",\"potentialAction\":[{\"@type\":\"SearchAction\",\"target\":{\"@type\":\"EntryPoint\",\"urlTemplate\":\"https:\\\/\\\/www.noatum.com\\\/?s={search_term_string}\"},\"query-input\":{\"@type\":\"PropertyValueSpecification\",\"valueRequired\":true,\"valueName\":\"search_term_string\"}}],\"inLanguage\":\"fr-FR\"}]}<\/script>\n<!-- \/ Yoast SEO plugin. -->","yoast_head_json":{"title":"Code Douanier de Marchandises - Classement | Noatum","description":"Les produits sont class\u00e9s selon un code tarifaire dans le syst\u00e8me harmonis\u00e9 (SH) de l'Organisation mondiale des douanes.","robots":{"index":"index","follow":"follow","max-snippet":"max-snippet:-1","max-image-preview":"max-image-preview:large","max-video-preview":"max-video-preview:-1"},"canonical":"https:\/\/www.noatum.com\/fr\/code-douanier-de-marchandises-2\/","og_locale":"fr_FR","og_type":"article","og_title":"Code Douanier de Marchandises - Classement | Noatum","og_description":"Les produits sont class\u00e9s selon un code tarifaire dans le syst\u00e8me harmonis\u00e9 (SH) de l'Organisation mondiale des douanes.","og_url":"https:\/\/www.noatum.com\/fr\/code-douanier-de-marchandises-2\/","og_site_name":"Noatum","article_modified_time":"2021-08-24T13:53:44+00:00","og_image":[{"url":"https:\/\/www.noatum.com\/wp-content\/uploads\/2016\/08\/paisesypuertos-head.jpg","type":"","width":"","height":""}],"twitter_card":"summary_large_image","twitter_title":"Code Douanier de Marchandises - Classement | Noatum","twitter_description":"Les produits sont class\u00e9s selon un code tarifaire dans le syst\u00e8me harmonis\u00e9 (SH) de l'Organisation mondiale des douanes.","twitter_image":"https:\/\/www.noatum.com\/wp-content\/uploads\/2016\/08\/paisesypuertos-head.jpg","twitter_misc":{"Dur\u00e9e de lecture estim\u00e9e":"6 minutes"},"schema":{"@context":"https:\/\/schema.org","@graph":[{"@type":"WebPage","@id":"https:\/\/www.noatum.com\/fr\/code-douanier-de-marchandises-2\/","url":"https:\/\/www.noatum.com\/fr\/code-douanier-de-marchandises-2\/","name":"Code Douanier de Marchandises - Classement | Noatum","isPartOf":{"@id":"https:\/\/www.noatum.com\/#website"},"primaryImageOfPage":{"@id":"https:\/\/www.noatum.com\/fr\/code-douanier-de-marchandises-2\/#primaryimage"},"image":{"@id":"https:\/\/www.noatum.com\/fr\/code-douanier-de-marchandises-2\/#primaryimage"},"thumbnailUrl":"https:\/\/www.noatum.com\/wp-content\/uploads\/2016\/08\/paisesypuertos-head.jpg","datePublished":"2016-09-12T06:51:44+00:00","dateModified":"2021-08-24T13:53:44+00:00","description":"Les produits sont class\u00e9s selon un code tarifaire dans le syst\u00e8me harmonis\u00e9 (SH) de l'Organisation mondiale des douanes.","breadcrumb":{"@id":"https:\/\/www.noatum.com\/fr\/code-douanier-de-marchandises-2\/#breadcrumb"},"inLanguage":"fr-FR","potentialAction":[{"@type":"ReadAction","target":["https:\/\/www.noatum.com\/fr\/code-douanier-de-marchandises-2\/"]}]},{"@type":"ImageObject","inLanguage":"fr-FR","@id":"https:\/\/www.noatum.com\/fr\/code-douanier-de-marchandises-2\/#primaryimage","url":"https:\/\/www.noatum.com\/wp-content\/uploads\/2016\/08\/paisesypuertos-head.jpg","contentUrl":"https:\/\/www.noatum.com\/wp-content\/uploads\/2016\/08\/paisesypuertos-head.jpg","width":2362,"height":700},{"@type":"BreadcrumbList","@id":"https:\/\/www.noatum.com\/fr\/code-douanier-de-marchandises-2\/#breadcrumb","itemListElement":[{"@type":"ListItem","position":1,"name":"Portada","item":"https:\/\/www.noatum.com\/fr\/"},{"@type":"ListItem","position":2,"name":"CODE DOUANIER DE MARCHANDISES"}]},{"@type":"WebSite","@id":"https:\/\/www.noatum.com\/#website","url":"https:\/\/www.noatum.com\/","name":"Noatum","description":"Excelencia en Servicios Mar\u00edtimos, Log\u00edsticos y Portuarios","potentialAction":[{"@type":"SearchAction","target":{"@type":"EntryPoint","urlTemplate":"https:\/\/www.noatum.com\/?s={search_term_string}"},"query-input":{"@type":"PropertyValueSpecification","valueRequired":true,"valueName":"search_term_string"}}],"inLanguage":"fr-FR"}]}},"_links":{"self":[{"href":"https:\/\/www.noatum.com\/fr\/wp-json\/wp\/v2\/pages\/18634","targetHints":{"allow":["GET"]}}],"collection":[{"href":"https:\/\/www.noatum.com\/fr\/wp-json\/wp\/v2\/pages"}],"about":[{"href":"https:\/\/www.noatum.com\/fr\/wp-json\/wp\/v2\/types\/page"}],"author":[{"embeddable":true,"href":"https:\/\/www.noatum.com\/fr\/wp-json\/wp\/v2\/users\/1"}],"replies":[{"embeddable":true,"href":"https:\/\/www.noatum.com\/fr\/wp-json\/wp\/v2\/comments?post=18634"}],"version-history":[{"count":11,"href":"https:\/\/www.noatum.com\/fr\/wp-json\/wp\/v2\/pages\/18634\/revisions"}],"predecessor-version":[{"id":22013,"href":"https:\/\/www.noatum.com\/fr\/wp-json\/wp\/v2\/pages\/18634\/revisions\/22013"}],"wp:featuredmedia":[{"embeddable":true,"href":"https:\/\/www.noatum.com\/fr\/wp-json\/wp\/v2\/media\/18635"}],"wp:attachment":[{"href":"https:\/\/www.noatum.com\/fr\/wp-json\/wp\/v2\/media?parent=18634"}],"curies":[{"name":"wp","href":"https:\/\/api.w.org\/{rel}","templated":true}]}}