{"id":18571,"date":"2016-08-09T22:49:23","date_gmt":"2016-08-09T21:49:23","guid":{"rendered":"https:\/\/www.noatum.com\/etiquettes-de-marchandises-dangereuses\/"},"modified":"2021-03-03T17:42:45","modified_gmt":"2021-03-03T16:42:45","slug":"etiquettes-de-marchandises-dangereuses","status":"publish","type":"page","link":"https:\/\/www.noatum.com\/fr\/etiquettes-de-marchandises-dangereuses\/","title":{"rendered":"\u00c9TIQUETTES DE MARCHANDISES DANGEREUSES"},"content":{"rendered":"<div class=\"wpb-content-wrapper\"><p>[vc_row center_row=\u00a0\u00bbyes\u00a0\u00bb opn_row_id=\u00a0\u00bbsomos\u00a0\u00bb opn_row_gutter=\u00a0\u00bb70&Prime; css=\u00a0\u00bb.vc_custom_1470769969354{background-image: url(https:\/\/www.noatum.com\/wp-content\/uploads\/2016\/06\/fondo-directorio-2.jpg?id=1367) !important;}\u00a0\u00bb][vc_column css=\u00a0\u00bb.vc_custom_1470771386196{margin-bottom: -20px !important;}\u00a0\u00bb]<div id=\"ult-easy-separator-268550772669dc787ff200f\" class=\"ult-easy-separator-wrapper ult-responsive ult-top-easy-separator  \" style=\"\" data-vc-row=\"wpb_row\"  data-ultimate-target='#ult-easy-separator-268550772669dc787ff200f'  data-responsive-json-new='{\"width\":\"\"}' ><div class=\"ult-easy-separator-inner-wrapper\"><div class=\"ult-no-animation\" style=\"opacity:0;\"   ><img decoding=\"async\" class=\"ult-easy-separator-img\" alt=\"null\" src=\"https:\/\/www.noatum.com\/wp-content\/uploads\/2016\/04\/arrowdown-1.png\" \/><a href=\"#direccion\" ><\/a><\/div><\/div><\/div><div class=\"zozo-parallax-header\"><div class=\"parallax-header\"><h5 class=\"parallax-title text-center text-capitalize\" style=\"font-size:16px;margin:0px 0px 0px 0px;\">OUTILS \/ \u00c9TIQUETTES DE MARCHANDISES DANGEREUSES<\/h5><div class=\"parallax-desc default-style text-center\"><h3 style=\"color: #af2626; margin-top: 20px; text-align: center;\">Classement des \u00e9tiquettes de marchandises dangereuses<\/h3>\n<\/div><\/div><\/div>[vc_column_text]Les <strong>marchandises dangereuses<\/strong> sont des substances qui, en raison de leurs caract\u00e9ristiques et de leur composition, peuvent repr\u00e9senter un danger pour la sant\u00e9 et la s\u00e9curit\u00e9 des personnes et pour l&rsquo;environnement. Plusieurs conditions strictes doivent \u00eatre remplies pour leur stockage, leur manutention et leur transport.<\/p>\n<p>Les <strong>\u00e9tiquettes de marchandises dangereuses<\/strong> sont obligatoires lors du transport afin d&rsquo;identifier les risques des produits transport\u00e9s. Comme l\u2019indique le r\u00e8glement international <a title=\"BOE - Texto enmendado de los Anejos A y B del Acuerdo Europeo sobre transporte internacional de mercanc\u00edas peligrosas por carretera (ADR 2019)\" href=\"https:\/\/www.boe.es\/buscar\/doc.php?id=BOE-A-2019-9661\" target=\"_blank\" rel=\"noopener, nofollow noopener noreferrer\">ADR 2019 (Accord europ\u00e9en relatif au transport des marchandises dangereuses par route)<\/a>, les marchandises sont class\u00e9es selon leur composition et leur degr\u00e9 de dangerosit\u00e9.<\/p>\n<ul>\n<li>Classe 1 : mati\u00e8res et objets explosibles. Toutes les marchandises risquant de produire une explosion, qu&rsquo;il s&rsquo;agisse d&rsquo;une explosion de masse, d&rsquo;un incendie l\u00e9ger, d&rsquo;une onde de choc, etc. Elles sont identifi\u00e9es par une ic\u00f4ne ou un num\u00e9ro noir sur fond orange.  <\/li>\n<li>Classe 2 : gaz. Les marchandises sont class\u00e9es en trois sous-groupes selon si elles sont inflammables (ic\u00f4ne de flamme sur fond rouge), ininflammables non toxiques (ic\u00f4ne repr\u00e9sentant un cylindre sur fond vert) ou toxiques (ic\u00f4ne d\u2019un cr\u00e2ne sur fond blanc). <\/li>\n<li>Classe 3 : liquides inflammables. Mat\u00e9riaux ayant un point d&rsquo;\u00e9clair maximum de 60\u00ba C. <\/li>\n<li>Classe 4 : solides inflammables et autres substances explosives solides. Ils sont subdivis\u00e9s en produits inflammables solides (4.1 fond blanc et rouge ray\u00e9), en substances auto-r\u00e9actives (4.2 fond blanc\/rouge) et en substances qui lib\u00e8rent des gaz inflammables au contact de l&rsquo;eau (4.3 fond bleu). <\/li>\n<li>Classe 5 : substances oxydantes et peroxydes organiques. Ils sont identifi\u00e9s par un fond jaune. <\/li>\n<li>Classe 6 : mati\u00e8res toxiques (qui peuvent nuire \u00e0 la sant\u00e9 et m\u00eame causer la mort) ou infectieuses (contenant des micro-organismes, tels que des bact\u00e9ries ou des virus). L&rsquo;\u00e9tiquette a un fond blanc. <\/li>\n<li>Classe 7 : substances radioactives. L&rsquo;\u00e9tiquette a un fond blanc ou jaune\/blanc selon le taux de radioactivit\u00e9 des marchandises. <\/li>\n<li>Classe 8 : substances corrosives. Ic\u00f4ne de deux pipettes sur fond blanc et fond noir avec le mot \u00ab Corrosif \u00bb. <\/li>\n<li>Classe 9 : autres substances pr\u00e9sentant des dangers diff\u00e9rents. L&rsquo;\u00e9tiquette est reconnaissable aux bandes noires et blanches sur la partie sup\u00e9rieure, avec un fond blanc sur la partie inf\u00e9rieure. <\/li>\n<\/ul>\n<p>[\/vc_column_text][\/vc_column][\/vc_row][vc_row center_row=\u00a0\u00bbyes\u00a0\u00bb opn_row_id=\u00a0\u00bbsomos\u00a0\u00bb opn_row_gutter=\u00a0\u00bb70&Prime; css=\u00a0\u00bb.vc_custom_1470770366885{margin-top: -40px !important;}\u00a0\u00bb][vc_column][vc_row_inner][vc_column_inner width=\u00a0\u00bb1\/4&Prime;][vc_column_text]<\/p>\n<p style=\"text-align: center;\"><span style=\"font-size: 12px;\">N\u00b01<\/span><\/p>\n<p>[\/vc_column_text][\/vc_column_inner][vc_column_inner width=\u00a0\u00bb1\/4&Prime;][vc_column_text]<\/p>\n<p style=\"text-align: center;\"><span style=\"font-size: 12px;\">N\u00b02<\/span><\/p>\n<p>[\/vc_column_text][\/vc_column_inner][vc_column_inner width=\u00a0\u00bb1\/4&Prime;][vc_column_text]<\/p>\n<p style=\"text-align: center;\"><span style=\"font-size: 12px;\">N\u00b03<\/span><\/p>\n<p>[\/vc_column_text][\/vc_column_inner][vc_column_inner width=\u00a0\u00bb1\/4&Prime;][vc_column_text]<\/p>\n<p style=\"text-align: center;\"><span style=\"font-size: 12px;\">N\u00b04.1<\/span><\/p>\n<p>[\/vc_column_text][\/vc_column_inner][\/vc_row_inner][vc_row_inner][vc_column_inner width=\u00a0\u00bb1\/4&Prime;][vc_single_image image=\u00a0\u00bb3538&Prime; alignment=\u00a0\u00bbcenter\u00a0\u00bb][\/vc_column_inner][vc_column_inner width=\u00a0\u00bb1\/4&Prime;][vc_single_image image=\u00a0\u00bb3539&Prime; alignment=\u00a0\u00bbcenter\u00a0\u00bb][\/vc_column_inner][vc_column_inner width=\u00a0\u00bb1\/4&Prime;][vc_single_image image=\u00a0\u00bb3543&Prime; alignment=\u00a0\u00bbcenter\u00a0\u00bb][\/vc_column_inner][vc_column_inner width=\u00a0\u00bb1\/4&Prime;][vc_single_image image=\u00a0\u00bb3540&Prime; alignment=\u00a0\u00bbcenter\u00a0\u00bb][\/vc_column_inner][\/vc_row_inner][vc_row_inner][vc_column_inner width=\u00a0\u00bb1\/4&Prime;][vc_column_text]<\/p>\n<p style=\"text-align: center;\">Explosifs<\/p>\n<p>[\/vc_column_text][\/vc_column_inner][vc_column_inner width=\u00a0\u00bb1\/2&Prime;][vc_column_text]<\/p>\n<p style=\"text-align: center;\">Mat\u00e9riaux liquides inflammables Danger d&rsquo;incendie <\/p>\n<p>[\/vc_column_text][\/vc_column_inner][vc_column_inner width=\u00a0\u00bb1\/4&Prime;][vc_column_text]<\/p>\n<p style=\"text-align: center;\">Produits solides inflammables<\/p>\n<p>[\/vc_column_text][\/vc_column_inner][\/vc_row_inner][\/vc_column][\/vc_row][vc_row center_row=\u00a0\u00bbyes\u00a0\u00bb opn_row_id=\u00a0\u00bbsomos\u00a0\u00bb opn_row_gutter=\u00a0\u00bb70&Prime; css=\u00a0\u00bb.vc_custom_1470785382794{margin-top: -40px !important;}\u00a0\u00bb][vc_column][vc_row_inner][vc_column_inner width=\u00a0\u00bb1\/4&Prime;][vc_column_text]<\/p>\n<p style=\"text-align: center;\"><span style=\"font-size: 12px;\">N\u00b04.2<\/span><\/p>\n<p>[\/vc_column_text][\/vc_column_inner][vc_column_inner width=\u00a0\u00bb1\/4&Prime;][vc_column_text]<\/p>\n<p style=\"text-align: center;\"><span style=\"font-size: 12px;\">N\u00b04.3<\/span><\/p>\n<p>[\/vc_column_text][\/vc_column_inner][vc_column_inner width=\u00a0\u00bb1\/4&Prime;][vc_column_text]<\/p>\n<p style=\"text-align: center;\"><span style=\"font-size: 12px;\">N\u00b04.4<\/span><\/p>\n<p>[\/vc_column_text][\/vc_column_inner][vc_column_inner width=\u00a0\u00bb1\/4&Prime;][vc_column_text]<\/p>\n<p style=\"text-align: center;\"><span style=\"font-size: 12px;\">N\u00b05<\/span><\/p>\n<p>[\/vc_column_text][\/vc_column_inner][\/vc_row_inner][vc_row_inner][vc_column_inner width=\u00a0\u00bb1\/4&Prime;][vc_single_image image=\u00a0\u00bb3541&Prime; alignment=\u00a0\u00bbcenter\u00a0\u00bb][\/vc_column_inner][vc_column_inner width=\u00a0\u00bb1\/4&Prime;][vc_single_image image=\u00a0\u00bb3526&Prime; alignment=\u00a0\u00bbcenter\u00a0\u00bb][\/vc_column_inner][vc_column_inner width=\u00a0\u00bb1\/4&Prime;][vc_single_image image=\u00a0\u00bb3527&Prime; alignment=\u00a0\u00bbcenter\u00a0\u00bb][\/vc_column_inner][vc_column_inner width=\u00a0\u00bb1\/4&Prime;][vc_single_image image=\u00a0\u00bb3528&Prime; alignment=\u00a0\u00bbcenter\u00a0\u00bb][\/vc_column_inner][\/vc_row_inner][vc_row_inner][vc_column_inner width=\u00a0\u00bb1\/4&Prime;][vc_column_text]<\/p>\n<p style=\"text-align: center;\">Mati\u00e8re spontan\u00e9ment inflammable<\/p>\n<p>[\/vc_column_text][\/vc_column_inner][vc_column_inner width=\u00a0\u00bb1\/2&Prime;][vc_column_text]<\/p>\n<p style=\"text-align: center;\">Lib\u00e9ration de gaz inflammables en contact avec l&rsquo;eau<\/p>\n<p>[\/vc_column_text][\/vc_column_inner][vc_column_inner width=\u00a0\u00bb1\/4&Prime;][vc_column_text]<\/p>\n<p style=\"text-align: center;\">Comburant ou peroxyde organique<\/p>\n<p>[\/vc_column_text][\/vc_column_inner][\/vc_row_inner][\/vc_column][\/vc_row][vc_row center_row=\u00a0\u00bbyes\u00a0\u00bb opn_row_id=\u00a0\u00bbsomos\u00a0\u00bb opn_row_gutter=\u00a0\u00bb70&Prime; css=\u00a0\u00bb.vc_custom_1470785382794{margin-top: -40px !important;}\u00a0\u00bb][vc_column][vc_row_inner][vc_column_inner width=\u00a0\u00bb1\/4&Prime;][vc_column_text]<\/p>\n<p style=\"text-align: center;\"><span style=\"font-size: 12px;\">N\u00b06.1<\/span><\/p>\n<p>[\/vc_column_text][\/vc_column_inner][vc_column_inner width=\u00a0\u00bb1\/4&Prime;][vc_column_text]<\/p>\n<p style=\"text-align: center;\"><span style=\"font-size: 12px;\">N\u00b06.1A<\/span><\/p>\n<p>[\/vc_column_text][\/vc_column_inner][vc_column_inner width=\u00a0\u00bb1\/4&Prime;][vc_column_text]<\/p>\n<p style=\"text-align: center;\"><span style=\"font-size: 12px;\">N\u00b07A<\/span><\/p>\n<p>[\/vc_column_text][\/vc_column_inner][vc_column_inner width=\u00a0\u00bb1\/4&Prime;][vc_column_text]<\/p>\n<p style=\"text-align: center;\"><span style=\"font-size: 12px;\">N\u00b07B<\/span><\/p>\n<p>[\/vc_column_text][\/vc_column_inner][\/vc_row_inner][vc_row_inner][vc_column_inner width=\u00a0\u00bb1\/4&Prime;][vc_single_image image=\u00a0\u00bb3529&Prime; alignment=\u00a0\u00bbcenter\u00a0\u00bb][\/vc_column_inner][vc_column_inner width=\u00a0\u00bb1\/4&Prime;][vc_single_image image=\u00a0\u00bb3530&Prime; alignment=\u00a0\u00bbcenter\u00a0\u00bb][\/vc_column_inner][vc_column_inner width=\u00a0\u00bb1\/4&Prime;][vc_single_image image=\u00a0\u00bb3531&Prime; alignment=\u00a0\u00bbcenter\u00a0\u00bb][\/vc_column_inner][vc_column_inner width=\u00a0\u00bb1\/4&Prime;][vc_single_image image=\u00a0\u00bb3532&Prime; alignment=\u00a0\u00bbcenter\u00a0\u00bb][\/vc_column_inner][\/vc_row_inner][vc_row_inner][vc_column_inner width=\u00a0\u00bb1\/4&Prime;][vc_column_text]<\/p>\n<div class=\"etiqueta primera\">\n<div class=\"clear\" style=\"text-align: center;\">Mati\u00e8re toxique<\/div>\n<\/div>\n<p>[\/vc_column_text][\/vc_column_inner][vc_column_inner width=\u00a0\u00bb1\/4&Prime;][vc_column_text]<\/p>\n<p style=\"text-align: center;\">Mati\u00e8re nocive<\/p>\n<p>[\/vc_column_text][\/vc_column_inner][vc_column_inner width=\u00a0\u00bb2\/4&Prime;][vc_column_text]<\/p>\n<div class=\"linea-etiquetas\">\n<div class=\"etiqueta doble\">\n<div class=\"clear\" style=\"text-align: center;\">Mati\u00e8re radioactive<\/div>\n<\/div>\n<\/div>\n<p>[\/vc_column_text][\/vc_column_inner][\/vc_row_inner][\/vc_column][\/vc_row][vc_row center_row=\u00a0\u00bbyes\u00a0\u00bb opn_row_id=\u00a0\u00bbsomos\u00a0\u00bb opn_row_gutter=\u00a0\u00bb70&Prime; css=\u00a0\u00bb.vc_custom_1470785382794{margin-top: -40px !important;}\u00a0\u00bb][vc_column][vc_row_inner][vc_column_inner width=\u00a0\u00bb1\/4&Prime;][vc_column_text]<\/p>\n<p style=\"text-align: center;\"><span style=\"font-size: 12px;\">N\u00b07C<\/span><\/p>\n<p>[\/vc_column_text][\/vc_column_inner][vc_column_inner width=\u00a0\u00bb1\/4&Prime;][vc_column_text]<\/p>\n<p style=\"text-align: center;\"><span style=\"font-size: 12px;\">N\u00b07D<\/span><\/p>\n<p>[\/vc_column_text][\/vc_column_inner][vc_column_inner width=\u00a0\u00bb1\/4&Prime;][vc_column_text]<\/p>\n<p style=\"text-align: center;\"><span style=\"font-size: 12px;\">N\u00b08<\/span><\/p>\n<p>[\/vc_column_text][\/vc_column_inner][vc_column_inner width=\u00a0\u00bb1\/4&Prime;][vc_column_text]<\/p>\n<p style=\"text-align: center;\"><span style=\"font-size: 12px;\">N\u00b09<\/span><\/p>\n<p>[\/vc_column_text][\/vc_column_inner][\/vc_row_inner][vc_row_inner][vc_column_inner width=\u00a0\u00bb1\/4&Prime;][vc_single_image image=\u00a0\u00bb3533&Prime; alignment=\u00a0\u00bbcenter\u00a0\u00bb][\/vc_column_inner][vc_column_inner width=\u00a0\u00bb1\/4&Prime;][vc_single_image image=\u00a0\u00bb3534&Prime; alignment=\u00a0\u00bbcenter\u00a0\u00bb][\/vc_column_inner][vc_column_inner width=\u00a0\u00bb1\/4&Prime;][vc_single_image image=\u00a0\u00bb3535&Prime; alignment=\u00a0\u00bbcenter\u00a0\u00bb][\/vc_column_inner][vc_column_inner width=\u00a0\u00bb1\/4&Prime;][vc_single_image image=\u00a0\u00bb3536&Prime; alignment=\u00a0\u00bbcenter\u00a0\u00bb][\/vc_column_inner][\/vc_row_inner][vc_row_inner][vc_column_inner width=\u00a0\u00bb2\/4&Prime;][vc_column_text]<\/p>\n<div class=\"etiqueta primera\">\n<div class=\"clear\" style=\"text-align: center;\">Mati\u00e8re radioactive<\/div>\n<\/div>\n<p>[\/vc_column_text][\/vc_column_inner][vc_column_inner width=\u00a0\u00bb1\/4&Prime;][vc_column_text]<\/p>\n<p style=\"text-align: center;\">Mati\u00e8re corrosive<\/p>\n<p>[\/vc_column_text][\/vc_column_inner][vc_column_inner width=\u00a0\u00bb1\/4&Prime;][vc_column_text]<\/p>\n<div class=\"linea-etiquetas\">\n<div class=\"etiqueta doble\">\n<div class=\"clear\" style=\"text-align: center;\">Autres dangers<\/div>\n<\/div>\n<\/div>\n<p>[\/vc_column_text][\/vc_column_inner][\/vc_row_inner][\/vc_column][\/vc_row]<\/p>\n<\/div>","protected":false},"excerpt":{"rendered":"<p>[vc_row center_row=\u00a0\u00bbyes\u00a0\u00bb opn_row_id=\u00a0\u00bbsomos\u00a0\u00bb opn_row_gutter=\u00a0\u00bb70&Prime; css=\u00a0\u00bb.vc_custom_1470769969354{background-image: url(https:\/\/www.noatum.com\/wp-content\/uploads\/2016\/06\/fondo-directorio-2.jpg?id=1367) !important;}\u00a0\u00bb][vc_column css=\u00a0\u00bb.vc_custom_1470771386196{margin-bottom: -20px !important;}\u00a0\u00bb][vc_column_text]Les marchandises dangereuses sont des substances qui, en raison de leurs caract\u00e9ristiques et de leur composition, peuvent repr\u00e9senter un danger pour<\/p>\n","protected":false},"author":1,"featured_media":0,"parent":0,"menu_order":0,"comment_status":"closed","ping_status":"closed","template":"template-fullwidth.php","meta":{"footnotes":""},"class_list":["post-18571","page","type-page","status-publish","hentry"],"yoast_head":"<!-- This site is optimized with the Yoast SEO plugin v27.3 - https:\/\/yoast.com\/product\/yoast-seo-wordpress\/ -->\n<title>\u00c9tiquettes de marchandises dangereuses - Classement et exemples | Noatum<\/title>\n<meta name=\"description\" content=\"Les \u00e9tiquettes de marchandises dangereuses identifient les risques des produits transport\u00e9s et sont class\u00e9es en fonction de leur degr\u00e9 de danger.\" \/>\n<meta name=\"robots\" content=\"index, follow, max-snippet:-1, max-image-preview:large, max-video-preview:-1\" \/>\n<link rel=\"canonical\" href=\"https:\/\/www.noatum.com\/fr\/etiquettes-de-marchandises-dangereuses\/\" \/>\n<meta property=\"og:locale\" content=\"fr_FR\" \/>\n<meta property=\"og:type\" content=\"article\" \/>\n<meta property=\"og:title\" content=\"\u00c9tiquettes de marchandises dangereuses - Classement et exemples | Noatum\" \/>\n<meta property=\"og:description\" content=\"Les \u00e9tiquettes de marchandises dangereuses identifient les risques des produits transport\u00e9s et sont class\u00e9es en fonction de leur degr\u00e9 de danger.\" \/>\n<meta property=\"og:url\" content=\"https:\/\/www.noatum.com\/fr\/etiquettes-de-marchandises-dangereuses\/\" \/>\n<meta property=\"og:site_name\" content=\"Noatum\" \/>\n<meta property=\"article:modified_time\" content=\"2021-03-03T16:42:45+00:00\" \/>\n<meta property=\"og:image\" content=\"https:\/\/www.noatum.com\/wp-content\/uploads\/2016\/08\/paisesypuertos-head.jpg\" \/>\n<meta name=\"twitter:card\" content=\"summary_large_image\" \/>\n<meta name=\"twitter:title\" content=\"\u00c9tiquettes de marchandises dangereuses - Classement et exemples | Noatum\" \/>\n<meta name=\"twitter:description\" content=\"Les \u00e9tiquettes de marchandises dangereuses identifient les risques des produits transport\u00e9s et sont class\u00e9es en fonction de leur degr\u00e9 de danger.\" \/>\n<meta name=\"twitter:image\" content=\"https:\/\/www.noatum.com\/wp-content\/uploads\/2016\/08\/paisesypuertos-head.jpg\" \/>\n<meta name=\"twitter:label1\" content=\"Dur\u00e9e de lecture estim\u00e9e\" \/>\n\t<meta name=\"twitter:data1\" content=\"6 minutes\" \/>\n<script type=\"application\/ld+json\" class=\"yoast-schema-graph\">{\"@context\":\"https:\\\/\\\/schema.org\",\"@graph\":[{\"@type\":\"WebPage\",\"@id\":\"https:\\\/\\\/www.noatum.com\\\/fr\\\/etiquettes-de-marchandises-dangereuses\\\/\",\"url\":\"https:\\\/\\\/www.noatum.com\\\/fr\\\/etiquettes-de-marchandises-dangereuses\\\/\",\"name\":\"\u00c9tiquettes de marchandises dangereuses - Classement et exemples | Noatum\",\"isPartOf\":{\"@id\":\"https:\\\/\\\/www.noatum.com\\\/#website\"},\"datePublished\":\"2016-08-09T21:49:23+00:00\",\"dateModified\":\"2021-03-03T16:42:45+00:00\",\"description\":\"Les \u00e9tiquettes de marchandises dangereuses identifient les risques des produits transport\u00e9s et sont class\u00e9es en fonction de leur degr\u00e9 de danger.\",\"breadcrumb\":{\"@id\":\"https:\\\/\\\/www.noatum.com\\\/fr\\\/etiquettes-de-marchandises-dangereuses\\\/#breadcrumb\"},\"inLanguage\":\"fr-FR\",\"potentialAction\":[{\"@type\":\"ReadAction\",\"target\":[\"https:\\\/\\\/www.noatum.com\\\/fr\\\/etiquettes-de-marchandises-dangereuses\\\/\"]}]},{\"@type\":\"BreadcrumbList\",\"@id\":\"https:\\\/\\\/www.noatum.com\\\/fr\\\/etiquettes-de-marchandises-dangereuses\\\/#breadcrumb\",\"itemListElement\":[{\"@type\":\"ListItem\",\"position\":1,\"name\":\"Portada\",\"item\":\"https:\\\/\\\/www.noatum.com\\\/fr\\\/\"},{\"@type\":\"ListItem\",\"position\":2,\"name\":\"\u00c9TIQUETTES DE MARCHANDISES DANGEREUSES\"}]},{\"@type\":\"WebSite\",\"@id\":\"https:\\\/\\\/www.noatum.com\\\/#website\",\"url\":\"https:\\\/\\\/www.noatum.com\\\/\",\"name\":\"Noatum\",\"description\":\"Excelencia en Servicios Mar\u00edtimos, Log\u00edsticos y Portuarios\",\"potentialAction\":[{\"@type\":\"SearchAction\",\"target\":{\"@type\":\"EntryPoint\",\"urlTemplate\":\"https:\\\/\\\/www.noatum.com\\\/?s={search_term_string}\"},\"query-input\":{\"@type\":\"PropertyValueSpecification\",\"valueRequired\":true,\"valueName\":\"search_term_string\"}}],\"inLanguage\":\"fr-FR\"}]}<\/script>\n<!-- \/ Yoast SEO plugin. -->","yoast_head_json":{"title":"\u00c9tiquettes de marchandises dangereuses - Classement et exemples | Noatum","description":"Les \u00e9tiquettes de marchandises dangereuses identifient les risques des produits transport\u00e9s et sont class\u00e9es en fonction de leur degr\u00e9 de danger.","robots":{"index":"index","follow":"follow","max-snippet":"max-snippet:-1","max-image-preview":"max-image-preview:large","max-video-preview":"max-video-preview:-1"},"canonical":"https:\/\/www.noatum.com\/fr\/etiquettes-de-marchandises-dangereuses\/","og_locale":"fr_FR","og_type":"article","og_title":"\u00c9tiquettes de marchandises dangereuses - Classement et exemples | Noatum","og_description":"Les \u00e9tiquettes de marchandises dangereuses identifient les risques des produits transport\u00e9s et sont class\u00e9es en fonction de leur degr\u00e9 de danger.","og_url":"https:\/\/www.noatum.com\/fr\/etiquettes-de-marchandises-dangereuses\/","og_site_name":"Noatum","article_modified_time":"2021-03-03T16:42:45+00:00","og_image":[{"url":"https:\/\/www.noatum.com\/wp-content\/uploads\/2016\/08\/paisesypuertos-head.jpg","type":"","width":"","height":""}],"twitter_card":"summary_large_image","twitter_title":"\u00c9tiquettes de marchandises dangereuses - Classement et exemples | Noatum","twitter_description":"Les \u00e9tiquettes de marchandises dangereuses identifient les risques des produits transport\u00e9s et sont class\u00e9es en fonction de leur degr\u00e9 de danger.","twitter_image":"https:\/\/www.noatum.com\/wp-content\/uploads\/2016\/08\/paisesypuertos-head.jpg","twitter_misc":{"Dur\u00e9e de lecture estim\u00e9e":"6 minutes"},"schema":{"@context":"https:\/\/schema.org","@graph":[{"@type":"WebPage","@id":"https:\/\/www.noatum.com\/fr\/etiquettes-de-marchandises-dangereuses\/","url":"https:\/\/www.noatum.com\/fr\/etiquettes-de-marchandises-dangereuses\/","name":"\u00c9tiquettes de marchandises dangereuses - Classement et exemples | Noatum","isPartOf":{"@id":"https:\/\/www.noatum.com\/#website"},"datePublished":"2016-08-09T21:49:23+00:00","dateModified":"2021-03-03T16:42:45+00:00","description":"Les \u00e9tiquettes de marchandises dangereuses identifient les risques des produits transport\u00e9s et sont class\u00e9es en fonction de leur degr\u00e9 de danger.","breadcrumb":{"@id":"https:\/\/www.noatum.com\/fr\/etiquettes-de-marchandises-dangereuses\/#breadcrumb"},"inLanguage":"fr-FR","potentialAction":[{"@type":"ReadAction","target":["https:\/\/www.noatum.com\/fr\/etiquettes-de-marchandises-dangereuses\/"]}]},{"@type":"BreadcrumbList","@id":"https:\/\/www.noatum.com\/fr\/etiquettes-de-marchandises-dangereuses\/#breadcrumb","itemListElement":[{"@type":"ListItem","position":1,"name":"Portada","item":"https:\/\/www.noatum.com\/fr\/"},{"@type":"ListItem","position":2,"name":"\u00c9TIQUETTES DE MARCHANDISES DANGEREUSES"}]},{"@type":"WebSite","@id":"https:\/\/www.noatum.com\/#website","url":"https:\/\/www.noatum.com\/","name":"Noatum","description":"Excelencia en Servicios Mar\u00edtimos, Log\u00edsticos y Portuarios","potentialAction":[{"@type":"SearchAction","target":{"@type":"EntryPoint","urlTemplate":"https:\/\/www.noatum.com\/?s={search_term_string}"},"query-input":{"@type":"PropertyValueSpecification","valueRequired":true,"valueName":"search_term_string"}}],"inLanguage":"fr-FR"}]}},"_links":{"self":[{"href":"https:\/\/www.noatum.com\/fr\/wp-json\/wp\/v2\/pages\/18571","targetHints":{"allow":["GET"]}}],"collection":[{"href":"https:\/\/www.noatum.com\/fr\/wp-json\/wp\/v2\/pages"}],"about":[{"href":"https:\/\/www.noatum.com\/fr\/wp-json\/wp\/v2\/types\/page"}],"author":[{"embeddable":true,"href":"https:\/\/www.noatum.com\/fr\/wp-json\/wp\/v2\/users\/1"}],"replies":[{"embeddable":true,"href":"https:\/\/www.noatum.com\/fr\/wp-json\/wp\/v2\/comments?post=18571"}],"version-history":[{"count":2,"href":"https:\/\/www.noatum.com\/fr\/wp-json\/wp\/v2\/pages\/18571\/revisions"}],"predecessor-version":[{"id":18573,"href":"https:\/\/www.noatum.com\/fr\/wp-json\/wp\/v2\/pages\/18571\/revisions\/18573"}],"wp:attachment":[{"href":"https:\/\/www.noatum.com\/fr\/wp-json\/wp\/v2\/media?parent=18571"}],"curies":[{"name":"wp","href":"https:\/\/api.w.org\/{rel}","templated":true}]}}