{"id":18511,"date":"2016-08-09T19:33:31","date_gmt":"2016-08-09T18:33:31","guid":{"rendered":"https:\/\/www.noatum.com\/incoterms-2020\/"},"modified":"2021-11-02T10:52:02","modified_gmt":"2021-11-02T09:52:02","slug":"incoterms-2020","status":"publish","type":"page","link":"https:\/\/www.noatum.com\/fr\/incoterms-2020\/","title":{"rendered":"Incoterms"},"content":{"rendered":"<div class=\"wpb-content-wrapper\"><p>[vc_row center_row=\u00a0\u00bbyes\u00a0\u00bb opn_row_id=\u00a0\u00bbsomos\u00a0\u00bb opn_row_gutter=\u00a0\u00bb70&Prime; css=\u00a0\u00bb.vc_custom_1470769969354{background-image: url(https:\/\/www.noatum.com\/wp-content\/uploads\/2016\/06\/fondo-directorio-2.jpg?id=1367) !important;}\u00a0\u00bb][vc_column]<div id=\"ult-easy-separator-156255292469da0e1abd466\" class=\"ult-easy-separator-wrapper ult-responsive ult-top-easy-separator  \" style=\"\" data-vc-row=\"wpb_row\"  data-ultimate-target='#ult-easy-separator-156255292469da0e1abd466'  data-responsive-json-new='{\"width\":\"\"}' ><div class=\"ult-easy-separator-inner-wrapper\"><div class=\"ult-no-animation\" style=\"opacity:0;\"   ><img decoding=\"async\" class=\"ult-easy-separator-img\" alt=\"null\" src=\"https:\/\/www.noatum.com\/wp-content\/uploads\/2016\/04\/arrowdown-1.png\" \/><a href=\"#direccion\" ><\/a><\/div><\/div><\/div><div class=\"zozo-parallax-header\"><div class=\"parallax-header\"><h5 class=\"parallax-title text-center text-capitalize\" style=\"font-size:16px;margin:0px 0px 0px 0px;\">OUTILS \/ INCOTERMS<\/h5><div class=\"parallax-desc default-style text-center\"><h3 style=\"color: #af2626; margin-top: 20px; text-align: center;\">Les Incoterms sont des r\u00e8gles internationales sp\u00e9cifiant :<\/h3>\n<ul class=\"bullet_azul\">\n<li style=\"text-align: center;\">Le co\u00fbt du transport assum\u00e9 par le vendeur ;<\/li>\n<li style=\"text-align: center;\">La transmission du risque de perte du vendeur \u00e0 l&rsquo;acheteur ;<\/li>\n<li style=\"text-align: center;\">La partie qui prend en charge les formalit\u00e9s douani\u00e8res ;<\/li>\n<li style=\"text-align: center;\">La partie qui se charge des droits de douane ;<\/li>\n<li style=\"text-align: center;\">La partie devant fournir la couverture de l&rsquo;assurance.<\/li>\n<\/ul>\n<\/div><\/div><\/div>[\/vc_column][\/vc_row][vc_row center_row=\u00a0\u00bbyes\u00a0\u00bb opn_row_id=\u00a0\u00bbsomos\u00a0\u00bb opn_row_gutter=\u00a0\u00bb70&Prime;][vc_column]<div id=\"ult-easy-separator-347151499469da0e1abd54a\" class=\"ult-easy-separator-wrapper ult-responsive ult-top-easy-separator  \" style=\"\" data-vc-row=\"wpb_row\"  data-ultimate-target='#ult-easy-separator-347151499469da0e1abd54a'  data-responsive-json-new='{\"width\":\"\"}' ><div class=\"ult-easy-separator-inner-wrapper\"><div class=\"ult-no-animation\" style=\"opacity:0;\"   ><img decoding=\"async\" class=\"ult-easy-separator-img\" alt=\"null\" src=\"https:\/\/www.noatum.com\/wp-content\/uploads\/2016\/04\/arrowdown-1.png\" \/><a href=\"#direccion\" ><\/a><\/div><\/div><\/div>[vc_row_inner][vc_column_inner width=\u00a0\u00bb2\/3&Prime;]<div class=\"zozo-parallax-header\"><div class=\"parallax-header\"><div class=\"parallax-desc default-style text-left\"><h3 style=\"color: #af2626; margin-top: 20px;\">Il existe treize Incoterms r\u00e9partis en quatre cat\u00e9gories:<\/h3>\n<ul class=\"bullet_red\">\n<li><strong>E (EXW):<\/strong> Le vendeur met les marchandises \u00e0 la disposition de l&rsquo;acheteur dans des locaux lui appartenant.<\/li>\n<li><strong>F (FCA, FAS, FOB):<\/strong> Le vendeur remet la marchandise \u00e0 un transporteur d\u00e9sign\u00e9 par l&rsquo;acheteur.<\/li>\n<li><strong>C (CFR, CIF, CPT, CIP):<\/strong> Le vendeur engage le transport mais sans assumer le risque de perte ou de dommage des marchandises ni les co\u00fbts suppl\u00e9mentaires entra\u00een\u00e9s par des \u00e9v\u00e9nements survenus apr\u00e8s le chargement et le d\u00e9douanement.<\/li>\n<li><strong>D (DAT DAP, DDP):<\/strong> Le vendeur prend en charge tous les frais et risques jusqu&rsquo;au lieu de destination.<\/li>\n<\/ul>\n<\/div><\/div><\/div>[\/vc_column_inner][vc_column_inner width=\u00a0\u00bb1\/3&Prime;][vc_single_image image=\u00a0\u00bb18514&Prime; img_size=\u00a0\u00bb\u00a0\u00bb alignment=\u00a0\u00bbcenter\u00a0\u00bb][vc_btn title=\u00a0\u00bbVoir le tableau\u00a0\u00bb align=\u00a0\u00bbcenter\u00a0\u00bb i_icon_fontawesome=\u00a0\u00bb\u00a0\u00bb add_icon=\u00a0\u00bbtrue\u00a0\u00bb link=\u00a0\u00bburl:https%3A%2F%2Fwww.noatum.com%2Fwp-content%2Fuploads%2F2020%2F03%2FIncoterms-N-2020.pdf|target:%20_blank|\u00a0\u00bb][\/vc_column_inner][\/vc_row_inner][\/vc_column][\/vc_row]<\/p>\n<\/div>","protected":false},"excerpt":{"rendered":"<p>[vc_row center_row=\u00a0\u00bbyes\u00a0\u00bb opn_row_id=\u00a0\u00bbsomos\u00a0\u00bb opn_row_gutter=\u00a0\u00bb70&Prime; css=\u00a0\u00bb.vc_custom_1470769969354{background-image: url(https:\/\/www.noatum.com\/wp-content\/uploads\/2016\/06\/fondo-directorio-2.jpg?id=1367) !important;}\u00a0\u00bb][vc_column][\/vc_column][\/vc_row][vc_row center_row=\u00a0\u00bbyes\u00a0\u00bb opn_row_id=\u00a0\u00bbsomos\u00a0\u00bb opn_row_gutter=\u00a0\u00bb70&Prime;][vc_column][vc_row_inner][vc_column_inner width=\u00a0\u00bb2\/3&Prime;][\/vc_column_inner][vc_column_inner width=\u00a0\u00bb1\/3&Prime;][vc_single_image image=\u00a0\u00bb18514&Prime; img_size=\u00a0\u00bb\u00a0\u00bb alignment=\u00a0\u00bbcenter\u00a0\u00bb][vc_btn title=\u00a0\u00bbVoir le tableau\u00a0\u00bb align=\u00a0\u00bbcenter\u00a0\u00bb i_icon_fontawesome=\u00a0\u00bb\u00a0\u00bb add_icon=\u00a0\u00bbtrue\u00a0\u00bb link=\u00a0\u00bburl:https%3A%2F%2Fwww.noatum.com%2Fwp-content%2Fuploads%2F2020%2F03%2FIncoterms-N-2020.pdf|target:%20_blank|\u00a0\u00bb][\/vc_column_inner][\/vc_row_inner][\/vc_column][\/vc_row]<\/p>\n","protected":false},"author":1,"featured_media":0,"parent":0,"menu_order":0,"comment_status":"closed","ping_status":"closed","template":"template-fullwidth.php","meta":{"footnotes":""},"class_list":["post-18511","page","type-page","status-publish","hentry"],"yoast_head":"<!-- This site is optimized with the Yoast SEO plugin v27.3 - https:\/\/yoast.com\/product\/yoast-seo-wordpress\/ -->\n<title>Incoterms - Noatum<\/title>\n<meta name=\"description\" content=\"Conna\u00eetre les r\u00e8gles internationales, leurs cat\u00e9gories et leurs sp\u00e9cifications.\" \/>\n<meta name=\"robots\" content=\"index, follow, max-snippet:-1, max-image-preview:large, max-video-preview:-1\" \/>\n<link rel=\"canonical\" href=\"https:\/\/www.noatum.com\/fr\/incoterms-2020\/\" \/>\n<meta property=\"og:locale\" content=\"fr_FR\" \/>\n<meta property=\"og:type\" content=\"article\" \/>\n<meta property=\"og:title\" content=\"Incoterms - Noatum\" \/>\n<meta property=\"og:description\" content=\"Conna\u00eetre les r\u00e8gles internationales, leurs cat\u00e9gories et leurs sp\u00e9cifications.\" \/>\n<meta property=\"og:url\" content=\"https:\/\/www.noatum.com\/fr\/incoterms-2020\/\" \/>\n<meta property=\"og:site_name\" content=\"Noatum\" \/>\n<meta property=\"article:modified_time\" content=\"2021-11-02T09:52:02+00:00\" \/>\n<meta name=\"twitter:card\" content=\"summary_large_image\" \/>\n<meta name=\"twitter:label1\" content=\"Dur\u00e9e de lecture estim\u00e9e\" \/>\n\t<meta name=\"twitter:data1\" content=\"2 minutes\" \/>\n<script type=\"application\/ld+json\" class=\"yoast-schema-graph\">{\"@context\":\"https:\\\/\\\/schema.org\",\"@graph\":[{\"@type\":\"WebPage\",\"@id\":\"https:\\\/\\\/www.noatum.com\\\/fr\\\/incoterms-2020\\\/\",\"url\":\"https:\\\/\\\/www.noatum.com\\\/fr\\\/incoterms-2020\\\/\",\"name\":\"Incoterms - Noatum\",\"isPartOf\":{\"@id\":\"https:\\\/\\\/www.noatum.com\\\/#website\"},\"datePublished\":\"2016-08-09T18:33:31+00:00\",\"dateModified\":\"2021-11-02T09:52:02+00:00\",\"description\":\"Conna\u00eetre les r\u00e8gles internationales, leurs cat\u00e9gories et leurs sp\u00e9cifications.\",\"breadcrumb\":{\"@id\":\"https:\\\/\\\/www.noatum.com\\\/fr\\\/incoterms-2020\\\/#breadcrumb\"},\"inLanguage\":\"fr-FR\",\"potentialAction\":[{\"@type\":\"ReadAction\",\"target\":[\"https:\\\/\\\/www.noatum.com\\\/fr\\\/incoterms-2020\\\/\"]}]},{\"@type\":\"BreadcrumbList\",\"@id\":\"https:\\\/\\\/www.noatum.com\\\/fr\\\/incoterms-2020\\\/#breadcrumb\",\"itemListElement\":[{\"@type\":\"ListItem\",\"position\":1,\"name\":\"Portada\",\"item\":\"https:\\\/\\\/www.noatum.com\\\/fr\\\/\"},{\"@type\":\"ListItem\",\"position\":2,\"name\":\"Incoterms\"}]},{\"@type\":\"WebSite\",\"@id\":\"https:\\\/\\\/www.noatum.com\\\/#website\",\"url\":\"https:\\\/\\\/www.noatum.com\\\/\",\"name\":\"Noatum\",\"description\":\"Excelencia en Servicios Mar\u00edtimos, Log\u00edsticos y Portuarios\",\"potentialAction\":[{\"@type\":\"SearchAction\",\"target\":{\"@type\":\"EntryPoint\",\"urlTemplate\":\"https:\\\/\\\/www.noatum.com\\\/?s={search_term_string}\"},\"query-input\":{\"@type\":\"PropertyValueSpecification\",\"valueRequired\":true,\"valueName\":\"search_term_string\"}}],\"inLanguage\":\"fr-FR\"}]}<\/script>\n<!-- \/ Yoast SEO plugin. -->","yoast_head_json":{"title":"Incoterms - Noatum","description":"Conna\u00eetre les r\u00e8gles internationales, leurs cat\u00e9gories et leurs sp\u00e9cifications.","robots":{"index":"index","follow":"follow","max-snippet":"max-snippet:-1","max-image-preview":"max-image-preview:large","max-video-preview":"max-video-preview:-1"},"canonical":"https:\/\/www.noatum.com\/fr\/incoterms-2020\/","og_locale":"fr_FR","og_type":"article","og_title":"Incoterms - Noatum","og_description":"Conna\u00eetre les r\u00e8gles internationales, leurs cat\u00e9gories et leurs sp\u00e9cifications.","og_url":"https:\/\/www.noatum.com\/fr\/incoterms-2020\/","og_site_name":"Noatum","article_modified_time":"2021-11-02T09:52:02+00:00","twitter_card":"summary_large_image","twitter_misc":{"Dur\u00e9e de lecture estim\u00e9e":"2 minutes"},"schema":{"@context":"https:\/\/schema.org","@graph":[{"@type":"WebPage","@id":"https:\/\/www.noatum.com\/fr\/incoterms-2020\/","url":"https:\/\/www.noatum.com\/fr\/incoterms-2020\/","name":"Incoterms - Noatum","isPartOf":{"@id":"https:\/\/www.noatum.com\/#website"},"datePublished":"2016-08-09T18:33:31+00:00","dateModified":"2021-11-02T09:52:02+00:00","description":"Conna\u00eetre les r\u00e8gles internationales, leurs cat\u00e9gories et leurs sp\u00e9cifications.","breadcrumb":{"@id":"https:\/\/www.noatum.com\/fr\/incoterms-2020\/#breadcrumb"},"inLanguage":"fr-FR","potentialAction":[{"@type":"ReadAction","target":["https:\/\/www.noatum.com\/fr\/incoterms-2020\/"]}]},{"@type":"BreadcrumbList","@id":"https:\/\/www.noatum.com\/fr\/incoterms-2020\/#breadcrumb","itemListElement":[{"@type":"ListItem","position":1,"name":"Portada","item":"https:\/\/www.noatum.com\/fr\/"},{"@type":"ListItem","position":2,"name":"Incoterms"}]},{"@type":"WebSite","@id":"https:\/\/www.noatum.com\/#website","url":"https:\/\/www.noatum.com\/","name":"Noatum","description":"Excelencia en Servicios Mar\u00edtimos, Log\u00edsticos y Portuarios","potentialAction":[{"@type":"SearchAction","target":{"@type":"EntryPoint","urlTemplate":"https:\/\/www.noatum.com\/?s={search_term_string}"},"query-input":{"@type":"PropertyValueSpecification","valueRequired":true,"valueName":"search_term_string"}}],"inLanguage":"fr-FR"}]}},"_links":{"self":[{"href":"https:\/\/www.noatum.com\/fr\/wp-json\/wp\/v2\/pages\/18511","targetHints":{"allow":["GET"]}}],"collection":[{"href":"https:\/\/www.noatum.com\/fr\/wp-json\/wp\/v2\/pages"}],"about":[{"href":"https:\/\/www.noatum.com\/fr\/wp-json\/wp\/v2\/types\/page"}],"author":[{"embeddable":true,"href":"https:\/\/www.noatum.com\/fr\/wp-json\/wp\/v2\/users\/1"}],"replies":[{"embeddable":true,"href":"https:\/\/www.noatum.com\/fr\/wp-json\/wp\/v2\/comments?post=18511"}],"version-history":[{"count":3,"href":"https:\/\/www.noatum.com\/fr\/wp-json\/wp\/v2\/pages\/18511\/revisions"}],"predecessor-version":[{"id":22701,"href":"https:\/\/www.noatum.com\/fr\/wp-json\/wp\/v2\/pages\/18511\/revisions\/22701"}],"wp:attachment":[{"href":"https:\/\/www.noatum.com\/fr\/wp-json\/wp\/v2\/media?parent=18511"}],"curies":[{"name":"wp","href":"https:\/\/api.w.org\/{rel}","templated":true}]}}