{"id":18447,"date":"2016-08-17T20:19:41","date_gmt":"2016-08-17T19:19:41","guid":{"rendered":"https:\/\/www.noatum.com\/type-de-conteneurs-aeriens-pour-animaux-vivants\/"},"modified":"2021-11-02T16:55:58","modified_gmt":"2021-11-02T15:55:58","slug":"type-de-conteneurs-aeriens-pour-animaux-vivants","status":"publish","type":"page","link":"https:\/\/www.noatum.com\/fr\/type-de-conteneurs-aeriens-pour-animaux-vivants\/","title":{"rendered":"Type de conteneurs &#8211; A\u00e9riens &#8211; Pour animaux vivants"},"content":{"rendered":"<div class=\"wpb-content-wrapper\"><p>[vc_row center_row=\u00a0\u00bbyes\u00a0\u00bb opn_row_id=\u00a0\u00bbsomos\u00a0\u00bb opn_row_gutter=\u00a0\u00bb70&Prime; css=\u00a0\u00bb.vc_custom_1470769969354{background-image: url(https:\/\/www.noatum.com\/wp-content\/uploads\/2016\/06\/fondo-directorio-2.jpg?id=1367) !important;}\u00a0\u00bb][vc_column css=\u00a0\u00bb.vc_custom_1470771386196{margin-bottom: -20px !important;}\u00a0\u00bb]<div id=\"ult-easy-separator-36228855666a00b64c3766b\" class=\"ult-easy-separator-wrapper ult-responsive ult-top-easy-separator  \" style=\"\" data-vc-row=\"wpb_row\"  data-ultimate-target='#ult-easy-separator-36228855666a00b64c3766b'  data-responsive-json-new='{\"width\":\"\"}' ><div class=\"ult-easy-separator-inner-wrapper\"><div class=\"ult-no-animation\" style=\"opacity:0;\"   ><img decoding=\"async\" class=\"ult-easy-separator-img\" alt=\"null\" src=\"https:\/\/www.noatum.com\/wp-content\/uploads\/2016\/04\/arrowdown-1.png\" \/><a href=\"#direccion\" ><\/a><\/div><\/div><\/div><div class=\"zozo-parallax-header\"><div class=\"parallax-header\"><h5 class=\"parallax-title text-center text-capitalize\" style=\"font-size:16px;margin:0px 0px 0px 0px;\">OUTILS<\/h5><div class=\"parallax-desc default-style text-center\"><h3 style=\"color: #af2626; margin-top: 20px; text-align: center;\">Type de conteneurs &#8211; A\u00e9riens &#8211; Pour animaux vivants<\/h3>\n<p>&nbsp;<\/p>\n<div class=\"vc_btn3-container vc_btn3-inline\" style=\"text-align: center;\"><a class=\"vc_general vc_btn3 vc_btn3-size-md vc_btn3-shape-rounded vc_btn3-style-default vc_btn3-color-primary-bg\" title=\"\" href=\"https:\/\/www.noatum.com\/fr\/type-de-conteneurs-aeriens-standard\/\">Standard<\/a><\/div>\n<div class=\"vc_btn3-container vc_btn3-inline\" style=\"text-align: center;\"><a class=\"vc_general vc_btn3 vc_btn3-size-md vc_btn3-shape-rounded vc_btn3-style-default vc_btn3-color-primary-bg\" title=\"\" href=\"https:\/\/www.noatum.com\/fr\/type-de-conteneurs-aeriens-de-securite\/\">De s\u00e9curit\u00e9<\/a><\/div>\n<div class=\"vc_btn3-container vc_btn3-inline\" style=\"text-align: center;\"><a class=\"vc_general vc_btn3 vc_btn3-size-md vc_btn3-shape-rounded vc_btn3-style-default vc_btn3-color-primary-bg\" title=\"\" href=\"https:\/\/www.noatum.com\/fr\/type-de-conteneurs-aeriens-isothermes\/\">Isothermes<\/a><\/div>\n<div class=\"vc_btn3-container vc_btn3-inline\" style=\"text-align: center;\"><a class=\"vc_general vc_btn3 vc_btn3-size-md vc_btn3-shape-rounded vc_btn3-style-default vc_btn3-color-primary-bg\" title=\"\" href=\"https:\/\/www.noatum.com\/fr\/type-de-conteneurs-aeriens-pour-animaux-vivants\/\">Pour animaux vivants<\/a><\/div>\n<div class=\"vc_btn3-container vc_btn3-inline\" style=\"text-align: center;\"><a class=\"vc_general vc_btn3 vc_btn3-size-md vc_btn3-shape-rounded vc_btn3-style-default vc_btn3-color-primary-bg\" title=\"\" href=\"https:\/\/www.noatum.com\/fr\/type-de-conteneurs-aeriens-palettes\/\">Palettes<\/a><\/div>\n<\/div><\/div><\/div>[\/vc_column][\/vc_row][vc_row match_height=\u00a0\u00bbyes\u00a0\u00bb center_row=\u00a0\u00bbyes\u00a0\u00bb][vc_column][vc_column_text]<\/p>\n<table border=\"0\" width=\"100%\" cellspacing=\"0\" cellpadding=\"5\">\n<tbody>\n<tr>\n<td style=\"color: #ffffff;\" colspan=\"8\" bgcolor=\"#00305e\" height=\"10\">Conteneurs pour animaux vivants . Conteneur pour b\u00e9tail.Conteneur IATA KMP \/ HQ2<\/td>\n<\/tr>\n<tr>\n<td colspan=\"8\" height=\"10\">Palette enti\u00e8rement en aluminium avec 3 niveaux pour transporter des animaux vivants (bovins, ovins, porcs, etc.)<br \/>\nMont\u00e9 sur une palette de 96&Prime; x 125&Prime;<br \/>\nPanneaux \u00e9quip\u00e9s de ventilation<br \/>\nPorte interm\u00e9diaire amovible<\/td>\n<\/tr>\n<tr>\n<td bgcolor=\"#efefef\" height=\"20\">Dimensions<\/td>\n<td bgcolor=\"#efefef\" height=\"20\"><\/td>\n<td bgcolor=\"#efefef\" height=\"20\">Longueur<\/td>\n<td bgcolor=\"#efefef\">317.5 cm<\/td>\n<td bgcolor=\"#efefef\" height=\"20\">Largeur<\/td>\n<td bgcolor=\"#efefef\" height=\"20\">244 cm<\/td>\n<td bgcolor=\"#efefef\" height=\"20\">Hauteur<\/td>\n<td bgcolor=\"#efefef\" height=\"20\">160 cm<\/td>\n<\/tr>\n<tr>\n<td height=\"20\">Tare<\/td>\n<td height=\"20\">370 a 430 kg. con piso<br \/>\ninterm\u00e9diaire<\/td>\n<td colspan=\"2\" rowspan=\"2\"><img loading=\"lazy\" decoding=\"async\" class=\"size-full wp-image-18450 aligncenter\" src=\"https:\/\/www.noatum.com\/wp-content\/uploads\/2016\/08\/Contenedor_88-125-63-1.gif\" alt=\"Contenedor_88-125-63\" width=\"186\" height=\"85\" \/><\/td>\n<td colspan=\"2\" height=\"20\"><\/td>\n<td colspan=\"2\" height=\"20\"><\/td>\n<\/tr>\n<tr>\n<td bgcolor=\"#EFEFEF\" height=\"20\">Compatible avec les avions:<\/td>\n<td bgcolor=\"#EFEFEF\" height=\"20\">B747<\/td>\n<td colspan=\"2\" bgcolor=\"#EFEFEF\" height=\"20\"><\/td>\n<td colspan=\"2\" bgcolor=\"#EFEFEF\" height=\"20\"><\/td>\n<\/tr>\n<\/tbody>\n<\/table>\n<p>[\/vc_column_text][\/vc_column][\/vc_row][vc_row match_height=\u00a0\u00bbyes\u00a0\u00bb center_row=\u00a0\u00bbyes\u00a0\u00bb css=\u00a0\u00bb.vc_custom_1471465072562{padding-top: 40px !important;}\u00a0\u00bb][vc_column][vc_column_text]<\/p>\n<table border=\"0\" width=\"100%\" cellspacing=\"0\" cellpadding=\"5\">\n<tbody>\n<tr>\n<td style=\"color: #ffffff;\" colspan=\"8\" bgcolor=\"#00305e\" height=\"10\">Conteneurs pour animaux vivants . Conteneur triple pour chevaux. C\u00f3digo HMA \/ H6P<\/td>\n<\/tr>\n<tr>\n<td colspan=\"8\" height=\"10\">Base en aluminium, emp\u00eache l&rsquo;acc\u00e8s des sons gr\u00e2ce \u00e0 de la mousse entre les panneaux lat\u00e9raux. Panneaux et distributions int\u00e9rieurs.<br \/>\ndistributions int\u00e9rieurs. Sol antid\u00e9rapant, partitions amovibles pour 1 \u00e0 3 chevaux.<br \/>\nToit couvert, porte avant et arri\u00e8re en rampe pour permettre de faire monter et descendre les chevaux sans les faire reculer.<\/td>\n<\/tr>\n<tr>\n<td bgcolor=\"#efefef\" height=\"20\">Dimensions<\/td>\n<td bgcolor=\"#efefef\" height=\"20\"><\/td>\n<td bgcolor=\"#efefef\" height=\"20\">Longueur<\/td>\n<td bgcolor=\"#efefef\">317.5 cm<\/td>\n<td bgcolor=\"#efefef\" height=\"20\">Largeur<\/td>\n<td bgcolor=\"#efefef\" height=\"20\">244 cm<\/td>\n<td bgcolor=\"#efefef\" height=\"20\">Hauteur<\/td>\n<td bgcolor=\"#efefef\" height=\"20\">244 cm<\/td>\n<\/tr>\n<tr>\n<td height=\"20\">Tare<\/td>\n<td height=\"20\">775 kg. o 900 kg.<\/td>\n<td colspan=\"2\" rowspan=\"2\"><img loading=\"lazy\" decoding=\"async\" class=\"size-full wp-image-18453 aligncenter\" src=\"https:\/\/www.noatum.com\/wp-content\/uploads\/2016\/08\/Contenedor_Animales-caballos.gif\" alt=\"Contenedor_Animales-caballos\" width=\"186\" height=\"85\" \/><\/td>\n<td colspan=\"2\" height=\"20\"><\/td>\n<td colspan=\"2\" height=\"20\"><\/td>\n<\/tr>\n<tr>\n<td bgcolor=\"#EFEFEF\" height=\"20\">Compatible avec les avions:<\/td>\n<td bgcolor=\"#EFEFEF\" height=\"20\">B747<\/td>\n<td colspan=\"2\" bgcolor=\"#EFEFEF\" height=\"20\"><\/td>\n<td colspan=\"2\" bgcolor=\"#EFEFEF\" height=\"20\"><\/td>\n<\/tr>\n<\/tbody>\n<\/table>\n<p>[\/vc_column_text][\/vc_column][\/vc_row]<\/p>\n<\/div>","protected":false},"excerpt":{"rendered":"<p>[vc_row center_row=\u00a0\u00bbyes\u00a0\u00bb opn_row_id=\u00a0\u00bbsomos\u00a0\u00bb opn_row_gutter=\u00a0\u00bb70&Prime; css=\u00a0\u00bb.vc_custom_1470769969354{background-image: url(https:\/\/www.noatum.com\/wp-content\/uploads\/2016\/06\/fondo-directorio-2.jpg?id=1367) !important;}\u00a0\u00bb][vc_column css=\u00a0\u00bb.vc_custom_1470771386196{margin-bottom: -20px !important;}\u00a0\u00bb][\/vc_column][\/vc_row][vc_row match_height=\u00a0\u00bbyes\u00a0\u00bb center_row=\u00a0\u00bbyes\u00a0\u00bb][vc_column][vc_column_text] Conteneurs pour animaux vivants . Conteneur pour b\u00e9tail.Conteneur IATA KMP \/ HQ2 Palette enti\u00e8rement en aluminium avec 3<\/p>\n","protected":false},"author":1,"featured_media":0,"parent":0,"menu_order":0,"comment_status":"closed","ping_status":"closed","template":"","meta":{"footnotes":""},"class_list":["post-18447","page","type-page","status-publish","hentry"],"yoast_head":"<!-- This site is optimized with the Yoast SEO plugin v27.5 - https:\/\/yoast.com\/product\/yoast-seo-wordpress\/ -->\n<title>Type de conteneurs - A\u00e9riens - Pour animaux vivants - Noatum<\/title>\n<meta name=\"description\" content=\"Type de conteneurs A\u00e9riens Pour Animaux Vivants\" \/>\n<meta name=\"robots\" content=\"index, follow, max-snippet:-1, max-image-preview:large, max-video-preview:-1\" \/>\n<link rel=\"canonical\" href=\"https:\/\/www.noatum.com\/fr\/type-de-conteneurs-aeriens-pour-animaux-vivants\/\" \/>\n<meta property=\"og:locale\" content=\"fr_FR\" \/>\n<meta property=\"og:type\" content=\"article\" \/>\n<meta property=\"og:title\" content=\"Type de conteneurs - A\u00e9riens - Pour animaux vivants - Noatum\" \/>\n<meta property=\"og:description\" content=\"Type de conteneurs A\u00e9riens Pour Animaux Vivants\" \/>\n<meta property=\"og:url\" content=\"https:\/\/www.noatum.com\/fr\/type-de-conteneurs-aeriens-pour-animaux-vivants\/\" \/>\n<meta property=\"og:site_name\" content=\"Noatum\" \/>\n<meta property=\"article:modified_time\" content=\"2021-11-02T15:55:58+00:00\" \/>\n<meta property=\"og:image\" content=\"https:\/\/www.noatum.com\/wp-content\/uploads\/2016\/08\/Contenedor_88-125-63-1.gif\" \/>\n<meta name=\"twitter:card\" content=\"summary_large_image\" \/>\n<meta name=\"twitter:label1\" content=\"Dur\u00e9e de lecture estim\u00e9e\" \/>\n\t<meta name=\"twitter:data1\" content=\"2 minutes\" \/>\n<script type=\"application\/ld+json\" class=\"yoast-schema-graph\">{\"@context\":\"https:\\\/\\\/schema.org\",\"@graph\":[{\"@type\":\"WebPage\",\"@id\":\"https:\\\/\\\/www.noatum.com\\\/fr\\\/type-de-conteneurs-aeriens-pour-animaux-vivants\\\/\",\"url\":\"https:\\\/\\\/www.noatum.com\\\/fr\\\/type-de-conteneurs-aeriens-pour-animaux-vivants\\\/\",\"name\":\"Type de conteneurs - A\u00e9riens - Pour animaux vivants - Noatum\",\"isPartOf\":{\"@id\":\"https:\\\/\\\/www.noatum.com\\\/#website\"},\"primaryImageOfPage\":{\"@id\":\"https:\\\/\\\/www.noatum.com\\\/fr\\\/type-de-conteneurs-aeriens-pour-animaux-vivants\\\/#primaryimage\"},\"image\":{\"@id\":\"https:\\\/\\\/www.noatum.com\\\/fr\\\/type-de-conteneurs-aeriens-pour-animaux-vivants\\\/#primaryimage\"},\"thumbnailUrl\":\"https:\\\/\\\/www.noatum.com\\\/wp-content\\\/uploads\\\/2016\\\/08\\\/Contenedor_88-125-63-1.gif\",\"datePublished\":\"2016-08-17T19:19:41+00:00\",\"dateModified\":\"2021-11-02T15:55:58+00:00\",\"description\":\"Type de conteneurs A\u00e9riens Pour Animaux Vivants\",\"breadcrumb\":{\"@id\":\"https:\\\/\\\/www.noatum.com\\\/fr\\\/type-de-conteneurs-aeriens-pour-animaux-vivants\\\/#breadcrumb\"},\"inLanguage\":\"fr-FR\",\"potentialAction\":[{\"@type\":\"ReadAction\",\"target\":[\"https:\\\/\\\/www.noatum.com\\\/fr\\\/type-de-conteneurs-aeriens-pour-animaux-vivants\\\/\"]}]},{\"@type\":\"ImageObject\",\"inLanguage\":\"fr-FR\",\"@id\":\"https:\\\/\\\/www.noatum.com\\\/fr\\\/type-de-conteneurs-aeriens-pour-animaux-vivants\\\/#primaryimage\",\"url\":\"https:\\\/\\\/www.noatum.com\\\/wp-content\\\/uploads\\\/2016\\\/08\\\/Contenedor_88-125-63-1.gif\",\"contentUrl\":\"https:\\\/\\\/www.noatum.com\\\/wp-content\\\/uploads\\\/2016\\\/08\\\/Contenedor_88-125-63-1.gif\"},{\"@type\":\"BreadcrumbList\",\"@id\":\"https:\\\/\\\/www.noatum.com\\\/fr\\\/type-de-conteneurs-aeriens-pour-animaux-vivants\\\/#breadcrumb\",\"itemListElement\":[{\"@type\":\"ListItem\",\"position\":1,\"name\":\"Portada\",\"item\":\"https:\\\/\\\/www.noatum.com\\\/fr\\\/\"},{\"@type\":\"ListItem\",\"position\":2,\"name\":\"Type de conteneurs &#8211; A\u00e9riens &#8211; Pour animaux vivants\"}]},{\"@type\":\"WebSite\",\"@id\":\"https:\\\/\\\/www.noatum.com\\\/#website\",\"url\":\"https:\\\/\\\/www.noatum.com\\\/\",\"name\":\"Noatum\",\"description\":\"Excelencia en Servicios Mar\u00edtimos, Log\u00edsticos y Portuarios\",\"potentialAction\":[{\"@type\":\"SearchAction\",\"target\":{\"@type\":\"EntryPoint\",\"urlTemplate\":\"https:\\\/\\\/www.noatum.com\\\/?s={search_term_string}\"},\"query-input\":{\"@type\":\"PropertyValueSpecification\",\"valueRequired\":true,\"valueName\":\"search_term_string\"}}],\"inLanguage\":\"fr-FR\"}]}<\/script>\n<!-- \/ Yoast SEO plugin. -->","yoast_head_json":{"title":"Type de conteneurs - A\u00e9riens - Pour animaux vivants - Noatum","description":"Type de conteneurs A\u00e9riens Pour Animaux Vivants","robots":{"index":"index","follow":"follow","max-snippet":"max-snippet:-1","max-image-preview":"max-image-preview:large","max-video-preview":"max-video-preview:-1"},"canonical":"https:\/\/www.noatum.com\/fr\/type-de-conteneurs-aeriens-pour-animaux-vivants\/","og_locale":"fr_FR","og_type":"article","og_title":"Type de conteneurs - A\u00e9riens - Pour animaux vivants - Noatum","og_description":"Type de conteneurs A\u00e9riens Pour Animaux Vivants","og_url":"https:\/\/www.noatum.com\/fr\/type-de-conteneurs-aeriens-pour-animaux-vivants\/","og_site_name":"Noatum","article_modified_time":"2021-11-02T15:55:58+00:00","og_image":[{"url":"https:\/\/www.noatum.com\/wp-content\/uploads\/2016\/08\/Contenedor_88-125-63-1.gif","type":"","width":"","height":""}],"twitter_card":"summary_large_image","twitter_misc":{"Dur\u00e9e de lecture estim\u00e9e":"2 minutes"},"schema":{"@context":"https:\/\/schema.org","@graph":[{"@type":"WebPage","@id":"https:\/\/www.noatum.com\/fr\/type-de-conteneurs-aeriens-pour-animaux-vivants\/","url":"https:\/\/www.noatum.com\/fr\/type-de-conteneurs-aeriens-pour-animaux-vivants\/","name":"Type de conteneurs - A\u00e9riens - Pour animaux vivants - Noatum","isPartOf":{"@id":"https:\/\/www.noatum.com\/#website"},"primaryImageOfPage":{"@id":"https:\/\/www.noatum.com\/fr\/type-de-conteneurs-aeriens-pour-animaux-vivants\/#primaryimage"},"image":{"@id":"https:\/\/www.noatum.com\/fr\/type-de-conteneurs-aeriens-pour-animaux-vivants\/#primaryimage"},"thumbnailUrl":"https:\/\/www.noatum.com\/wp-content\/uploads\/2016\/08\/Contenedor_88-125-63-1.gif","datePublished":"2016-08-17T19:19:41+00:00","dateModified":"2021-11-02T15:55:58+00:00","description":"Type de conteneurs A\u00e9riens Pour Animaux Vivants","breadcrumb":{"@id":"https:\/\/www.noatum.com\/fr\/type-de-conteneurs-aeriens-pour-animaux-vivants\/#breadcrumb"},"inLanguage":"fr-FR","potentialAction":[{"@type":"ReadAction","target":["https:\/\/www.noatum.com\/fr\/type-de-conteneurs-aeriens-pour-animaux-vivants\/"]}]},{"@type":"ImageObject","inLanguage":"fr-FR","@id":"https:\/\/www.noatum.com\/fr\/type-de-conteneurs-aeriens-pour-animaux-vivants\/#primaryimage","url":"https:\/\/www.noatum.com\/wp-content\/uploads\/2016\/08\/Contenedor_88-125-63-1.gif","contentUrl":"https:\/\/www.noatum.com\/wp-content\/uploads\/2016\/08\/Contenedor_88-125-63-1.gif"},{"@type":"BreadcrumbList","@id":"https:\/\/www.noatum.com\/fr\/type-de-conteneurs-aeriens-pour-animaux-vivants\/#breadcrumb","itemListElement":[{"@type":"ListItem","position":1,"name":"Portada","item":"https:\/\/www.noatum.com\/fr\/"},{"@type":"ListItem","position":2,"name":"Type de conteneurs &#8211; A\u00e9riens &#8211; Pour animaux vivants"}]},{"@type":"WebSite","@id":"https:\/\/www.noatum.com\/#website","url":"https:\/\/www.noatum.com\/","name":"Noatum","description":"Excelencia en Servicios Mar\u00edtimos, Log\u00edsticos y Portuarios","potentialAction":[{"@type":"SearchAction","target":{"@type":"EntryPoint","urlTemplate":"https:\/\/www.noatum.com\/?s={search_term_string}"},"query-input":{"@type":"PropertyValueSpecification","valueRequired":true,"valueName":"search_term_string"}}],"inLanguage":"fr-FR"}]}},"_links":{"self":[{"href":"https:\/\/www.noatum.com\/fr\/wp-json\/wp\/v2\/pages\/18447","targetHints":{"allow":["GET"]}}],"collection":[{"href":"https:\/\/www.noatum.com\/fr\/wp-json\/wp\/v2\/pages"}],"about":[{"href":"https:\/\/www.noatum.com\/fr\/wp-json\/wp\/v2\/types\/page"}],"author":[{"embeddable":true,"href":"https:\/\/www.noatum.com\/fr\/wp-json\/wp\/v2\/users\/1"}],"replies":[{"embeddable":true,"href":"https:\/\/www.noatum.com\/fr\/wp-json\/wp\/v2\/comments?post=18447"}],"version-history":[{"count":3,"href":"https:\/\/www.noatum.com\/fr\/wp-json\/wp\/v2\/pages\/18447\/revisions"}],"predecessor-version":[{"id":22748,"href":"https:\/\/www.noatum.com\/fr\/wp-json\/wp\/v2\/pages\/18447\/revisions\/22748"}],"wp:attachment":[{"href":"https:\/\/www.noatum.com\/fr\/wp-json\/wp\/v2\/media?parent=18447"}],"curies":[{"name":"wp","href":"https:\/\/api.w.org\/{rel}","templated":true}]}}