{"id":18423,"date":"2016-08-17T19:54:00","date_gmt":"2016-08-17T18:54:00","guid":{"rendered":"https:\/\/www.noatum.com\/type-de-conteneurs-aeriens-isothermes\/"},"modified":"2021-11-02T16:51:43","modified_gmt":"2021-11-02T15:51:43","slug":"type-de-conteneurs-aeriens-isothermes","status":"publish","type":"page","link":"https:\/\/www.noatum.com\/fr\/type-de-conteneurs-aeriens-isothermes\/","title":{"rendered":"Type de conteneurs &#8211; A\u00e9riens &#8211; Isothermes"},"content":{"rendered":"<div class=\"wpb-content-wrapper\"><p>[vc_row center_row=\u00a0\u00bbyes\u00a0\u00bb opn_row_id=\u00a0\u00bbsomos\u00a0\u00bb opn_row_gutter=\u00a0\u00bb70&Prime; css=\u00a0\u00bb.vc_custom_1470769969354{background-image: url(https:\/\/www.noatum.com\/wp-content\/uploads\/2016\/06\/fondo-directorio-2.jpg?id=1367) !important;}\u00a0\u00bb][vc_column css=\u00a0\u00bb.vc_custom_1470771386196{margin-bottom: -20px !important;}\u00a0\u00bb]<div id=\"ult-easy-separator-21332282836a00b72b1a926\" class=\"ult-easy-separator-wrapper ult-responsive ult-top-easy-separator  \" style=\"\" data-vc-row=\"wpb_row\"  data-ultimate-target='#ult-easy-separator-21332282836a00b72b1a926'  data-responsive-json-new='{\"width\":\"\"}' ><div class=\"ult-easy-separator-inner-wrapper\"><div class=\"ult-no-animation\" style=\"opacity:0;\"   ><img decoding=\"async\" class=\"ult-easy-separator-img\" alt=\"null\" src=\"https:\/\/www.noatum.com\/wp-content\/uploads\/2016\/04\/arrowdown-1.png\" \/><a href=\"#direccion\" ><\/a><\/div><\/div><\/div><div class=\"zozo-parallax-header\"><div class=\"parallax-header\"><h5 class=\"parallax-title text-center text-capitalize\" style=\"font-size:16px;margin:0px 0px 0px 0px;\">OUTILS<\/h5><div class=\"parallax-desc default-style text-center\"><h3 style=\"color: #af2626; margin-top: 20px; text-align: center;\">Type de conteneurs &#8211; A\u00e9riens &#8211; Isothermes<\/h3>\n<p>&nbsp;<\/p>\n<div class=\"vc_btn3-container vc_btn3-inline\" style=\"text-align: center;\"><a class=\"vc_general vc_btn3 vc_btn3-size-md vc_btn3-shape-rounded vc_btn3-style-default vc_btn3-color-primary-bg\" title=\"\" href=\"https:\/\/www.noatum.com\/fr\/type-de-conteneurs-aeriens-standard\/\">Standard<\/a><\/div>\n<div class=\"vc_btn3-container vc_btn3-inline\" style=\"text-align: center;\"><a class=\"vc_general vc_btn3 vc_btn3-size-md vc_btn3-shape-rounded vc_btn3-style-default vc_btn3-color-primary-bg\" title=\"\" href=\"https:\/\/www.noatum.com\/fr\/type-de-conteneurs-aeriens-de-securite\/\">De s\u00e9curit\u00e9<\/a><\/div>\n<div class=\"vc_btn3-container vc_btn3-inline\" style=\"text-align: center;\"><a class=\"vc_general vc_btn3 vc_btn3-size-md vc_btn3-shape-rounded vc_btn3-style-default vc_btn3-color-primary-bg\" title=\"\" href=\"https:\/\/www.noatum.com\/fr\/type-de-conteneurs-aeriens-isothermes\/\">Isothermes<\/a><\/div>\n<div class=\"vc_btn3-container vc_btn3-inline\" style=\"text-align: center;\"><a class=\"vc_general vc_btn3 vc_btn3-size-md vc_btn3-shape-rounded vc_btn3-style-default vc_btn3-color-primary-bg\" title=\"\" href=\"https:\/\/www.noatum.com\/fr\/type-de-conteneurs-aeriens-pour-animaux-vivants\/\">Pour animaux vivants<\/a><\/div>\n<div class=\"vc_btn3-container vc_btn3-inline\" style=\"text-align: center;\"><a class=\"vc_general vc_btn3 vc_btn3-size-md vc_btn3-shape-rounded vc_btn3-style-default vc_btn3-color-primary-bg\" title=\"\" href=\"https:\/\/www.noatum.com\/fr\/type-de-conteneurs-aeriens-palettes\/\">Palettes<\/a><\/div>\n<\/div><\/div><\/div>[\/vc_column][\/vc_row][vc_row match_height=\u00a0\u00bbyes\u00a0\u00bb center_row=\u00a0\u00bbyes\u00a0\u00bb][vc_column][vc_column_text]<\/p>\n<table border=\"0\" width=\"100%\" cellspacing=\"0\" cellpadding=\"5\">\n<tbody>\n<tr>\n<td style=\"color: #ffffff;\" colspan=\"8\" bgcolor=\"#00305e\" height=\"10\">Conteneur \u00e0 temp\u00e9rature r\u00e9glable Conteneur IATA RKN<\/td>\n<\/tr>\n<tr>\n<td colspan=\"8\" height=\"10\"><strong>Plages de temp\u00e9ratures:<\/strong><br \/>\n-4 + 68\u00b0 F. (\u00e9quip\u00e9 d&rsquo;un thermostat <em>Envirotainer Standard<\/em> pour 16 piles alcalines taille 16D)<br \/>\n<strong>Capacit\u00e9 de stockage de gel:<\/strong><br \/>\nBlocs de glace de jusqu&rsquo;\u00e0 180 kg ou gel en vrac jusqu&rsquo;\u00e0 95 kg<\/td>\n<\/tr>\n<tr>\n<td bgcolor=\"#efefef\" height=\"20\">Dimensions<\/td>\n<td bgcolor=\"#efefef\" height=\"20\"><\/td>\n<td bgcolor=\"#efefef\" height=\"20\">Longueur<\/td>\n<td bgcolor=\"#efefef\">156 cm<\/td>\n<td bgcolor=\"#efefef\" height=\"20\">Largeur<\/td>\n<td bgcolor=\"#efefef\" height=\"20\">153 cm<\/td>\n<td bgcolor=\"#efefef\" height=\"20\">Hauteur<\/td>\n<td bgcolor=\"#efefef\" height=\"20\">162 cm<\/td>\n<\/tr>\n<tr>\n<td height=\"20\">Tare<\/td>\n<td height=\"20\">267 kg<\/td>\n<td colspan=\"2\" rowspan=\"2\"><img loading=\"lazy\" decoding=\"async\" class=\"size-full wp-image-18426 aligncenter\" src=\"https:\/\/www.noatum.com\/wp-content\/uploads\/2016\/08\/Isotermicos-RKN.gif\" alt=\"Isotermicos-RKN\" width=\"186\" height=\"85\" \/><\/td>\n<td colspan=\"2\" height=\"20\">Volume<\/td>\n<td height=\"20\">3 m3<\/td>\n<td height=\"20\"><\/td>\n<\/tr>\n<tr>\n<td bgcolor=\"#EFEFEF\" height=\"20\">Charge utile maxi<\/td>\n<td bgcolor=\"#EFEFEF\" height=\"20\">1,588 kg<\/td>\n<td colspan=\"2\" bgcolor=\"#EFEFEF\" height=\"20\">Compatible avec les avions:<\/td>\n<td colspan=\"2\" bgcolor=\"#EFEFEF\" height=\"20\">B747 \/ B777 \/340 \/ A330<\/td>\n<\/tr>\n<\/tbody>\n<\/table>\n<p>[\/vc_column_text][\/vc_column][\/vc_row][vc_row match_height=\u00a0\u00bbyes\u00a0\u00bb center_row=\u00a0\u00bbyes\u00a0\u00bb css=\u00a0\u00bb.vc_custom_1471463806732{padding-top: 40px !important;}\u00a0\u00bb][vc_column][vc_column_text]<\/p>\n<table border=\"0\" width=\"100%\" cellspacing=\"0\" cellpadding=\"5\">\n<tbody>\n<tr>\n<td style=\"color: #ffffff;\" colspan=\"8\" bgcolor=\"#00305e\" height=\"10\">Conteneur \u00e0 temp\u00e9rature r\u00e9glable Conteneur IATA RAP<\/td>\n<\/tr>\n<tr>\n<td colspan=\"8\" height=\"10\"><strong>Plages de temp\u00e9ratures:<\/strong><br \/>\n-4 + 68\u00b0 F. (\u00e9quip\u00e9 d&rsquo;un thermostat <em>Envirotainer Standard<\/em> pour 16 piles alcalines taille 16D)<br \/>\n<strong>Capacit\u00e9 de stockage de gel:<\/strong><br \/>\nBlocs de glace de jusqu&rsquo;\u00e0 180 kg ou gel en vrac jusqu&rsquo;\u00e0 95 kg<\/td>\n<\/tr>\n<tr>\n<td bgcolor=\"#efefef\" height=\"20\">Dimensions<\/td>\n<td bgcolor=\"#efefef\" height=\"20\"><\/td>\n<td bgcolor=\"#efefef\" height=\"20\">Longueur<\/td>\n<td bgcolor=\"#efefef\">317 cm<\/td>\n<td bgcolor=\"#efefef\" height=\"20\">Largeur<\/td>\n<td bgcolor=\"#efefef\" height=\"20\">223 cm<\/td>\n<td bgcolor=\"#efefef\" height=\"20\">Hauteur<\/td>\n<td bgcolor=\"#efefef\" height=\"20\">162 cm<\/td>\n<\/tr>\n<tr>\n<td height=\"20\">Tare<\/td>\n<td height=\"20\">438 kg. seg\u00fan constructor<\/td>\n<td colspan=\"2\" rowspan=\"2\"><img loading=\"lazy\" decoding=\"async\" class=\"size-full wp-image-18429 aligncenter\" src=\"https:\/\/www.noatum.com\/wp-content\/uploads\/2016\/08\/Isotermicos-RAP.gif\" alt=\"Isotermicos-RAP\" width=\"186\" height=\"85\" \/><\/td>\n<td colspan=\"2\" height=\"20\">Volume<\/td>\n<td height=\"20\">8.3 m3<\/td>\n<td height=\"20\"><\/td>\n<\/tr>\n<tr>\n<td bgcolor=\"#EFEFEF\" height=\"20\">Charge utile maxi<\/td>\n<td bgcolor=\"#EFEFEF\" height=\"20\">6,800 kg<\/td>\n<td colspan=\"2\" bgcolor=\"#EFEFEF\" height=\"20\">Compatible avec les avions:<\/td>\n<td colspan=\"2\" bgcolor=\"#EFEFEF\" height=\"20\">B747 \/ B777 \/ A340 \/ A330<\/td>\n<\/tr>\n<\/tbody>\n<\/table>\n<p>[\/vc_column_text][\/vc_column][\/vc_row][vc_row match_height=\u00a0\u00bbyes\u00a0\u00bb center_row=\u00a0\u00bbyes\u00a0\u00bb css=\u00a0\u00bb.vc_custom_1471463806732{padding-top: 40px !important;}\u00a0\u00bb][vc_column][vc_column_text]<\/p>\n<table border=\"0\" width=\"100%\" cellspacing=\"0\" cellpadding=\"5\">\n<tbody>\n<tr>\n<td style=\"color: #ffffff;\" colspan=\"8\" bgcolor=\"#00305e\" height=\"10\">Conteneur \u00e0 temp\u00e9rature r\u00e9glable 96&Prime; x 125 x 64&Prime; Conteneur IATA RMP<\/td>\n<\/tr>\n<tr>\n<td colspan=\"8\" height=\"10\">Mousse en polyester entre les panneaux lat\u00e9raux Temp\u00e9rature contr\u00f4l\u00e9e entre 0 + 20\u00b0 C. Ouverture par porte scellable. Comportement avec capacit\u00e9 de jusqu&rsquo;\u00e0 400 kg de gel sec avec espace pour piles de ventilateur sur un c\u00f4t\u00e9.<\/td>\n<\/tr>\n<tr>\n<td bgcolor=\"#efefef\" height=\"20\">Ext\u00e9rieur de dimensions<\/td>\n<td bgcolor=\"#efefef\" height=\"20\"><\/td>\n<td bgcolor=\"#efefef\" height=\"20\">Longueur<\/td>\n<td bgcolor=\"#efefef\">317.1 cm<\/td>\n<td bgcolor=\"#efefef\" height=\"20\">Largeur<\/td>\n<td bgcolor=\"#efefef\" height=\"20\">244 cm<\/td>\n<td bgcolor=\"#efefef\" height=\"20\">Hauteur<\/td>\n<td bgcolor=\"#efefef\" height=\"20\">162.6 cm<\/td>\n<\/tr>\n<tr>\n<td height=\"20\">Dimensiones interiores<\/td>\n<td height=\"20\"><\/td>\n<td>Longueur<\/td>\n<td>301 cm<\/td>\n<td height=\"20\">Largeur<\/td>\n<td height=\"20\">223.5 cm<\/td>\n<td height=\"20\">Hauteur<\/td>\n<td height=\"20\">141 cm<\/td>\n<\/tr>\n<tr>\n<td bgcolor=\"#EFEFEF\" height=\"20\">Tare<\/td>\n<td bgcolor=\"#EFEFEF\" height=\"20\">600 kg. director<\/td>\n<td colspan=\"2\" rowspan=\"2\"><img loading=\"lazy\" decoding=\"async\" class=\"size-full wp-image-18432 aligncenter\" src=\"https:\/\/www.noatum.com\/wp-content\/uploads\/2016\/08\/Isotermicos-RMP.gif\" alt=\"Isotermicos-RMP\" width=\"186\" height=\"85\" \/><\/td>\n<td colspan=\"2\" bgcolor=\"#EFEFEF\" height=\"20\">Volume<\/td>\n<td colspan=\"2\" bgcolor=\"#EFEFEF\" height=\"20\">10 m3.<\/td>\n<\/tr>\n<tr>\n<td height=\"20\">Charge utile maxi<\/td>\n<td height=\"20\">6,033 kg. <strong>F (FCA, FAS, FOB)<\/strong> : Le vendeur remet la marchandise \u00e0 un transporteur d\u00e9sign\u00e9 par l&rsquo;acheteur. PMD B747<\/p>\n<p>4,200 kg. para PDL del B747 \/ Combi \/ A340 \/ A330 \/ B777<\/td>\n<td colspan=\"2\" height=\"20\">Compatible avec les avions:<\/td>\n<td colspan=\"2\" height=\"20\">B747 \/ B777 \/ A340 \/ A330<\/td>\n<\/tr>\n<\/tbody>\n<\/table>\n<p>[\/vc_column_text][\/vc_column][\/vc_row][vc_row match_height=\u00a0\u00bbyes\u00a0\u00bb center_row=\u00a0\u00bbyes\u00a0\u00bb css=\u00a0\u00bb.vc_custom_1471463806732{padding-top: 40px !important;}\u00a0\u00bb][vc_column][vc_column_text]<\/p>\n<table border=\"0\" width=\"100%\" cellspacing=\"0\" cellpadding=\"5\">\n<tbody>\n<tr>\n<td style=\"color: #ffffff;\" colspan=\"8\" bgcolor=\"#00305e\" height=\"10\">Conteneur \u00e0 temp\u00e9rature r\u00e9glable 87&Prime; x 61.5 x 63&Prime; Conteneur IATA JPP<\/td>\n<\/tr>\n<tr>\n<td colspan=\"8\" height=\"10\">Conteneur isotherme pour le transport de chargement, emballage compos\u00e9 de panneaux de mousse de polyester Avec porte scell\u00e9e de s\u00e9curit\u00e9<\/td>\n<\/tr>\n<tr>\n<td bgcolor=\"#efefef\" height=\"20\">Dimensions<\/td>\n<td bgcolor=\"#efefef\" height=\"20\"><\/td>\n<td bgcolor=\"#efefef\" height=\"20\">Longueur<\/td>\n<td bgcolor=\"#efefef\">317 cm<\/td>\n<td bgcolor=\"#efefef\" height=\"20\">Largeur<\/td>\n<td bgcolor=\"#efefef\" height=\"20\">223 cm<\/td>\n<td bgcolor=\"#efefef\" height=\"20\">Hauteur<\/td>\n<td bgcolor=\"#efefef\" height=\"20\">162 cm<\/td>\n<\/tr>\n<tr>\n<td height=\"20\">Tare<\/td>\n<td height=\"20\">438 kg. director<\/td>\n<td colspan=\"2\" rowspan=\"2\"><img loading=\"lazy\" decoding=\"async\" class=\"alignnone size-full wp-image-18435\" src=\"https:\/\/www.noatum.com\/wp-content\/uploads\/2016\/08\/Isotermicos-JPP.gif\" alt=\"Isotermicos-JPP\" width=\"186\" height=\"85\" \/><\/td>\n<td colspan=\"2\" height=\"20\">Volume<\/td>\n<td colspan=\"2\" height=\"20\">8.3 m3.<\/td>\n<\/tr>\n<tr>\n<td bgcolor=\"#EFEFEF\" height=\"20\">Charge utile maxi<\/td>\n<td bgcolor=\"#EFEFEF\" height=\"20\">6,800 kg.<\/td>\n<td colspan=\"2\" bgcolor=\"#EFEFEF\" height=\"20\">Compatible avec les avions:<\/td>\n<td colspan=\"2\" bgcolor=\"#EFEFEF\" height=\"20\">A continuaci\u00f3n puede observar las plazas donde Marmedsa Noatum tiene empresas en.<\/td>\n<\/tr>\n<\/tbody>\n<\/table>\n<p>[\/vc_column_text][\/vc_column][\/vc_row]<\/p>\n<\/div>","protected":false},"excerpt":{"rendered":"<p>[vc_row center_row=\u00a0\u00bbyes\u00a0\u00bb opn_row_id=\u00a0\u00bbsomos\u00a0\u00bb opn_row_gutter=\u00a0\u00bb70&Prime; css=\u00a0\u00bb.vc_custom_1470769969354{background-image: url(https:\/\/www.noatum.com\/wp-content\/uploads\/2016\/06\/fondo-directorio-2.jpg?id=1367) !important;}\u00a0\u00bb][vc_column css=\u00a0\u00bb.vc_custom_1470771386196{margin-bottom: -20px !important;}\u00a0\u00bb][\/vc_column][\/vc_row][vc_row match_height=\u00a0\u00bbyes\u00a0\u00bb center_row=\u00a0\u00bbyes\u00a0\u00bb][vc_column][vc_column_text] Conteneur \u00e0 temp\u00e9rature r\u00e9glable Conteneur IATA RKN Plages de temp\u00e9ratures: -4 + 68\u00b0 F. (\u00e9quip\u00e9 d&rsquo;un thermostat Envirotainer<\/p>\n","protected":false},"author":1,"featured_media":0,"parent":0,"menu_order":0,"comment_status":"closed","ping_status":"closed","template":"","meta":{"footnotes":""},"class_list":["post-18423","page","type-page","status-publish","hentry"],"yoast_head":"<!-- This site is optimized with the Yoast SEO plugin v27.5 - https:\/\/yoast.com\/product\/yoast-seo-wordpress\/ -->\n<title>Type de conteneurs - A\u00e9riens - Isothermes - Noatum<\/title>\n<meta name=\"description\" content=\"Type de conteneurs A\u00e9riens Isothermes\" \/>\n<meta name=\"robots\" content=\"index, follow, max-snippet:-1, max-image-preview:large, max-video-preview:-1\" \/>\n<link rel=\"canonical\" href=\"https:\/\/www.noatum.com\/fr\/type-de-conteneurs-aeriens-isothermes\/\" \/>\n<meta property=\"og:locale\" content=\"fr_FR\" \/>\n<meta property=\"og:type\" content=\"article\" \/>\n<meta property=\"og:title\" content=\"Type de conteneurs - A\u00e9riens - Isothermes - Noatum\" \/>\n<meta property=\"og:description\" content=\"Type de conteneurs A\u00e9riens Isothermes\" \/>\n<meta property=\"og:url\" content=\"https:\/\/www.noatum.com\/fr\/type-de-conteneurs-aeriens-isothermes\/\" \/>\n<meta property=\"og:site_name\" content=\"Noatum\" \/>\n<meta property=\"article:modified_time\" content=\"2021-11-02T15:51:43+00:00\" \/>\n<meta property=\"og:image\" content=\"https:\/\/www.noatum.com\/wp-content\/uploads\/2016\/08\/Isotermicos-RKN.gif\" \/>\n<meta name=\"twitter:card\" content=\"summary_large_image\" \/>\n<meta name=\"twitter:label1\" content=\"Dur\u00e9e de lecture estim\u00e9e\" \/>\n\t<meta name=\"twitter:data1\" content=\"3 minutes\" \/>\n<script type=\"application\/ld+json\" class=\"yoast-schema-graph\">{\"@context\":\"https:\\\/\\\/schema.org\",\"@graph\":[{\"@type\":\"WebPage\",\"@id\":\"https:\\\/\\\/www.noatum.com\\\/fr\\\/type-de-conteneurs-aeriens-isothermes\\\/\",\"url\":\"https:\\\/\\\/www.noatum.com\\\/fr\\\/type-de-conteneurs-aeriens-isothermes\\\/\",\"name\":\"Type de conteneurs - A\u00e9riens - Isothermes - Noatum\",\"isPartOf\":{\"@id\":\"https:\\\/\\\/www.noatum.com\\\/#website\"},\"primaryImageOfPage\":{\"@id\":\"https:\\\/\\\/www.noatum.com\\\/fr\\\/type-de-conteneurs-aeriens-isothermes\\\/#primaryimage\"},\"image\":{\"@id\":\"https:\\\/\\\/www.noatum.com\\\/fr\\\/type-de-conteneurs-aeriens-isothermes\\\/#primaryimage\"},\"thumbnailUrl\":\"https:\\\/\\\/www.noatum.com\\\/wp-content\\\/uploads\\\/2016\\\/08\\\/Isotermicos-RKN.gif\",\"datePublished\":\"2016-08-17T18:54:00+00:00\",\"dateModified\":\"2021-11-02T15:51:43+00:00\",\"description\":\"Type de conteneurs A\u00e9riens Isothermes\",\"breadcrumb\":{\"@id\":\"https:\\\/\\\/www.noatum.com\\\/fr\\\/type-de-conteneurs-aeriens-isothermes\\\/#breadcrumb\"},\"inLanguage\":\"fr-FR\",\"potentialAction\":[{\"@type\":\"ReadAction\",\"target\":[\"https:\\\/\\\/www.noatum.com\\\/fr\\\/type-de-conteneurs-aeriens-isothermes\\\/\"]}]},{\"@type\":\"ImageObject\",\"inLanguage\":\"fr-FR\",\"@id\":\"https:\\\/\\\/www.noatum.com\\\/fr\\\/type-de-conteneurs-aeriens-isothermes\\\/#primaryimage\",\"url\":\"https:\\\/\\\/www.noatum.com\\\/wp-content\\\/uploads\\\/2016\\\/08\\\/Isotermicos-RKN.gif\",\"contentUrl\":\"https:\\\/\\\/www.noatum.com\\\/wp-content\\\/uploads\\\/2016\\\/08\\\/Isotermicos-RKN.gif\"},{\"@type\":\"BreadcrumbList\",\"@id\":\"https:\\\/\\\/www.noatum.com\\\/fr\\\/type-de-conteneurs-aeriens-isothermes\\\/#breadcrumb\",\"itemListElement\":[{\"@type\":\"ListItem\",\"position\":1,\"name\":\"Portada\",\"item\":\"https:\\\/\\\/www.noatum.com\\\/fr\\\/\"},{\"@type\":\"ListItem\",\"position\":2,\"name\":\"Type de conteneurs &#8211; A\u00e9riens &#8211; Isothermes\"}]},{\"@type\":\"WebSite\",\"@id\":\"https:\\\/\\\/www.noatum.com\\\/#website\",\"url\":\"https:\\\/\\\/www.noatum.com\\\/\",\"name\":\"Noatum\",\"description\":\"Excelencia en Servicios Mar\u00edtimos, Log\u00edsticos y Portuarios\",\"potentialAction\":[{\"@type\":\"SearchAction\",\"target\":{\"@type\":\"EntryPoint\",\"urlTemplate\":\"https:\\\/\\\/www.noatum.com\\\/?s={search_term_string}\"},\"query-input\":{\"@type\":\"PropertyValueSpecification\",\"valueRequired\":true,\"valueName\":\"search_term_string\"}}],\"inLanguage\":\"fr-FR\"}]}<\/script>\n<!-- \/ Yoast SEO plugin. -->","yoast_head_json":{"title":"Type de conteneurs - A\u00e9riens - Isothermes - Noatum","description":"Type de conteneurs A\u00e9riens Isothermes","robots":{"index":"index","follow":"follow","max-snippet":"max-snippet:-1","max-image-preview":"max-image-preview:large","max-video-preview":"max-video-preview:-1"},"canonical":"https:\/\/www.noatum.com\/fr\/type-de-conteneurs-aeriens-isothermes\/","og_locale":"fr_FR","og_type":"article","og_title":"Type de conteneurs - A\u00e9riens - Isothermes - Noatum","og_description":"Type de conteneurs A\u00e9riens Isothermes","og_url":"https:\/\/www.noatum.com\/fr\/type-de-conteneurs-aeriens-isothermes\/","og_site_name":"Noatum","article_modified_time":"2021-11-02T15:51:43+00:00","og_image":[{"url":"https:\/\/www.noatum.com\/wp-content\/uploads\/2016\/08\/Isotermicos-RKN.gif","type":"","width":"","height":""}],"twitter_card":"summary_large_image","twitter_misc":{"Dur\u00e9e de lecture estim\u00e9e":"3 minutes"},"schema":{"@context":"https:\/\/schema.org","@graph":[{"@type":"WebPage","@id":"https:\/\/www.noatum.com\/fr\/type-de-conteneurs-aeriens-isothermes\/","url":"https:\/\/www.noatum.com\/fr\/type-de-conteneurs-aeriens-isothermes\/","name":"Type de conteneurs - A\u00e9riens - Isothermes - Noatum","isPartOf":{"@id":"https:\/\/www.noatum.com\/#website"},"primaryImageOfPage":{"@id":"https:\/\/www.noatum.com\/fr\/type-de-conteneurs-aeriens-isothermes\/#primaryimage"},"image":{"@id":"https:\/\/www.noatum.com\/fr\/type-de-conteneurs-aeriens-isothermes\/#primaryimage"},"thumbnailUrl":"https:\/\/www.noatum.com\/wp-content\/uploads\/2016\/08\/Isotermicos-RKN.gif","datePublished":"2016-08-17T18:54:00+00:00","dateModified":"2021-11-02T15:51:43+00:00","description":"Type de conteneurs A\u00e9riens Isothermes","breadcrumb":{"@id":"https:\/\/www.noatum.com\/fr\/type-de-conteneurs-aeriens-isothermes\/#breadcrumb"},"inLanguage":"fr-FR","potentialAction":[{"@type":"ReadAction","target":["https:\/\/www.noatum.com\/fr\/type-de-conteneurs-aeriens-isothermes\/"]}]},{"@type":"ImageObject","inLanguage":"fr-FR","@id":"https:\/\/www.noatum.com\/fr\/type-de-conteneurs-aeriens-isothermes\/#primaryimage","url":"https:\/\/www.noatum.com\/wp-content\/uploads\/2016\/08\/Isotermicos-RKN.gif","contentUrl":"https:\/\/www.noatum.com\/wp-content\/uploads\/2016\/08\/Isotermicos-RKN.gif"},{"@type":"BreadcrumbList","@id":"https:\/\/www.noatum.com\/fr\/type-de-conteneurs-aeriens-isothermes\/#breadcrumb","itemListElement":[{"@type":"ListItem","position":1,"name":"Portada","item":"https:\/\/www.noatum.com\/fr\/"},{"@type":"ListItem","position":2,"name":"Type de conteneurs &#8211; A\u00e9riens &#8211; Isothermes"}]},{"@type":"WebSite","@id":"https:\/\/www.noatum.com\/#website","url":"https:\/\/www.noatum.com\/","name":"Noatum","description":"Excelencia en Servicios Mar\u00edtimos, Log\u00edsticos y Portuarios","potentialAction":[{"@type":"SearchAction","target":{"@type":"EntryPoint","urlTemplate":"https:\/\/www.noatum.com\/?s={search_term_string}"},"query-input":{"@type":"PropertyValueSpecification","valueRequired":true,"valueName":"search_term_string"}}],"inLanguage":"fr-FR"}]}},"_links":{"self":[{"href":"https:\/\/www.noatum.com\/fr\/wp-json\/wp\/v2\/pages\/18423","targetHints":{"allow":["GET"]}}],"collection":[{"href":"https:\/\/www.noatum.com\/fr\/wp-json\/wp\/v2\/pages"}],"about":[{"href":"https:\/\/www.noatum.com\/fr\/wp-json\/wp\/v2\/types\/page"}],"author":[{"embeddable":true,"href":"https:\/\/www.noatum.com\/fr\/wp-json\/wp\/v2\/users\/1"}],"replies":[{"embeddable":true,"href":"https:\/\/www.noatum.com\/fr\/wp-json\/wp\/v2\/comments?post=18423"}],"version-history":[{"count":3,"href":"https:\/\/www.noatum.com\/fr\/wp-json\/wp\/v2\/pages\/18423\/revisions"}],"predecessor-version":[{"id":22743,"href":"https:\/\/www.noatum.com\/fr\/wp-json\/wp\/v2\/pages\/18423\/revisions\/22743"}],"wp:attachment":[{"href":"https:\/\/www.noatum.com\/fr\/wp-json\/wp\/v2\/media?parent=18423"}],"curies":[{"name":"wp","href":"https:\/\/api.w.org\/{rel}","templated":true}]}}