{"id":17079,"date":"2021-02-25T12:35:14","date_gmt":"2021-02-25T11:35:14","guid":{"rendered":"https:\/\/www.noatum.com\/e-services\/"},"modified":"2021-10-22T10:47:45","modified_gmt":"2021-10-22T09:47:45","slug":"e-services","status":"publish","type":"page","link":"https:\/\/www.noatum.com\/fr\/e-services\/","title":{"rendered":"ESERVICE"},"content":{"rendered":"<div class=\"wpb-content-wrapper\"><p>[vc_row center_row=\u00a0\u00bbyes\u00a0\u00bb opn_row_id=\u00a0\u00bbintro\u00a0\u00bb bg_type=\u00a0\u00bbimage\u00a0\u00bb bg_override=\u00a0\u00bbfull\u00a0\u00bb css=\u00a0\u00bb.vc_custom_1488962535637{padding-top: 70px !important;padding-right: 0px !important;padding-bottom: 70px !important;padding-left: 0px !important;background-image: url(http:\/\/www.marmedsa.com\/wp-content\/uploads\/2016\/06\/fondo-directorio-2.jpg?id=1367) !important;}\u00a0\u00bb][vc_column]<div id=\"ult-easy-separator-21419506569edf9fa73d10\" class=\"ult-easy-separator-wrapper ult-responsive ult-top-easy-separator  \" style=\"\" data-vc-row=\"wpb_row\"  data-ultimate-target='#ult-easy-separator-21419506569edf9fa73d10'  data-responsive-json-new='{\"width\":\"\"}' ><div class=\"ult-easy-separator-inner-wrapper\"><div class=\"ult-no-animation\" style=\"opacity:0;\"   ><img decoding=\"async\" class=\"ult-easy-separator-img\" alt=\"\" src=\"\" \/><\/div><\/div><\/div>[vc_row_inner][vc_column_inner width=\u00a0\u00bb1\/2&Prime;]<div class=\"zozo-parallax-header\"><div class=\"parallax-header\"><h5 class=\"parallax-title text-left\" style=\"font-size:16px;margin:0px 0px 20px 0px;\">E-SERVICES<\/h5><div class=\"parallax-desc default-style text-left\"><h3 style=\"color: #af2626;\">FACTURATION \u00c9LECTRONIQUE<br \/>\n<\/h3>\n<\/div><\/div><\/div>[vc_column_text]A Noatum, suite \u00e0 notre projet d&rsquo;efficacit\u00e9 et d&rsquo;am\u00e9lioration continue, nous avons fait le pari d&rsquo;int\u00e9grer la facturation \u00e9lectronique dans nos relations avec nos clients. Le nouveau syst\u00e8me le permet :<\/p>\n<ul>\n<li>R\u00e9duire les co\u00fbts et les temps de gestion<\/li>\n<li>\u00c9liminer des espaces de stockage<\/li>\n<li>Faciliter les transactions<\/li>\n<li>Offrir une plus grande s\u00e9curit\u00e9 en r\u00e9duisant les probabilit\u00e9s de falsification<\/li>\n<li>Am\u00e9liorer l&rsquo;efficacit\u00e9<\/li>\n<li>Respecter l&rsquo;environnement<\/li>\n<\/ul>\n<p>Ainsi, toutes les entreprises du groupe situ\u00e9es en Espagne devront progressivement se servir de la facturation \u00e9lectronique avec tous leurs clients espagnols.[\/vc_column_text][\/vc_column_inner][vc_column_inner width=\u00a0\u00bb1\/2&Prime;][vc_single_image image=\u00a0\u00bb6689&Prime; img_size=\u00a0\u00bb500&#215;460&Prime; alignment=\u00a0\u00bbcenter\u00a0\u00bb][\/vc_column_inner][\/vc_row_inner][\/vc_column][\/vc_row][vc_row center_row=\u00a0\u00bbyes\u00a0\u00bb opn_row_id=\u00a0\u00bbintro\u00a0\u00bb bg_type=\u00a0\u00bbimage\u00a0\u00bb bg_override=\u00a0\u00bbfull\u00a0\u00bb css=\u00a0\u00bb.vc_custom_1489069239904{padding-top: 50px !important;padding-right: 0px !important;padding-bottom: 50px !important;padding-left: 0px !important;}\u00a0\u00bb][vc_column][vc_row_inner][vc_column_inner width=\u00a0\u00bb1\/3&Prime; css=\u00a0\u00bb.vc_custom_1489058826451{padding-top: 35px !important;}\u00a0\u00bb][vc_column_text]<\/p>\n<h4 style=\"text-align: center;\">ACC\u00c8S \u00c0 VOS FACTURES<\/h4>\n<p>[\/vc_column_text][vc_btn title=\u00a0\u00bbAcc\u00e8s \u00e0 vos factures\u00a0\u00bb align=\u00a0\u00bbcenter\u00a0\u00bb link=\u00a0\u00bburl:https%3A%2F%2Ffact.agikey.com%2Fagikey%2FHome|target:%20_blank|\u00a0\u00bb][vc_single_image image=\u00a0\u00bb17085&Prime; img_size=\u00a0\u00bb\u00a0\u00bb alignment=\u00a0\u00bbcenter\u00a0\u00bb][\/vc_column_inner][vc_column_inner width=\u00a0\u00bb2\/3&Prime;][vc_column_text]<\/p>\n<h3 style=\"color: #af2626;\">La Plata-forme AgiKey<\/h3>\n<h4>La plate-forme de facturation \u00e9lectronique garantit:<\/h4>\n<p>[\/vc_column_text][vc_column_text]<\/p>\n<ul>\n<li>L&rsquo;envoi, le suivi et le t\u00e9l\u00e9chargement des factures au format pdf ou xml<\/li>\n<li>Un acc\u00e8s s\u00e9curis\u00e9 gr\u00e2ce \u00e0 de nombreux canaux d&rsquo;authentification<\/li>\n<li>L&#8217;emploi de certificats num\u00e9riques reconnus et de canaux s\u00e9curis\u00e9s SSL<\/li>\n<li>Audit semestriel par une soci\u00e9t\u00e9 externe sp\u00e9cialis\u00e9e dans les audits de s\u00e9curit\u00e9 et de protection des donn\u00e9es.<\/li>\n<li>Audit de la plate-forme par une soci\u00e9t\u00e9 externe qui certifie le respect des mesures de s\u00e9curit\u00e9 et de confidentialit\u00e9 de la plate-forme.<\/li>\n<li>Horodatage par la TSU de Camerfirma dans le propre h\u00e9bergement de Zertifika.<\/li>\n<li>Cat\u00e9gorie d&rsquo;h\u00e9bergement Tier 3, r\u00e9pliqu\u00e9e en 2 points pour pr\u00e9venir et assurer la continuit\u00e9 du service.<\/li>\n<li>Certificats de qualit\u00e9 : ISO 9001 et ISO 27001.<\/li>\n<\/ul>\n<p>[\/vc_column_text][\/vc_column_inner][\/vc_row_inner][\/vc_column][\/vc_row]<\/p>\n<\/div>","protected":false},"excerpt":{"rendered":"<p>[vc_row center_row=\u00a0\u00bbyes\u00a0\u00bb opn_row_id=\u00a0\u00bbintro\u00a0\u00bb bg_type=\u00a0\u00bbimage\u00a0\u00bb bg_override=\u00a0\u00bbfull\u00a0\u00bb css=\u00a0\u00bb.vc_custom_1488962535637{padding-top: 70px !important;padding-right: 0px !important;padding-bottom: 70px !important;padding-left: 0px !important;background-image: url(http:\/\/www.marmedsa.com\/wp-content\/uploads\/2016\/06\/fondo-directorio-2.jpg?id=1367) !important;}\u00a0\u00bb][vc_column][vc_row_inner][vc_column_inner width=\u00a0\u00bb1\/2&Prime;][vc_column_text]A Noatum, suite \u00e0 notre projet d&rsquo;efficacit\u00e9 et d&rsquo;am\u00e9lioration continue, nous avons fait le<\/p>\n","protected":false},"author":1,"featured_media":0,"parent":0,"menu_order":0,"comment_status":"closed","ping_status":"closed","template":"template-fullwidth.php","meta":{"footnotes":""},"class_list":["post-17079","page","type-page","status-publish","hentry"],"yoast_head":"<!-- This site is optimized with the Yoast SEO plugin v27.4 - https:\/\/yoast.com\/product\/yoast-seo-wordpress\/ -->\n<title>Facturation \u00e9lectronique - Noatum<\/title>\n<meta name=\"description\" content=\"Chez Noatum, dans le cadre de notre projet d&#039;am\u00e9lioration continue, nous nous sommes engag\u00e9s \u00e0 int\u00e9grer la facturation \u00e9lectronique dans nos relations avec nos clients.\" \/>\n<meta name=\"robots\" content=\"index, follow, max-snippet:-1, max-image-preview:large, max-video-preview:-1\" \/>\n<link rel=\"canonical\" href=\"https:\/\/www.noatum.com\/fr\/e-services\/\" \/>\n<meta property=\"og:locale\" content=\"fr_FR\" \/>\n<meta property=\"og:type\" content=\"article\" \/>\n<meta property=\"og:title\" content=\"Facturation \u00e9lectronique - Noatum\" \/>\n<meta property=\"og:description\" content=\"Chez Noatum, dans le cadre de notre projet d&#039;am\u00e9lioration continue, nous nous sommes engag\u00e9s \u00e0 int\u00e9grer la facturation \u00e9lectronique dans nos relations avec nos clients.\" \/>\n<meta property=\"og:url\" content=\"https:\/\/www.noatum.com\/fr\/e-services\/\" \/>\n<meta property=\"og:site_name\" content=\"Noatum\" \/>\n<meta property=\"article:modified_time\" content=\"2021-10-22T09:47:45+00:00\" \/>\n<meta name=\"twitter:card\" content=\"summary_large_image\" \/>\n<meta name=\"twitter:label1\" content=\"Dur\u00e9e de lecture estim\u00e9e\" \/>\n\t<meta name=\"twitter:data1\" content=\"2 minutes\" \/>\n<script type=\"application\/ld+json\" class=\"yoast-schema-graph\">{\"@context\":\"https:\\\/\\\/schema.org\",\"@graph\":[{\"@type\":\"WebPage\",\"@id\":\"https:\\\/\\\/www.noatum.com\\\/fr\\\/e-services\\\/\",\"url\":\"https:\\\/\\\/www.noatum.com\\\/fr\\\/e-services\\\/\",\"name\":\"Facturation \u00e9lectronique - Noatum\",\"isPartOf\":{\"@id\":\"https:\\\/\\\/www.noatum.com\\\/#website\"},\"datePublished\":\"2021-02-25T11:35:14+00:00\",\"dateModified\":\"2021-10-22T09:47:45+00:00\",\"description\":\"Chez Noatum, dans le cadre de notre projet d'am\u00e9lioration continue, nous nous sommes engag\u00e9s \u00e0 int\u00e9grer la facturation \u00e9lectronique dans nos relations avec nos clients.\",\"breadcrumb\":{\"@id\":\"https:\\\/\\\/www.noatum.com\\\/fr\\\/e-services\\\/#breadcrumb\"},\"inLanguage\":\"fr-FR\",\"potentialAction\":[{\"@type\":\"ReadAction\",\"target\":[\"https:\\\/\\\/www.noatum.com\\\/fr\\\/e-services\\\/\"]}]},{\"@type\":\"BreadcrumbList\",\"@id\":\"https:\\\/\\\/www.noatum.com\\\/fr\\\/e-services\\\/#breadcrumb\",\"itemListElement\":[{\"@type\":\"ListItem\",\"position\":1,\"name\":\"Portada\",\"item\":\"https:\\\/\\\/www.noatum.com\\\/fr\\\/\"},{\"@type\":\"ListItem\",\"position\":2,\"name\":\"ESERVICE\"}]},{\"@type\":\"WebSite\",\"@id\":\"https:\\\/\\\/www.noatum.com\\\/#website\",\"url\":\"https:\\\/\\\/www.noatum.com\\\/\",\"name\":\"Noatum\",\"description\":\"Excelencia en Servicios Mar\u00edtimos, Log\u00edsticos y Portuarios\",\"potentialAction\":[{\"@type\":\"SearchAction\",\"target\":{\"@type\":\"EntryPoint\",\"urlTemplate\":\"https:\\\/\\\/www.noatum.com\\\/?s={search_term_string}\"},\"query-input\":{\"@type\":\"PropertyValueSpecification\",\"valueRequired\":true,\"valueName\":\"search_term_string\"}}],\"inLanguage\":\"fr-FR\"}]}<\/script>\n<!-- \/ Yoast SEO plugin. -->","yoast_head_json":{"title":"Facturation \u00e9lectronique - Noatum","description":"Chez Noatum, dans le cadre de notre projet d'am\u00e9lioration continue, nous nous sommes engag\u00e9s \u00e0 int\u00e9grer la facturation \u00e9lectronique dans nos relations avec nos clients.","robots":{"index":"index","follow":"follow","max-snippet":"max-snippet:-1","max-image-preview":"max-image-preview:large","max-video-preview":"max-video-preview:-1"},"canonical":"https:\/\/www.noatum.com\/fr\/e-services\/","og_locale":"fr_FR","og_type":"article","og_title":"Facturation \u00e9lectronique - Noatum","og_description":"Chez Noatum, dans le cadre de notre projet d'am\u00e9lioration continue, nous nous sommes engag\u00e9s \u00e0 int\u00e9grer la facturation \u00e9lectronique dans nos relations avec nos clients.","og_url":"https:\/\/www.noatum.com\/fr\/e-services\/","og_site_name":"Noatum","article_modified_time":"2021-10-22T09:47:45+00:00","twitter_card":"summary_large_image","twitter_misc":{"Dur\u00e9e de lecture estim\u00e9e":"2 minutes"},"schema":{"@context":"https:\/\/schema.org","@graph":[{"@type":"WebPage","@id":"https:\/\/www.noatum.com\/fr\/e-services\/","url":"https:\/\/www.noatum.com\/fr\/e-services\/","name":"Facturation \u00e9lectronique - Noatum","isPartOf":{"@id":"https:\/\/www.noatum.com\/#website"},"datePublished":"2021-02-25T11:35:14+00:00","dateModified":"2021-10-22T09:47:45+00:00","description":"Chez Noatum, dans le cadre de notre projet d'am\u00e9lioration continue, nous nous sommes engag\u00e9s \u00e0 int\u00e9grer la facturation \u00e9lectronique dans nos relations avec nos clients.","breadcrumb":{"@id":"https:\/\/www.noatum.com\/fr\/e-services\/#breadcrumb"},"inLanguage":"fr-FR","potentialAction":[{"@type":"ReadAction","target":["https:\/\/www.noatum.com\/fr\/e-services\/"]}]},{"@type":"BreadcrumbList","@id":"https:\/\/www.noatum.com\/fr\/e-services\/#breadcrumb","itemListElement":[{"@type":"ListItem","position":1,"name":"Portada","item":"https:\/\/www.noatum.com\/fr\/"},{"@type":"ListItem","position":2,"name":"ESERVICE"}]},{"@type":"WebSite","@id":"https:\/\/www.noatum.com\/#website","url":"https:\/\/www.noatum.com\/","name":"Noatum","description":"Excelencia en Servicios Mar\u00edtimos, Log\u00edsticos y Portuarios","potentialAction":[{"@type":"SearchAction","target":{"@type":"EntryPoint","urlTemplate":"https:\/\/www.noatum.com\/?s={search_term_string}"},"query-input":{"@type":"PropertyValueSpecification","valueRequired":true,"valueName":"search_term_string"}}],"inLanguage":"fr-FR"}]}},"_links":{"self":[{"href":"https:\/\/www.noatum.com\/fr\/wp-json\/wp\/v2\/pages\/17079","targetHints":{"allow":["GET"]}}],"collection":[{"href":"https:\/\/www.noatum.com\/fr\/wp-json\/wp\/v2\/pages"}],"about":[{"href":"https:\/\/www.noatum.com\/fr\/wp-json\/wp\/v2\/types\/page"}],"author":[{"embeddable":true,"href":"https:\/\/www.noatum.com\/fr\/wp-json\/wp\/v2\/users\/1"}],"replies":[{"embeddable":true,"href":"https:\/\/www.noatum.com\/fr\/wp-json\/wp\/v2\/comments?post=17079"}],"version-history":[{"count":14,"href":"https:\/\/www.noatum.com\/fr\/wp-json\/wp\/v2\/pages\/17079\/revisions"}],"predecessor-version":[{"id":22561,"href":"https:\/\/www.noatum.com\/fr\/wp-json\/wp\/v2\/pages\/17079\/revisions\/22561"}],"wp:attachment":[{"href":"https:\/\/www.noatum.com\/fr\/wp-json\/wp\/v2\/media?parent=17079"}],"curies":[{"name":"wp","href":"https:\/\/api.w.org\/{rel}","templated":true}]}}