{"id":17035,"date":"2020-02-06T09:24:47","date_gmt":"2020-02-06T08:24:47","guid":{"rendered":"https:\/\/www.noatum.com\/compliance\/"},"modified":"2023-06-23T12:53:36","modified_gmt":"2023-06-23T11:53:36","slug":"compliance","status":"publish","type":"page","link":"https:\/\/www.noatum.com\/fr\/compliance\/","title":{"rendered":"Compliance"},"content":{"rendered":"<div class=\"wpb-content-wrapper\"><p>[vc_row center_row=\u00a0\u00bbyes\u00a0\u00bb opn_row_id=\u00a0\u00bbdireccion\u00a0\u00bb opn_row_gutter=\u00a0\u00bb50&Prime;][vc_column]<div class=\"zozo-parallax-header\"><div class=\"parallax-header\"><h1 class=\"parallax-title text-center\">Conformit\u00e9 (compliance)<\/h1><\/div><\/div>[vc_row_inner css=\u00a0\u00bb.vc_custom_1579785180722{padding-top: 0px !important;}\u00a0\u00bb][vc_column_inner width=\u00a0\u00bb1\/2&Prime;][vc_column_text]<\/p>\n<h3 style=\"color: #af2626; font-size: 24px ! important; line-height: 34px;\">Le groupe Noatum d\u00e9veloppe ses activit\u00e9s dans le strict respect des normes relatives \u00e0 l\u2019\u00e9thique en entreprise, l\u2019int\u00e9grit\u00e9 et la conformit\u00e9.<\/h3>\n<p>[\/vc_column_text][\/vc_column_inner][vc_column_inner width=\u00a0\u00bb1\/2&Prime;][vc_column_text]Le code \u00e9thique de Noatum comporte un guide de principes pour le d\u00e9roulement quotidien des activit\u00e9s conform\u00e9ment aux valeurs de Noatum, avec honn\u00eatet\u00e9 et int\u00e9grit\u00e9. Il \u00e9tablit les normes pour la pratique professionnel et constitue le code de conduite pour Noatum en tant que groupe, ainsi que pour les membres de Noatum en tant qu\u2019entreprise.<\/p>\n<p>&nbsp;<\/p>\n<style type=\"text\/css\" scoped=\"scoped\">a.zozo-button-1{color:#ffffff;}a.zozo-button-1:hover, a.zozo-button-1:active, a.zozo-button-1:focus{color:#ffffff;}<\/style><a class=\"zozo-button-1 btn btn-default   \" href=\"https:\/\/www.noatum.com\/wp-content\/uploads\/2023\/06\/Noatum_Code_of_Ethics_EN_2023-1.pdf\" target=\"_blank\">\n<p>T\u00e9l\u00e9charger le code \u00e9thique<\/p>\n<p> <i class=\"fa right-align fa-fa fa-file-pdf-o\"><\/i><\/a>[\/vc_column_text][\/vc_column_inner][\/vc_row_inner][\/vc_column][\/vc_row][vc_row full_width=\u00a0\u00bbstretch_row_content_no_spaces\u00a0\u00bb opn_row_id=\u00a0\u00bbinternacional\u00a0\u00bb opn_row_gutter=\u00a0\u00bb130&Prime; css=\u00a0\u00bb.vc_custom_1579801915800{padding-top: 0px !important;padding-bottom: 0px !important;}\u00a0\u00bb][vc_column]<div id=\"ult-carousel-265360846969d78ae266962\" class=\"ult-carousel-wrapper  tiraimagen ult_horizontal\" data-gutter=\"0\" data-rtl=\"false\" ><div class=\"ult-carousel-415780892569d78ae2668ee \" >[vc_single_image image=\u00a0\u00bb17047&Prime; img_size=\u00a0\u00bb500&#215;400&Prime;][vc_single_image image=\u00a0\u00bb17056&Prime; img_size=\u00a0\u00bb500&#215;400&Prime;][vc_single_image image=\u00a0\u00bb17053&Prime; img_size=\u00a0\u00bb500&#215;400&Prime;][vc_single_image image=\u00a0\u00bb17050&Prime; img_size=\u00a0\u00bb500&#215;400&Prime;]<\/div><\/div>\t\t\t<script type=\"text\/javascript\">\n\t\t\t\tjQuery(document).ready(function ($) {\n\t\t\t\t\tif( typeof jQuery('.ult-carousel-415780892569d78ae2668ee').slick == \"function\"){\n\t\t\t\t\t\t$('.ult-carousel-415780892569d78ae2668ee').slick({dots: true,autoplay: true,autoplaySpeed: \"5000\",speed: \"300\",infinite: false,arrows: false,slidesToScroll:4,slidesToShow:4,swipe: true,draggable: true,touchMove: true,pauseOnHover: true,pauseOnFocus: false,responsive: [\n\t\t\t\t\t\t\t{\n\t\t\t\t\t\t\t  breakpoint: 1026,\n\t\t\t\t\t\t\t  settings: {\n\t\t\t\t\t\t\t\tslidesToShow: 4,\n\t\t\t\t\t\t\t\tslidesToScroll: 4,  \n\t\t\t\t\t\t\t  }\n\t\t\t\t\t\t\t},\n\t\t\t\t\t\t\t{\n\t\t\t\t\t\t\t  breakpoint: 1025,\n\t\t\t\t\t\t\t  settings: {\n\t\t\t\t\t\t\t\tslidesToShow: 2,\n\t\t\t\t\t\t\t\tslidesToScroll: 2\n\t\t\t\t\t\t\t  }\n\t\t\t\t\t\t\t},\n\t\t\t\t\t\t\t{\n\t\t\t\t\t\t\t  breakpoint: 760,\n\t\t\t\t\t\t\t  settings: {\n\t\t\t\t\t\t\t\tslidesToShow: 1,\n\t\t\t\t\t\t\t\tslidesToScroll: 1\n\t\t\t\t\t\t\t  }\n\t\t\t\t\t\t\t}\n\t\t\t\t\t\t],pauseOnDotsHover: true,customPaging: function(slider, i) {\n                   return '<i type=\"button\" style= \"color:#333333;\" class=\"ultsl-radio-unchecked\" data-role=\"none\"><\/i>';\n                },});\n\t\t\t\t\t}\n\t\t\t\t});\n\t\t\t<\/script>\n\t\t\t[\/vc_column][\/vc_row]<\/p>\n<\/div>","protected":false},"excerpt":{"rendered":"<p>[vc_row center_row=\u00a0\u00bbyes\u00a0\u00bb opn_row_id=\u00a0\u00bbdireccion\u00a0\u00bb opn_row_gutter=\u00a0\u00bb50&Prime;][vc_column][vc_row_inner css=\u00a0\u00bb.vc_custom_1579785180722{padding-top: 0px !important;}\u00a0\u00bb][vc_column_inner width=\u00a0\u00bb1\/2&Prime;][vc_column_text] Le groupe Noatum d\u00e9veloppe ses activit\u00e9s dans le strict respect des normes relatives \u00e0 l\u2019\u00e9thique en entreprise, l\u2019int\u00e9grit\u00e9 et la conformit\u00e9. [\/vc_column_text][\/vc_column_inner][vc_column_inner<\/p>\n","protected":false},"author":1,"featured_media":17038,"parent":0,"menu_order":0,"comment_status":"closed","ping_status":"closed","template":"template-fullwidth.php","meta":{"footnotes":""},"class_list":["post-17035","page","type-page","status-publish","has-post-thumbnail","hentry"],"yoast_head":"<!-- This site is optimized with the Yoast SEO plugin v27.3 - https:\/\/yoast.com\/product\/yoast-seo-wordpress\/ -->\n<title>Conformit\u00e9 | Engagement Noatu<\/title>\n<meta name=\"description\" content=\"Noatum est fermement attach\u00e9 aux normes les plus \u00e9lev\u00e9es d&#039;\u00e9thique commerciale, de conformit\u00e9, d&#039;int\u00e9grit\u00e9 et de conformit\u00e9.\" \/>\n<meta name=\"robots\" content=\"index, follow, max-snippet:-1, max-image-preview:large, max-video-preview:-1\" \/>\n<link rel=\"canonical\" href=\"https:\/\/www.noatum.com\/fr\/compliance\/\" \/>\n<meta property=\"og:locale\" content=\"fr_FR\" \/>\n<meta property=\"og:type\" content=\"article\" \/>\n<meta property=\"og:title\" content=\"Conformit\u00e9 | Engagement Noatu\" \/>\n<meta property=\"og:description\" content=\"Noatum est fermement attach\u00e9 aux normes les plus \u00e9lev\u00e9es d&#039;\u00e9thique commerciale, de conformit\u00e9, d&#039;int\u00e9grit\u00e9 et de conformit\u00e9.\" \/>\n<meta property=\"og:url\" content=\"https:\/\/www.noatum.com\/fr\/compliance\/\" \/>\n<meta property=\"og:site_name\" content=\"Noatum\" \/>\n<meta property=\"article:modified_time\" content=\"2023-06-23T11:53:36+00:00\" \/>\n<meta property=\"og:image\" content=\"https:\/\/www.noatum.com\/wp-content\/uploads\/2020\/02\/compliance-noatum-banner.jpg\" \/>\n<meta name=\"twitter:card\" content=\"summary_large_image\" \/>\n<meta name=\"twitter:title\" content=\"Conformit\u00e9 | Engagement Noatu\" \/>\n<meta name=\"twitter:description\" content=\"Noatum est fermement attach\u00e9 aux normes les plus \u00e9lev\u00e9es d&#039;\u00e9thique commerciale, de conformit\u00e9, d&#039;int\u00e9grit\u00e9 et de conformit\u00e9.\" \/>\n<meta name=\"twitter:image\" content=\"https:\/\/www.noatum.com\/wp-content\/uploads\/2020\/02\/compliance-noatum-banner.jpg\" \/>\n<meta name=\"twitter:label1\" content=\"Dur\u00e9e de lecture estim\u00e9e\" \/>\n\t<meta name=\"twitter:data1\" content=\"1 minute\" \/>\n<script type=\"application\/ld+json\" class=\"yoast-schema-graph\">{\"@context\":\"https:\\\/\\\/schema.org\",\"@graph\":[{\"@type\":\"WebPage\",\"@id\":\"https:\\\/\\\/www.noatum.com\\\/fr\\\/compliance\\\/\",\"url\":\"https:\\\/\\\/www.noatum.com\\\/fr\\\/compliance\\\/\",\"name\":\"Conformit\u00e9 | Engagement Noatu\",\"isPartOf\":{\"@id\":\"https:\\\/\\\/www.noatum.com\\\/#website\"},\"primaryImageOfPage\":{\"@id\":\"https:\\\/\\\/www.noatum.com\\\/fr\\\/compliance\\\/#primaryimage\"},\"image\":{\"@id\":\"https:\\\/\\\/www.noatum.com\\\/fr\\\/compliance\\\/#primaryimage\"},\"thumbnailUrl\":\"https:\\\/\\\/www.noatum.com\\\/wp-content\\\/uploads\\\/2020\\\/02\\\/compliance-noatum-banner.jpg\",\"datePublished\":\"2020-02-06T08:24:47+00:00\",\"dateModified\":\"2023-06-23T11:53:36+00:00\",\"description\":\"Noatum est fermement attach\u00e9 aux normes les plus \u00e9lev\u00e9es d'\u00e9thique commerciale, de conformit\u00e9, d'int\u00e9grit\u00e9 et de conformit\u00e9.\",\"breadcrumb\":{\"@id\":\"https:\\\/\\\/www.noatum.com\\\/fr\\\/compliance\\\/#breadcrumb\"},\"inLanguage\":\"fr-FR\",\"potentialAction\":[{\"@type\":\"ReadAction\",\"target\":[\"https:\\\/\\\/www.noatum.com\\\/fr\\\/compliance\\\/\"]}]},{\"@type\":\"ImageObject\",\"inLanguage\":\"fr-FR\",\"@id\":\"https:\\\/\\\/www.noatum.com\\\/fr\\\/compliance\\\/#primaryimage\",\"url\":\"https:\\\/\\\/www.noatum.com\\\/wp-content\\\/uploads\\\/2020\\\/02\\\/compliance-noatum-banner.jpg\",\"contentUrl\":\"https:\\\/\\\/www.noatum.com\\\/wp-content\\\/uploads\\\/2020\\\/02\\\/compliance-noatum-banner.jpg\",\"width\":1903,\"height\":460,\"caption\":\"Compromiso de Noatum con Compliance\"},{\"@type\":\"BreadcrumbList\",\"@id\":\"https:\\\/\\\/www.noatum.com\\\/fr\\\/compliance\\\/#breadcrumb\",\"itemListElement\":[{\"@type\":\"ListItem\",\"position\":1,\"name\":\"Portada\",\"item\":\"https:\\\/\\\/www.noatum.com\\\/fr\\\/\"},{\"@type\":\"ListItem\",\"position\":2,\"name\":\"Compliance\"}]},{\"@type\":\"WebSite\",\"@id\":\"https:\\\/\\\/www.noatum.com\\\/#website\",\"url\":\"https:\\\/\\\/www.noatum.com\\\/\",\"name\":\"Noatum\",\"description\":\"Excelencia en Servicios Mar\u00edtimos, Log\u00edsticos y Portuarios\",\"potentialAction\":[{\"@type\":\"SearchAction\",\"target\":{\"@type\":\"EntryPoint\",\"urlTemplate\":\"https:\\\/\\\/www.noatum.com\\\/?s={search_term_string}\"},\"query-input\":{\"@type\":\"PropertyValueSpecification\",\"valueRequired\":true,\"valueName\":\"search_term_string\"}}],\"inLanguage\":\"fr-FR\"}]}<\/script>\n<!-- \/ Yoast SEO plugin. -->","yoast_head_json":{"title":"Conformit\u00e9 | Engagement Noatu","description":"Noatum est fermement attach\u00e9 aux normes les plus \u00e9lev\u00e9es d'\u00e9thique commerciale, de conformit\u00e9, d'int\u00e9grit\u00e9 et de conformit\u00e9.","robots":{"index":"index","follow":"follow","max-snippet":"max-snippet:-1","max-image-preview":"max-image-preview:large","max-video-preview":"max-video-preview:-1"},"canonical":"https:\/\/www.noatum.com\/fr\/compliance\/","og_locale":"fr_FR","og_type":"article","og_title":"Conformit\u00e9 | Engagement Noatu","og_description":"Noatum est fermement attach\u00e9 aux normes les plus \u00e9lev\u00e9es d'\u00e9thique commerciale, de conformit\u00e9, d'int\u00e9grit\u00e9 et de conformit\u00e9.","og_url":"https:\/\/www.noatum.com\/fr\/compliance\/","og_site_name":"Noatum","article_modified_time":"2023-06-23T11:53:36+00:00","og_image":[{"url":"https:\/\/www.noatum.com\/wp-content\/uploads\/2020\/02\/compliance-noatum-banner.jpg","type":"","width":"","height":""}],"twitter_card":"summary_large_image","twitter_title":"Conformit\u00e9 | Engagement Noatu","twitter_description":"Noatum est fermement attach\u00e9 aux normes les plus \u00e9lev\u00e9es d'\u00e9thique commerciale, de conformit\u00e9, d'int\u00e9grit\u00e9 et de conformit\u00e9.","twitter_image":"https:\/\/www.noatum.com\/wp-content\/uploads\/2020\/02\/compliance-noatum-banner.jpg","twitter_misc":{"Dur\u00e9e de lecture estim\u00e9e":"1 minute"},"schema":{"@context":"https:\/\/schema.org","@graph":[{"@type":"WebPage","@id":"https:\/\/www.noatum.com\/fr\/compliance\/","url":"https:\/\/www.noatum.com\/fr\/compliance\/","name":"Conformit\u00e9 | Engagement Noatu","isPartOf":{"@id":"https:\/\/www.noatum.com\/#website"},"primaryImageOfPage":{"@id":"https:\/\/www.noatum.com\/fr\/compliance\/#primaryimage"},"image":{"@id":"https:\/\/www.noatum.com\/fr\/compliance\/#primaryimage"},"thumbnailUrl":"https:\/\/www.noatum.com\/wp-content\/uploads\/2020\/02\/compliance-noatum-banner.jpg","datePublished":"2020-02-06T08:24:47+00:00","dateModified":"2023-06-23T11:53:36+00:00","description":"Noatum est fermement attach\u00e9 aux normes les plus \u00e9lev\u00e9es d'\u00e9thique commerciale, de conformit\u00e9, d'int\u00e9grit\u00e9 et de conformit\u00e9.","breadcrumb":{"@id":"https:\/\/www.noatum.com\/fr\/compliance\/#breadcrumb"},"inLanguage":"fr-FR","potentialAction":[{"@type":"ReadAction","target":["https:\/\/www.noatum.com\/fr\/compliance\/"]}]},{"@type":"ImageObject","inLanguage":"fr-FR","@id":"https:\/\/www.noatum.com\/fr\/compliance\/#primaryimage","url":"https:\/\/www.noatum.com\/wp-content\/uploads\/2020\/02\/compliance-noatum-banner.jpg","contentUrl":"https:\/\/www.noatum.com\/wp-content\/uploads\/2020\/02\/compliance-noatum-banner.jpg","width":1903,"height":460,"caption":"Compromiso de Noatum con Compliance"},{"@type":"BreadcrumbList","@id":"https:\/\/www.noatum.com\/fr\/compliance\/#breadcrumb","itemListElement":[{"@type":"ListItem","position":1,"name":"Portada","item":"https:\/\/www.noatum.com\/fr\/"},{"@type":"ListItem","position":2,"name":"Compliance"}]},{"@type":"WebSite","@id":"https:\/\/www.noatum.com\/#website","url":"https:\/\/www.noatum.com\/","name":"Noatum","description":"Excelencia en Servicios Mar\u00edtimos, Log\u00edsticos y Portuarios","potentialAction":[{"@type":"SearchAction","target":{"@type":"EntryPoint","urlTemplate":"https:\/\/www.noatum.com\/?s={search_term_string}"},"query-input":{"@type":"PropertyValueSpecification","valueRequired":true,"valueName":"search_term_string"}}],"inLanguage":"fr-FR"}]}},"_links":{"self":[{"href":"https:\/\/www.noatum.com\/fr\/wp-json\/wp\/v2\/pages\/17035","targetHints":{"allow":["GET"]}}],"collection":[{"href":"https:\/\/www.noatum.com\/fr\/wp-json\/wp\/v2\/pages"}],"about":[{"href":"https:\/\/www.noatum.com\/fr\/wp-json\/wp\/v2\/types\/page"}],"author":[{"embeddable":true,"href":"https:\/\/www.noatum.com\/fr\/wp-json\/wp\/v2\/users\/1"}],"replies":[{"embeddable":true,"href":"https:\/\/www.noatum.com\/fr\/wp-json\/wp\/v2\/comments?post=17035"}],"version-history":[{"count":35,"href":"https:\/\/www.noatum.com\/fr\/wp-json\/wp\/v2\/pages\/17035\/revisions"}],"predecessor-version":[{"id":30101,"href":"https:\/\/www.noatum.com\/fr\/wp-json\/wp\/v2\/pages\/17035\/revisions\/30101"}],"wp:featuredmedia":[{"embeddable":true,"href":"https:\/\/www.noatum.com\/fr\/wp-json\/wp\/v2\/media\/17038"}],"wp:attachment":[{"href":"https:\/\/www.noatum.com\/fr\/wp-json\/wp\/v2\/media?parent=17035"}],"curies":[{"name":"wp","href":"https:\/\/api.w.org\/{rel}","templated":true}]}}