{"id":16595,"date":"2020-01-22T12:05:47","date_gmt":"2020-01-22T11:05:47","guid":{"rendered":"https:\/\/www.noatum.com\/qualite\/"},"modified":"2024-11-08T16:05:44","modified_gmt":"2024-11-08T15:05:44","slug":"qualite","status":"publish","type":"page","link":"https:\/\/www.noatum.com\/fr\/qualite\/","title":{"rendered":"Qualit\u00e9"},"content":{"rendered":"<div class=\"wpb-content-wrapper\"><p>[vc_row center_row=\u00a0\u00bbyes\u00a0\u00bb opn_row_id=\u00a0\u00bbdireccion\u00a0\u00bb opn_row_gutter=\u00a0\u00bb50&Prime; css=\u00a0\u00bb.vc_custom_1466582909188{background: #f7f7f7 url(https:\/\/www.noatum.com\/wp-content\/uploads\/2016\/06\/fondo-directorio-2.jpg?id=1367) !important;}\u00a0\u00bb][vc_column]<div class=\"zozo-parallax-header wpb_animate_when_almost_visible wpb_bottom-to-top\"><div class=\"parallax-header\"><h1 class=\"parallax-title text-left\" style=\"font-size:18px;\">NOATUM, ENGAGEMENT \u00c0 L'AM\u00c9LIORATION CONTINUE DEPUIS 1995<\/h1><\/div><\/div>[vc_row_inner css=\u00a0\u00bb.vc_custom_1580725484467{margin-top: -20px !important;}\u00a0\u00bb][vc_column_inner width=\u00a0\u00bb1\/3&Prime;][vc_column_text]<\/p>\n<h3 style=\"color: #af2626; font-size: 24px ! important; line-height: 34px;\">Le projet d\u2019am\u00e9lioration continue de Noatum Maritime a pris forme en 1995 avec la mise en place et la certification d\u2019un syst\u00e8me de gestion de la qualit\u00e9 bas\u00e9 sur la norme de r\u00e9f\u00e9rence UNE EN ISO 9002:94.<\/h3>\n<p>[\/vc_column_text][\/vc_column_inner][vc_column_inner width=\u00a0\u00bb1\/3&Prime;][vc_column_text]Au cours des premi\u00e8res ann\u00e9es, son \u00e9volution a \u00e9t\u00e9 li\u00e9e \u00e0 l\u2019adaptation aux versions post\u00e9rieures, puis \u00e0 l\u2019\u00e9largissement de l\u2019am\u00e9lioration continue \u00e0 d\u2019autres domaines de gestion, dont la s\u00e9curit\u00e9 alimentaire, l&rsquo;op\u00e9rateur \u00e9conomique agr\u00e9\u00e9 pour la simplification douani\u00e8re et la s\u00e9curit\u00e9 physique dans la cha\u00eene logistique, les marques de qualit\u00e9 des autorit\u00e9s portuaires, ainsi que les r\u00e9f\u00e9rences de qualit\u00e9.[\/vc_column_text][\/vc_column_inner][vc_column_inner width=\u00a0\u00bb1\/3&Prime;][vc_column_text css=\u00a0\u00bb\u00a0\u00bb]<strong>Noatum<\/strong> , en accord avec les principes mentionn\u00e9s dans Mission, Vision et Valeurs, consid\u00e8re que le d\u00e9veloppement de sa politique de gestion est l&rsquo;un des facteurs essentiels \u00e0 la gestion de l&rsquo;excellence et permet d&rsquo;am\u00e9liorer son efficacit\u00e9 et sa flexibilit\u00e9, ainsi que de garantir un service int\u00e9gral et adapt\u00e9 aux besoins de ses clients.<\/p>\n<p><style type=\"text\/css\" scoped=\"scoped\">a.zozo-button-1{color:#ffffff;}a.zozo-button-1:hover, a.zozo-button-1:active, a.zozo-button-1:focus{color:#ffffff;}<\/style><a class=\"zozo-button-1 btn btn-default   \" href=\"https:\/\/www.noatum.com\/wp-content\/uploads\/2023\/06\/Management_Policy_EN.pdf\" target=\"_blank\">Management Policy <i class=\"fa right-align fa-fa fa-file-pdf-o\"><\/i><\/a>[\/vc_column_text][\/vc_column_inner][\/vc_row_inner][\/vc_column][\/vc_row][vc_row parallax=\u00a0\u00bbcontent-moving\u00a0\u00bb parallax_image=\u00a0\u00bb1649&Prime; parallax_speed_bg=\u00a0\u00bb3&Prime; center_row=\u00a0\u00bbyes\u00a0\u00bb bg_overlay=\u00a0\u00bbyes\u00a0\u00bb typo_style=\u00a0\u00bblight\u00a0\u00bb el_id=\u00a0\u00bbcifras\u00a0\u00bb][vc_column width=\u00a0\u00bb1\/2&Prime; offset=\u00a0\u00bbvc_col-xs-6&Prime;]<div id=\"zozo-counter-1\" class=\"zozo-counter-wrapper wpb_animate_when_almost_visible wpb_bottom-to-top\"><div class=\"counter-item zozo-counter\"><div class=\"counter-info\"><div class=\"zozo-count-number text-center\" data-count=\"16\"><h3 class=\"counter zozo-counter-count\">0<\/h3><\/div><div class=\"counter-title text-center\"><h5>Domaines de gestion<\/h5><\/div><\/div><\/div><\/div>[\/vc_column][vc_column width=\u00a0\u00bb1\/2&Prime; offset=\u00a0\u00bbvc_col-xs-6&Prime;]<div id=\"zozo-counter-2\" class=\"zozo-counter-wrapper wpb_animate_when_almost_visible wpb_top-to-bottom\"><div class=\"counter-item zozo-counter\"><div class=\"counter-info\"><div class=\"zozo-count-number text-center\" data-count=\"98\"><h3 class=\"counter zozo-counter-count\">0<\/h3><\/div><div class=\"counter-title text-center\"><h5>Certificats<\/h5><\/div><\/div><\/div><\/div>[\/vc_column][\/vc_row][vc_row opn_row_id=\u00a0\u00bbgestionintegral\u00a0\u00bb opn_row_gutter=\u00a0\u00bb50&Prime; css=\u00a0\u00bb.vc_custom_1580724873928{margin-bottom: 0px !important;padding-bottom: 0px !important;background-color: #f7f7f7 !important;}\u00a0\u00bb][vc_column]<div class=\"zozo-parallax-header\"><div class=\"parallax-header\"><h3 class=\"parallax-title text-center\" style=\"margin:0px 0px 0px 0px;\">SYST\u00c8ME INT\u00c9GR\u00c9 DE GESTION<\/h3><\/div><\/div>[\/vc_column][\/vc_row][vc_row center_row=\u00a0\u00bbyes\u00a0\u00bb css=\u00a0\u00bb.vc_custom_1580725013884{background-color: #f7f7f7 !important;}\u00a0\u00bb][vc_column css_animation=\u00a0\u00bbleft-to-right\u00a0\u00bb width=\u00a0\u00bb1\/3&Prime;][vc_row_inner][vc_column_inner]<style type=\"text\/css\" scoped>#feature-box-1 .grid-item .grid-box-inner .grid-icon { background-color:#dd9933; color:#828282; }\n<\/style><div class=\"zozo-feature-box feature-box-style style-title-top-icon style-sep-yes vc_custom_1507877784278 wpb_animate_when_almost_visible wpb_bottom-to-top\" id=\"feature-box-1\"><div class=\"grid-item\"><div class=\"grid-icon-box\"><div class=\"grid-box-inner grid-icon-box-wrapper grid-box-image  grid-icon-box-right\"><div class=\"grid-icon-box-title\"><h5 class=\"grid-title text-center \" >ENVIRONNEMENTALE ISO 14001<\/h5><div class=\"grid-image-wrapper zozo-image-wrapper img-rounded img-size-small\"><img loading=\"lazy\" decoding=\"async\" width=\"51\" height=\"52\" src=\"https:\/\/www.noatum.com\/wp-content\/uploads\/2017\/09\/Fondos2_IMS-Environment-1805-EC-Low-1.png\" class=\"img-rounded attachment-thumbnail\" alt=\"\" title=\"Fondos2_IMS - Environment 1805 EC Low 1\" \/><\/div><\/div><div class=\"clearfix\"><\/div><div class=\"grid-icon-box-content\"><\/div><\/div><\/div><\/div><\/div>[\/vc_column_inner][\/vc_row_inner][\/vc_column][vc_column width=\u00a0\u00bb1\/3&Prime;][vc_round_chart type=\u00a0\u00bbdoughnut\u00a0\u00bb style=\u00a0\u00bbcustom\u00a0\u00bb stroke_width=\u00a0\u00bb0&Prime; legend=\u00a0\u00bb\u00a0\u00bb tooltips=\u00a0\u00bb\u00a0\u00bb values=\u00a0\u00bb%5B%7B%22value%22%3A%2233%22%2C%22color%22%3A%22chino%22%2C%22custom_color%22%3A%22%2386a1cc%22%7D%2C%7B%22value%22%3A%2233%22%2C%22color%22%3A%22blue%22%2C%22custom_color%22%3A%22%23002d60%22%7D%2C%7B%22value%22%3A%2233%22%2C%22color%22%3A%22pink%22%2C%22custom_color%22%3A%22%23b81b2f%22%7D%5D\u00a0\u00bb animation=\u00a0\u00bbeaseOutBounce\u00a0\u00bb css=\u00a0\u00bb.vc_custom_1665495815055{padding-top: 10px !important;padding-right: 50px !important;padding-bottom: 0px !important;padding-left: 50px !important;}\u00a0\u00bb][vc_column_text css=\u00a0\u00bb.vc_custom_1508147265484{margin-top: -200px !important;margin-bottom: 140px !important;}\u00a0\u00bb]<\/p>\n<h3 style=\"text-align: center;\">SIG<\/h3>\n<p>[\/vc_column_text]<style type=\"text\/css\" scoped>#feature-box-2 .grid-item .grid-box-inner .grid-icon { background-color:#dd9933; color:#828282; }\n<\/style><div class=\"zozo-feature-box feature-box-style style-title-top-icon style-sep-yes \" id=\"feature-box-2\"><div class=\"grid-item\"><div class=\"grid-icon-box\"><div class=\"grid-box-inner grid-icon-box-wrapper grid-box-image  grid-icon-box-center\"><div class=\"grid-icon-box-title\"><div class=\"grid-image-wrapper zozo-image-wrapper img-none img-size-small\"><img loading=\"lazy\" decoding=\"async\" width=\"51\" height=\"52\" src=\"https:\/\/www.noatum.com\/wp-content\/uploads\/2017\/09\/Fondos2_IMS-Quality-654-EC-Low.png\" class=\"img-none attachment-thumbnail\" alt=\"\" title=\"Fondos2_IMS - Quality 654 EC Low\" \/><\/div><h5 class=\"grid-title text-center \" >QUALIT\u00c9 ISO 9001<\/h5><\/div><div class=\"clearfix\"><\/div><div class=\"grid-icon-box-content\"><\/div><\/div><\/div><\/div><\/div>[\/vc_column][vc_column css_animation=\u00a0\u00bbright-to-left\u00a0\u00bb width=\u00a0\u00bb1\/3&Prime;]<style type=\"text\/css\" scoped>#feature-box-3 .grid-item .grid-box-inner .grid-icon { background-color:#dd9933; color:#828282; }\n<\/style><div class=\"zozo-feature-box feature-box-style style-title-top-icon style-sep-yes \" id=\"feature-box-3\"><div class=\"grid-item\"><div class=\"grid-icon-box\"><div class=\"grid-box-inner grid-icon-box-wrapper grid-box-image  grid-icon-box-left\"><div class=\"grid-icon-box-title\"><div class=\"grid-image-wrapper zozo-image-wrapper img-none img-size-small\"><img loading=\"lazy\" decoding=\"async\" width=\"51\" height=\"52\" src=\"https:\/\/www.noatum.com\/wp-content\/uploads\/2017\/09\/Fondos2_IMS-Health-and-safety-652-EC-LOW.png\" class=\"img-none attachment-thumbnail\" alt=\"\" title=\"Fondos2_IMS - Health and safety 652 EC LOW\" \/><\/div><h5 class=\"grid-title text-center \" >S\u00c9CURIT\u00c9 ET SANT\u00c9 ISO 45001<\/h5><\/div><div class=\"clearfix\"><\/div><div class=\"grid-icon-box-content\"><\/div><\/div><\/div><\/div><\/div>[\/vc_column][\/vc_row][vc_row center_row=\u00a0\u00bbyes\u00a0\u00bb el_id=\u00a0\u00bbcertificaciones\u00a0\u00bb][vc_column][vc_row_inner][vc_column_inner]<div class=\"zozo-parallax-header\"><div class=\"parallax-header\"><h5 class=\"parallax-title text-center\" style=\"font-size:18px;\">CERTIFICATIONS<\/h5><div class=\"parallax-desc default-style text-center\"><h5 style=\"text-align: left;\"><\/h5>\n<\/div><\/div><\/div>[\/vc_column_inner][\/vc_row_inner]<div id=\"ult-carousel-294430427869d09d44e0f0a\" class=\"ult-carousel-wrapper  vc_custom_1580725406432 zozo-img-filter-grayscale ult_horizontal\" data-gutter=\"15\" data-rtl=\"false\" ><div class=\"ult-carousel-123501389069d09d44e0e7a \" >[vc_single_image image=\u00a0\u00bb24195&Prime;][vc_single_image image=\u00a0\u00bb24657&Prime; img_size=\u00a0\u00bbfull\u00a0\u00bb alignment=\u00a0\u00bbcenter\u00a0\u00bb css=\u00a0\u00bb.vc_custom_1508139395059{padding-top: 30px !important;}\u00a0\u00bb][vc_single_image image=\u00a0\u00bb25140&Prime; img_size=\u00a0\u00bb500&#215;134&Prime; alignment=\u00a0\u00bbcenter\u00a0\u00bb css=\u00a0\u00bb.vc_custom_1508140411403{padding-top: 50px !important;}\u00a0\u00bb][vc_single_image image=\u00a0\u00bb29264&Prime;][vc_single_image image=\u00a0\u00bb23561&Prime;][vc_single_image image=\u00a0\u00bb24193&Prime; img_size=\u00a0\u00bbfull\u00a0\u00bb el_class=\u00a0\u00bbdesaturada\u00a0\u00bb][vc_single_image image=\u00a0\u00bb23573&Prime; img_size=\u00a0\u00bbfull\u00a0\u00bb][vc_single_image image=\u00a0\u00bb23575&Prime; img_size=\u00a0\u00bb150&#215;150&Prime; el_class=\u00a0\u00bbdesaturada\u00a0\u00bb][vc_single_image image=\u00a0\u00bb28753&Prime;][vc_single_image image=\u00a0\u00bb28762&Prime;][vc_single_image image=\u00a0\u00bb28780&Prime; el_class=\u00a0\u00bbdesaturada\u00a0\u00bb][vc_single_image image=\u00a0\u00bb26560&Prime;][vc_single_image image=\u00a0\u00bb25124&Prime;]<\/div><\/div>\t\t\t<script type=\"text\/javascript\">\n\t\t\t\tjQuery(document).ready(function ($) {\n\t\t\t\t\tif( typeof jQuery('.ult-carousel-123501389069d09d44e0e7a').slick == \"function\"){\n\t\t\t\t\t\t$('.ult-carousel-123501389069d09d44e0e7a').slick({dots: false,autoplay: true,autoplaySpeed: \"2000\",speed: \"1500\",infinite: true,arrows: true,nextArrow: '<button type=\"button\" role=\"button\" aria-label=\"Next\" style=\"color:#555555; font-size:20px;\" class=\"slick-next default\"><i class=\"ultsl-arrow-right6\"><\/i><\/button>',prevArrow: '<button type=\"button\" role=\"button\" aria-label=\"Previous\" style=\"color:#555555; font-size:20px;\" class=\"slick-prev default\"><i class=\"ultsl-arrow-left6\"><\/i><\/button>',slidesToScroll:1,slidesToShow:6,swipe: true,draggable: true,touchMove: true,pauseOnHover: true,pauseOnFocus: false,responsive: [\n\t\t\t\t\t\t\t{\n\t\t\t\t\t\t\t  breakpoint: 1026,\n\t\t\t\t\t\t\t  settings: {\n\t\t\t\t\t\t\t\tslidesToShow: 6,\n\t\t\t\t\t\t\t\tslidesToScroll: 1,  \n\t\t\t\t\t\t\t  }\n\t\t\t\t\t\t\t},\n\t\t\t\t\t\t\t{\n\t\t\t\t\t\t\t  breakpoint: 1025,\n\t\t\t\t\t\t\t  settings: {\n\t\t\t\t\t\t\t\tslidesToShow: 3,\n\t\t\t\t\t\t\t\tslidesToScroll: 1\n\t\t\t\t\t\t\t  }\n\t\t\t\t\t\t\t},\n\t\t\t\t\t\t\t{\n\t\t\t\t\t\t\t  breakpoint: 760,\n\t\t\t\t\t\t\t  settings: {\n\t\t\t\t\t\t\t\tslidesToShow: 2,\n\t\t\t\t\t\t\t\tslidesToScroll: 1\n\t\t\t\t\t\t\t  }\n\t\t\t\t\t\t\t}\n\t\t\t\t\t\t],pauseOnDotsHover: true,customPaging: function(slider, i) {\n                   return '<i type=\"button\" style= \"color:#333333;\" class=\"ultsl-record\" data-role=\"none\"><\/i>';\n                },});\n\t\t\t\t\t}\n\t\t\t\t});\n\t\t\t<\/script>\n\t\t\t[vc_btn title=\u00a0\u00bbPlus d&rsquo;informations sur nos certifications\u00a0\u00bb align=\u00a0\u00bbcenter\u00a0\u00bb link=\u00a0\u00bburl:https%3A%2F%2Fwww.noatum.com%2Fla-empresa%2Fcertificados%2F|title:Certificats|\u00a0\u00bb][\/vc_column][\/vc_row]<\/p>\n<\/div>","protected":false},"excerpt":{"rendered":"<p>[vc_row center_row=\u00a0\u00bbyes\u00a0\u00bb opn_row_id=\u00a0\u00bbdireccion\u00a0\u00bb opn_row_gutter=\u00a0\u00bb50&Prime; css=\u00a0\u00bb.vc_custom_1466582909188{background: #f7f7f7 url(https:\/\/www.noatum.com\/wp-content\/uploads\/2016\/06\/fondo-directorio-2.jpg?id=1367) !important;}\u00a0\u00bb][vc_column][vc_row_inner css=\u00a0\u00bb.vc_custom_1580725484467{margin-top: -20px !important;}\u00a0\u00bb][vc_column_inner width=\u00a0\u00bb1\/3&Prime;][vc_column_text] Le projet d\u2019am\u00e9lioration continue de Noatum Maritime a pris forme en 1995 avec la mise en place et<\/p>\n","protected":false},"author":1,"featured_media":17047,"parent":0,"menu_order":0,"comment_status":"closed","ping_status":"closed","template":"template-fullwidth.php","meta":{"footnotes":""},"class_list":["post-16595","page","type-page","status-publish","has-post-thumbnail","hentry"],"yoast_head":"<!-- This site is optimized with the Yoast SEO plugin v27.3 - https:\/\/yoast.com\/product\/yoast-seo-wordpress\/ -->\n<title>Engagement envers la qualit\u00e9 et l&#039;am\u00e9lioration continue | Noatum<\/title>\n<meta name=\"description\" content=\"Le projet d\u2019am\u00e9lioration continue de Noatum Maritime a pris forme en 1995 avec la mise en place et la certification d\u2019un syst\u00e8me de gestion de la qualit\u00e9 bas\u00e9 sur la norme de r\u00e9f\u00e9rence UNE EN ISO 9002:94.\" \/>\n<meta name=\"robots\" content=\"index, follow, max-snippet:-1, max-image-preview:large, max-video-preview:-1\" \/>\n<link rel=\"canonical\" href=\"https:\/\/www.noatum.com\/fr\/qualite\/\" \/>\n<meta property=\"og:locale\" content=\"fr_FR\" \/>\n<meta property=\"og:type\" content=\"article\" \/>\n<meta property=\"og:title\" content=\"Engagement envers la qualit\u00e9 et l&#039;am\u00e9lioration continue | Noatum\" \/>\n<meta property=\"og:description\" content=\"Le projet d\u2019am\u00e9lioration continue de Noatum Maritime a pris forme en 1995 avec la mise en place et la certification d\u2019un syst\u00e8me de gestion de la qualit\u00e9 bas\u00e9 sur la norme de r\u00e9f\u00e9rence UNE EN ISO 9002:94.\" \/>\n<meta property=\"og:url\" content=\"https:\/\/www.noatum.com\/fr\/qualite\/\" \/>\n<meta property=\"og:site_name\" content=\"Noatum\" \/>\n<meta property=\"article:modified_time\" content=\"2024-11-08T15:05:44+00:00\" \/>\n<meta property=\"og:image\" content=\"https:\/\/www.noatum.com\/wp-content\/uploads\/2016\/07\/banner-empresa-como-gestionamos-2.jpg\" \/>\n<meta name=\"twitter:card\" content=\"summary_large_image\" \/>\n<meta name=\"twitter:title\" content=\"Engagement envers la qualit\u00e9 et l&#039;am\u00e9lioration continue | Noatum\" \/>\n<meta name=\"twitter:description\" content=\"Le projet d\u2019am\u00e9lioration continue de Noatum Maritime a pris forme en 1995 avec la mise en place et la certification d\u2019un syst\u00e8me de gestion de la qualit\u00e9 bas\u00e9 sur la norme de r\u00e9f\u00e9rence UNE EN ISO 9002:94.\" \/>\n<meta name=\"twitter:image\" content=\"https:\/\/www.noatum.com\/wp-content\/uploads\/2016\/07\/banner-empresa-como-gestionamos-2.jpg\" \/>\n<meta name=\"twitter:label1\" content=\"Dur\u00e9e de lecture estim\u00e9e\" \/>\n\t<meta name=\"twitter:data1\" content=\"6 minutes\" \/>\n<script type=\"application\/ld+json\" class=\"yoast-schema-graph\">{\"@context\":\"https:\\\/\\\/schema.org\",\"@graph\":[{\"@type\":\"WebPage\",\"@id\":\"https:\\\/\\\/www.noatum.com\\\/fr\\\/qualite\\\/\",\"url\":\"https:\\\/\\\/www.noatum.com\\\/fr\\\/qualite\\\/\",\"name\":\"Engagement envers la qualit\u00e9 et l'am\u00e9lioration continue | Noatum\",\"isPartOf\":{\"@id\":\"https:\\\/\\\/www.noatum.com\\\/#website\"},\"primaryImageOfPage\":{\"@id\":\"https:\\\/\\\/www.noatum.com\\\/fr\\\/qualite\\\/#primaryimage\"},\"image\":{\"@id\":\"https:\\\/\\\/www.noatum.com\\\/fr\\\/qualite\\\/#primaryimage\"},\"thumbnailUrl\":\"https:\\\/\\\/www.noatum.com\\\/wp-content\\\/uploads\\\/2020\\\/02\\\/compliance-noatum-01.jpg\",\"datePublished\":\"2020-01-22T11:05:47+00:00\",\"dateModified\":\"2024-11-08T15:05:44+00:00\",\"description\":\"Le projet d\u2019am\u00e9lioration continue de Noatum Maritime a pris forme en 1995 avec la mise en place et la certification d\u2019un syst\u00e8me de gestion de la qualit\u00e9 bas\u00e9 sur la norme de r\u00e9f\u00e9rence UNE EN ISO 9002:94.\",\"breadcrumb\":{\"@id\":\"https:\\\/\\\/www.noatum.com\\\/fr\\\/qualite\\\/#breadcrumb\"},\"inLanguage\":\"fr-FR\",\"potentialAction\":[{\"@type\":\"ReadAction\",\"target\":[\"https:\\\/\\\/www.noatum.com\\\/fr\\\/qualite\\\/\"]}]},{\"@type\":\"ImageObject\",\"inLanguage\":\"fr-FR\",\"@id\":\"https:\\\/\\\/www.noatum.com\\\/fr\\\/qualite\\\/#primaryimage\",\"url\":\"https:\\\/\\\/www.noatum.com\\\/wp-content\\\/uploads\\\/2020\\\/02\\\/compliance-noatum-01.jpg\",\"contentUrl\":\"https:\\\/\\\/www.noatum.com\\\/wp-content\\\/uploads\\\/2020\\\/02\\\/compliance-noatum-01.jpg\",\"width\":500,\"height\":400,\"caption\":\"Int\u00e9grit\u00e9 de Noatum\"},{\"@type\":\"BreadcrumbList\",\"@id\":\"https:\\\/\\\/www.noatum.com\\\/fr\\\/qualite\\\/#breadcrumb\",\"itemListElement\":[{\"@type\":\"ListItem\",\"position\":1,\"name\":\"Portada\",\"item\":\"https:\\\/\\\/www.noatum.com\\\/fr\\\/\"},{\"@type\":\"ListItem\",\"position\":2,\"name\":\"Qualit\u00e9\"}]},{\"@type\":\"WebSite\",\"@id\":\"https:\\\/\\\/www.noatum.com\\\/#website\",\"url\":\"https:\\\/\\\/www.noatum.com\\\/\",\"name\":\"Noatum\",\"description\":\"Excelencia en Servicios Mar\u00edtimos, Log\u00edsticos y Portuarios\",\"potentialAction\":[{\"@type\":\"SearchAction\",\"target\":{\"@type\":\"EntryPoint\",\"urlTemplate\":\"https:\\\/\\\/www.noatum.com\\\/?s={search_term_string}\"},\"query-input\":{\"@type\":\"PropertyValueSpecification\",\"valueRequired\":true,\"valueName\":\"search_term_string\"}}],\"inLanguage\":\"fr-FR\"}]}<\/script>\n<!-- \/ Yoast SEO plugin. -->","yoast_head_json":{"title":"Engagement envers la qualit\u00e9 et l'am\u00e9lioration continue | Noatum","description":"Le projet d\u2019am\u00e9lioration continue de Noatum Maritime a pris forme en 1995 avec la mise en place et la certification d\u2019un syst\u00e8me de gestion de la qualit\u00e9 bas\u00e9 sur la norme de r\u00e9f\u00e9rence UNE EN ISO 9002:94.","robots":{"index":"index","follow":"follow","max-snippet":"max-snippet:-1","max-image-preview":"max-image-preview:large","max-video-preview":"max-video-preview:-1"},"canonical":"https:\/\/www.noatum.com\/fr\/qualite\/","og_locale":"fr_FR","og_type":"article","og_title":"Engagement envers la qualit\u00e9 et l'am\u00e9lioration continue | Noatum","og_description":"Le projet d\u2019am\u00e9lioration continue de Noatum Maritime a pris forme en 1995 avec la mise en place et la certification d\u2019un syst\u00e8me de gestion de la qualit\u00e9 bas\u00e9 sur la norme de r\u00e9f\u00e9rence UNE EN ISO 9002:94.","og_url":"https:\/\/www.noatum.com\/fr\/qualite\/","og_site_name":"Noatum","article_modified_time":"2024-11-08T15:05:44+00:00","og_image":[{"url":"https:\/\/www.noatum.com\/wp-content\/uploads\/2016\/07\/banner-empresa-como-gestionamos-2.jpg","type":"","width":"","height":""}],"twitter_card":"summary_large_image","twitter_title":"Engagement envers la qualit\u00e9 et l'am\u00e9lioration continue | Noatum","twitter_description":"Le projet d\u2019am\u00e9lioration continue de Noatum Maritime a pris forme en 1995 avec la mise en place et la certification d\u2019un syst\u00e8me de gestion de la qualit\u00e9 bas\u00e9 sur la norme de r\u00e9f\u00e9rence UNE EN ISO 9002:94.","twitter_image":"https:\/\/www.noatum.com\/wp-content\/uploads\/2016\/07\/banner-empresa-como-gestionamos-2.jpg","twitter_misc":{"Dur\u00e9e de lecture estim\u00e9e":"6 minutes"},"schema":{"@context":"https:\/\/schema.org","@graph":[{"@type":"WebPage","@id":"https:\/\/www.noatum.com\/fr\/qualite\/","url":"https:\/\/www.noatum.com\/fr\/qualite\/","name":"Engagement envers la qualit\u00e9 et l'am\u00e9lioration continue | Noatum","isPartOf":{"@id":"https:\/\/www.noatum.com\/#website"},"primaryImageOfPage":{"@id":"https:\/\/www.noatum.com\/fr\/qualite\/#primaryimage"},"image":{"@id":"https:\/\/www.noatum.com\/fr\/qualite\/#primaryimage"},"thumbnailUrl":"https:\/\/www.noatum.com\/wp-content\/uploads\/2020\/02\/compliance-noatum-01.jpg","datePublished":"2020-01-22T11:05:47+00:00","dateModified":"2024-11-08T15:05:44+00:00","description":"Le projet d\u2019am\u00e9lioration continue de Noatum Maritime a pris forme en 1995 avec la mise en place et la certification d\u2019un syst\u00e8me de gestion de la qualit\u00e9 bas\u00e9 sur la norme de r\u00e9f\u00e9rence UNE EN ISO 9002:94.","breadcrumb":{"@id":"https:\/\/www.noatum.com\/fr\/qualite\/#breadcrumb"},"inLanguage":"fr-FR","potentialAction":[{"@type":"ReadAction","target":["https:\/\/www.noatum.com\/fr\/qualite\/"]}]},{"@type":"ImageObject","inLanguage":"fr-FR","@id":"https:\/\/www.noatum.com\/fr\/qualite\/#primaryimage","url":"https:\/\/www.noatum.com\/wp-content\/uploads\/2020\/02\/compliance-noatum-01.jpg","contentUrl":"https:\/\/www.noatum.com\/wp-content\/uploads\/2020\/02\/compliance-noatum-01.jpg","width":500,"height":400,"caption":"Int\u00e9grit\u00e9 de Noatum"},{"@type":"BreadcrumbList","@id":"https:\/\/www.noatum.com\/fr\/qualite\/#breadcrumb","itemListElement":[{"@type":"ListItem","position":1,"name":"Portada","item":"https:\/\/www.noatum.com\/fr\/"},{"@type":"ListItem","position":2,"name":"Qualit\u00e9"}]},{"@type":"WebSite","@id":"https:\/\/www.noatum.com\/#website","url":"https:\/\/www.noatum.com\/","name":"Noatum","description":"Excelencia en Servicios Mar\u00edtimos, Log\u00edsticos y Portuarios","potentialAction":[{"@type":"SearchAction","target":{"@type":"EntryPoint","urlTemplate":"https:\/\/www.noatum.com\/?s={search_term_string}"},"query-input":{"@type":"PropertyValueSpecification","valueRequired":true,"valueName":"search_term_string"}}],"inLanguage":"fr-FR"}]}},"_links":{"self":[{"href":"https:\/\/www.noatum.com\/fr\/wp-json\/wp\/v2\/pages\/16595","targetHints":{"allow":["GET"]}}],"collection":[{"href":"https:\/\/www.noatum.com\/fr\/wp-json\/wp\/v2\/pages"}],"about":[{"href":"https:\/\/www.noatum.com\/fr\/wp-json\/wp\/v2\/types\/page"}],"author":[{"embeddable":true,"href":"https:\/\/www.noatum.com\/fr\/wp-json\/wp\/v2\/users\/1"}],"replies":[{"embeddable":true,"href":"https:\/\/www.noatum.com\/fr\/wp-json\/wp\/v2\/comments?post=16595"}],"version-history":[{"count":20,"href":"https:\/\/www.noatum.com\/fr\/wp-json\/wp\/v2\/pages\/16595\/revisions"}],"predecessor-version":[{"id":32748,"href":"https:\/\/www.noatum.com\/fr\/wp-json\/wp\/v2\/pages\/16595\/revisions\/32748"}],"wp:featuredmedia":[{"embeddable":true,"href":"https:\/\/www.noatum.com\/fr\/wp-json\/wp\/v2\/media\/17047"}],"wp:attachment":[{"href":"https:\/\/www.noatum.com\/fr\/wp-json\/wp\/v2\/media?parent=16595"}],"curies":[{"name":"wp","href":"https:\/\/api.w.org\/{rel}","templated":true}]}}