{"id":16580,"date":"2016-07-26T16:40:33","date_gmt":"2016-07-26T15:40:33","guid":{"rendered":"https:\/\/www.noatum.com\/responsabilite-sociale-corporative\/"},"modified":"2026-02-12T16:37:46","modified_gmt":"2026-02-12T15:37:46","slug":"developpement-durable","status":"publish","type":"page","link":"https:\/\/www.noatum.com\/fr\/developpement-durable\/","title":{"rendered":"D\u00e9veloppement durable &#8211; Noatum"},"content":{"rendered":"<div class=\"wpb-content-wrapper\"><p>[vc_row center_row=\u00a0\u00bbyes\u00a0\u00bb opn_row_id=\u00a0\u00bbdireccion\u00a0\u00bb opn_row_gutter=\u00a0\u00bb50&Prime;][vc_column]<div class=\"zozo-parallax-header\"><div class=\"parallax-header\"><h2 class=\"parallax-title text-left\" style=\"font-size:18px;margin:0 0 -20px 0;\">D\u00c9VELOPPEMENT DURABLE<\/h2><\/div><\/div>[vc_row_inner css=\u00a0\u00bb.vc_custom_1764862982399{margin-top: -15px !important;padding-top: 0px !important;padding-bottom: 50px !important;}\u00a0\u00bb][vc_column_inner width=\u00a0\u00bb1\/2&Prime;][vc_column_text]<\/p>\n<h3 style=\"color: #af2626; font-size: 24px ! important; line-height: 34px;\">Chez Noatum, nous avons pris l\u2019engagement de travailler et de cro\u00eetre de fa\u00e7on responsable et durable dans notre environnement.<\/h3>\n<p>[\/vc_column_text][\/vc_column_inner][vc_column_inner width=\u00a0\u00bb1\/2&Prime;][vc_column_text css=\u00a0\u00bb\u00a0\u00bb]En garantissant ainsi un service de qualit\u00e9 \u00e0 nos clients, une gestion responsable de la cha\u00eene de fournisseurs et de collaborateurs et des conditions de travail favorisant le bien-\u00eatre de nos employ\u00e9s. En r\u00e9sum\u00e9, en dotant de valeur tous nos groupes d\u2019int\u00e9r\u00eat.<\/p>\n<p>Nous venons de faire un pas en avant dans notre strat\u00e9gie et notre culture d\u2019entreprise en adoptant une approche ESG (Environnement, Soci\u00e9t\u00e9, Gouvernance) dans tous nos domaines d\u2019activit\u00e9s et nos activit\u00e9s, qui s\u2019\u00e9tend de mani\u00e8re transversale \u00e0 toutes les divisions et tous les niveaux de notre groupe.[\/vc_column_text][\/vc_column_inner][\/vc_row_inner][vc_row_inner css=\u00a0\u00bb.vc_custom_1587638292958{margin-top: -15px !important;padding-top: 0px !important;}\u00a0\u00bb][vc_column_inner width=\u00a0\u00bb1\/2&Prime;][vc_column_text css=\u00a0\u00bb\u00a0\u00bb]<style type=\"text\/css\" scoped=\"scoped\">a.zozo-button-1{color:#ffffff;}a.zozo-button-1:hover, a.zozo-button-1:active, a.zozo-button-1:focus{color:#ffffff;}<\/style><a class=\"zozo-button-1 btn btn-default   \" href=\"https:\/\/www.noatum.com\/wp-content\/uploads\/2021\/09\/EINF-2020-NOATUM-ES-vEY.pdf\" target=\"_blank\">T\u00c9L\u00c9CHARGER EINF 2020 <i class=\"fa right-align fa-fa fa-file-pdf-o\"><\/i><\/a>[\/vc_column_text][vc_column_text]<style type=\"text\/css\" scoped=\"scoped\">a.zozo-button-2{color:#ffffff;}a.zozo-button-2:hover, a.zozo-button-2:active, a.zozo-button-2:focus{color:#ffffff;}<\/style><a class=\"zozo-button-2 btn btn-default   \" href=\"https:\/\/www.noatum.com\/wp-content\/uploads\/2022\/07\/informe-sostenibilidad-noatum-2021.pdf\" target=\"_blank\">T\u00c9L\u00c9CHARGER EINF 2021 <i class=\"fa right-align fa-fa fa-file-pdf-o\"><\/i><\/a><br \/>\n[\/vc_column_text][vc_column_text]<style type=\"text\/css\" scoped=\"scoped\">a.zozo-button-3{color:#ffffff;}a.zozo-button-3:hover, a.zozo-button-3:active, a.zozo-button-3:focus{color:#ffffff;}<\/style><a class=\"zozo-button-3 btn btn-default   \" href=\"https:\/\/www.noatum.com\/wp-content\/uploads\/2023\/07\/NOATUM_EINF_es_2022.pdf\" target=\"_blank\">T\u00c9L\u00c9CHARGER EINF 2022 <i class=\"fa right-align fa-fa fa-file-pdf-o\"><\/i><\/a>[\/vc_column_text][vc_column_text css=\u00a0\u00bb\u00a0\u00bb]<style type=\"text\/css\" scoped=\"scoped\">a.zozo-button-4{color:#ffffff;}a.zozo-button-4:hover, a.zozo-button-4:active, a.zozo-button-4:focus{color:#ffffff;}<\/style><a class=\"zozo-button-4 btn btn-default   \" href=\"https:\/\/www.noatum.com\/wp-content\/uploads\/2025\/04\/NOATUM_EINF_es_2023.pdf\" target=\"_blank\">T\u00c9L\u00c9CHARGER EINF 2023 <i class=\"fa right-align fa-fa fa-file-pdf-o\"><\/i><\/a>[\/vc_column_text][\/vc_column_inner][vc_column_inner width=\u00a0\u00bb1\/2&Prime;][vc_column_text css=\u00a0\u00bb\u00a0\u00bb]<style type=\"text\/css\" scoped=\"scoped\">a.zozo-button-5{color:#ffffff;}a.zozo-button-5:hover, a.zozo-button-5:active, a.zozo-button-5:focus{color:#ffffff;}<\/style><a class=\"zozo-button-5 btn btn-default   \" href=\"https:\/\/www.noatum.com\/wp-content\/uploads\/2026\/02\/NOATUM-INFORME_en_2024.pdf\" target=\"_blank\">T\u00c9L\u00c9CHARGER EINF 2024 &#8211; Noatum <i class=\"fa right-align fa-fa fa-file-pdf-o\"><\/i><\/a>[\/vc_column_text][vc_column_text css=\u00a0\u00bb\u00a0\u00bb]<style type=\"text\/css\" scoped=\"scoped\">a.zozo-button-6{color:#ffffff;}a.zozo-button-6:hover, a.zozo-button-6:active, a.zozo-button-6:focus{color:#ffffff;}<\/style><a class=\"zozo-button-6 btn btn-default   \" href=\"https:\/\/www.noatum.com\/wp-content\/uploads\/2025\/12\/NOATUM-MARITIME-INFORME_en_2024.pdf\" target=\"_blank\">T\u00c9L\u00c9CHARGER EINF 2024 &#8211; Noatum Maritime <i class=\"fa right-align fa-fa fa-file-pdf-o\"><\/i><\/a>[\/vc_column_text][vc_column_text css=\u00a0\u00bb\u00a0\u00bb]<style type=\"text\/css\" scoped=\"scoped\">a.zozo-button-7{color:#ffffff;}a.zozo-button-7:hover, a.zozo-button-7:active, a.zozo-button-7:focus{color:#ffffff;}<\/style><a class=\"zozo-button-7 btn btn-default   \" href=\"https:\/\/www.noatum.com\/wp-content\/uploads\/2025\/12\/NOATUM-PORTS-INFORME_en_2024.pdf\" target=\"_blank\">T\u00c9L\u00c9CHARGER EINF 2024 &#8211; Noatum Ports <i class=\"fa right-align fa-fa fa-file-pdf-o\"><\/i><\/a>[\/vc_column_text][\/vc_column_inner][\/vc_row_inner][\/vc_column][\/vc_row][vc_row full_width=\u00a0\u00bbstretch_row_content_no_spaces\u00a0\u00bb opn_row_id=\u00a0\u00bbinternacional\u00a0\u00bb opn_row_gutter=\u00a0\u00bb130&Prime; css=\u00a0\u00bb.vc_custom_1579801915800{padding-top: 0px !important;padding-bottom: 0px !important;}\u00a0\u00bb][vc_column]<div id=\"ult-carousel-171696004569f17f9201167\" class=\"ult-carousel-wrapper  tiraimagen ult_horizontal\" data-gutter=\"0\" data-rtl=\"false\" ><div class=\"ult-carousel-124743544569f17f92010a5 \" >[vc_single_image image=\u00a0\u00bb16570&Prime; img_size=\u00a0\u00bb500&#215;400&Prime;][vc_single_image image=\u00a0\u00bb16569&Prime; img_size=\u00a0\u00bb500&#215;400&Prime;][vc_single_image image=\u00a0\u00bb16568&Prime; img_size=\u00a0\u00bb500&#215;400&Prime;][vc_single_image image=\u00a0\u00bb16566&Prime; img_size=\u00a0\u00bb500&#215;400&Prime;]<\/div><\/div>\t\t\t<script type=\"text\/javascript\">\n\t\t\t\tjQuery(document).ready(function ($) {\n\t\t\t\t\tif( typeof jQuery('.ult-carousel-124743544569f17f92010a5').slick == \"function\"){\n\t\t\t\t\t\t$('.ult-carousel-124743544569f17f92010a5').slick({dots: true,autoplay: true,autoplaySpeed: \"5000\",speed: \"300\",infinite: false,arrows: false,slidesToScroll:4,slidesToShow:4,swipe: true,draggable: true,touchMove: true,pauseOnHover: true,pauseOnFocus: false,responsive: [\n\t\t\t\t\t\t\t{\n\t\t\t\t\t\t\t  breakpoint: 1026,\n\t\t\t\t\t\t\t  settings: {\n\t\t\t\t\t\t\t\tslidesToShow: 4,\n\t\t\t\t\t\t\t\tslidesToScroll: 4,  \n\t\t\t\t\t\t\t  }\n\t\t\t\t\t\t\t},\n\t\t\t\t\t\t\t{\n\t\t\t\t\t\t\t  breakpoint: 1025,\n\t\t\t\t\t\t\t  settings: {\n\t\t\t\t\t\t\t\tslidesToShow: 2,\n\t\t\t\t\t\t\t\tslidesToScroll: 2\n\t\t\t\t\t\t\t  }\n\t\t\t\t\t\t\t},\n\t\t\t\t\t\t\t{\n\t\t\t\t\t\t\t  breakpoint: 760,\n\t\t\t\t\t\t\t  settings: {\n\t\t\t\t\t\t\t\tslidesToShow: 1,\n\t\t\t\t\t\t\t\tslidesToScroll: 1\n\t\t\t\t\t\t\t  }\n\t\t\t\t\t\t\t}\n\t\t\t\t\t\t],pauseOnDotsHover: true,customPaging: function(slider, i) {\n                   return '<i type=\"button\" style= \"color:#333333;\" class=\"ultsl-radio-unchecked\" data-role=\"none\"><\/i>';\n                },});\n\t\t\t\t\t}\n\t\t\t\t});\n\t\t\t<\/script>\n\t\t\t[\/vc_column][\/vc_row][vc_row center_row=\u00a0\u00bbyes\u00a0\u00bb opn_row_id=\u00a0\u00bbdireccion\u00a0\u00bb opn_row_gutter=\u00a0\u00bb50&Prime; css=\u00a0\u00bb.vc_custom_1611909080900{background: #ffffff url(https:\/\/www.noatum.com\/wp-content\/uploads\/2016\/06\/fondo-directorio-2.jpg?id=1367) !important;background-position: center !important;background-repeat: no-repeat !important;background-size: cover !important;}\u00a0\u00bb][vc_column]<div class=\"zozo-parallax-header\"><div class=\"parallax-header\"><h2 class=\"parallax-title text-left\" style=\"font-size:18px;margin:0 0 -20px 0;\">POLITIQUE ENVIRONNEMENTALE<\/h2><\/div><\/div>[vc_row_inner css=\u00a0\u00bb.vc_custom_1587638292958{margin-top: -15px !important;padding-top: 0px !important;}\u00a0\u00bb][vc_column_inner width=\u00a0\u00bb1\/2&Prime;][vc_column_text]<\/p>\n<h3 style=\"color: #af2626; font-size: 24px ! important; line-height: 34px;\">Noatum mise sur la conservation et la protection de l\u2019environnement en tant qu\u2019objectif strat\u00e9gique<\/h3>\n<p>[\/vc_column_text][\/vc_column_inner][vc_column_inner width=\u00a0\u00bb1\/2&Prime;][vc_column_text css=\u00a0\u00bb\u00a0\u00bb]La politique environnementale de Noatum pr\u00e9sente en d\u00e9tail les principes directeurs qui d\u00e9finissent et orientent le groupe dans la r\u00e9alisation environnementale de nos activit\u00e9s commerciales, tout en refl\u00e9tant la culture ESG mise en place \u00e0 Noatum et qui est en ligne avec notre mission, notre vision et nos valeurs.<\/p>\n<p>&nbsp;<\/p>\n<style type=\"text\/css\" scoped=\"scoped\">a.zozo-button-8{color:#ffffff;}a.zozo-button-8:hover, a.zozo-button-8:active, a.zozo-button-8:focus{color:#ffffff;}<\/style><a class=\"zozo-button-8 btn btn-default   \" href=\"https:\/\/www.noatum.com\/wp-content\/uploads\/2023\/06\/Noatum_Politica_Medioambiental_ES.pdf\" target=\"_blank\">T\u00e9l\u00e9charger la politique environnementale <i class=\"fa right-align fa-fa fa-file-pdf-o\"><\/i><\/a>\n<p>.<\/p>\n<p><style type=\"text\/css\" scoped=\"scoped\">a.zozo-button-9{color:#ffffff;}a.zozo-button-9:hover, a.zozo-button-9:active, a.zozo-button-9:focus{color:#ffffff;}<\/style><a class=\"zozo-button-9 btn btn-default   \" href=\"https:\/\/www.noatum.com\/wp-content\/uploads\/2023\/10\/Guia-Buenos-Habitos-Ambientales-v3.pdf\" target=\"_blank\">Guide des bonnes habitudes environnementales <i class=\"fa right-align fa-fa fa-file-pdf-o\"><\/i><\/a>[\/vc_column_text][\/vc_column_inner][\/vc_row_inner][\/vc_column][\/vc_row][vc_row center_row=\u00a0\u00bbyes\u00a0\u00bb][vc_column][vc_raw_html]PGltZyBjbGFzcz0iYWxpZ25jZW50ZXIiIHRpdGxlPSJOb2F0dW0gRVNHIiBzcmM9Ii93cC1jb250ZW50L3VwbG9hZHMvMjAyMC8wMS9lc2ctMS5zdmciIGFsdD0iTm9hdHVtIEVTRyIgd2lkdGg9IjE0MCIgLz4=[\/vc_raw_html]<div class=\"zozo-parallax-header fadsfdas wpb_animate_when_almost_visible wpb_bottom-to-top\"><div class=\"parallax-header\"><h3 class=\"parallax-title text-center\" style=\"margin:0px 0px 60px 0px;\">Actions ESG de Noatum<\/h3><div class=\"parallax-desc default-style text-center\"><p>Ce changement culturel nous oblige \u00e0 prendre progressivement des engagements volontaires en faveur de l\u2019am\u00e9lioration sociale, environnementale et \u00e9conomique de notre environnement. <img loading=\"lazy\" decoding=\"async\" class=\"alignleft size-medium wp-image-13971\" src=\"https:\/\/www.noatum.com\/wp-content\/uploads\/2020\/02\/esg-red-1.svg\" alt=\"\" width=\"1\" height=\"1\" \/>Ci-dessous, nous pr\u00e9sentons les axes de travail actuels de notre groupe, en r\u00e9f\u00e9rence aux actions ESG.<\/p>\n<\/div><\/div><\/div><div class=\"cq-accordion \" style=\"width:;\" data-displayfirst=\"\"><ul><li><input type=\"checkbox\" checked><i class=\"red\"><\/i><h4 style=\"color:;font-size:24px;padding:;\">E (Environmental) <small>Actions portant sur l\u2019impact de Noatum sur l\u2019environnement et capacit\u00e9 de notre groupe \u00e0 minimiser les risques li\u00e9s \u00e0 notre activit\u00e9.<\/small><\/h4><div class=\"accordion-content\" style=\"background-color:;color:;font-size:;\"><\/p>\n<h5>ACTIONS \u00ab E \u00bb PLANIFI\u00c9ES et MEN\u00c9ES \u00c0 BIEN EN 2019-2020<\/h5>\n<div class=\"ss_servicios\">\n<ul>\n<li>R\u00e9duction et \u00e9limination de l\u2019emploi de plastiques dans tous nos centres de travail<\/li>\n<li>Remplacement progressif des syst\u00e8mes d\u2019\u00e9clairage par des \u00e9l\u00e9ments \u00e0 technologie LED<\/li>\n<li>Prise de conscience de la r\u00e9duction de la consommation de papier dans nos centres de travail<\/li>\n<li>Remplacement du parc automobile de Renting selon<\/li>\n<\/ul>\n<\/div>\n<p><\/div><\/li><li><input type=\"checkbox\" checked><i class=\"red\"><\/i><h4 style=\"color:;font-size:24px;padding:;\">S (Social): <small>Actions centr\u00e9es sur les relations de notre groupe avec d\u2019autres entreprises et communaut\u00e9s et vis-\u00e0-vis de nos propres employ\u00e9s et collaborateurs.<\/small><\/h4><div class=\"accordion-content\" style=\"background-color:;color:;font-size:;\"><\/p>\n<h5>ACTIONS \u00ab S \u00bb PLANIFI\u00c9ES et MEN\u00c9ES \u00c0 BIEN EN 2019-2020 :<\/h5>\n<div class=\"ss_servicios\">\n<ul>\n<li>Projet de don d&rsquo;\u00e9quipements \u00e9lectriques et \u00e9lectroniques pour les employ\u00e9s et les organismes \u00e0 but non lucratif.<\/li>\n<li>Collaboration avec la Banque Alimentaire dans ses diff\u00e9rentes succursales \u00e0 travers l&rsquo;Espagne.<\/li>\n<li>Don \u00e0 M\u00e9decins Sans Fronti\u00e8res dans le cadre du concours de cartes de No\u00ebl.<\/li>\n<\/ul>\n<\/div>\n<p><\/div><\/li><li><input type=\"checkbox\" checked><i class=\"red\"><\/i><h4 style=\"color:;font-size:24px;padding:;\">G (Governance): <small>Actions li\u00e9es \u00e0 l\u2019adoption d\u2019engagements de bonne gouvernance, de comportements \u00e9thiques et de transparence de la part de Noatum.<\/small><\/h4><div class=\"accordion-content\" style=\"background-color:;color:;font-size:;\"><\/p>\n<h5>ACTIONS \u00ab G \u00bb PLANIFI\u00c9ES et MEN\u00c9ES \u00c0 BIEN EN 2019-2020<\/h5>\n<div class=\"ss_servicios\">\n<ul>\n<li>D\u00e9finition de politiques sp\u00e9cifiques de conformit\u00e9 et d\u2019environnement permettant de marquer les directives visant \u00e0 garantir un comportement responsable de Noatum dans ces domaines.<\/li>\n<\/ul>\n<\/div>\n<p><\/div><\/li><\/ul><\/div>[\/vc_column][\/vc_row][vc_row center_row=\u00a0\u00bbyes\u00a0\u00bb opn_row_id=\u00a0\u00bbdireccion\u00a0\u00bb opn_row_gutter=\u00a0\u00bb50&Prime; css=\u00a0\u00bb.vc_custom_1743150030538{background-color: #F6F6F6 !important;background-position: center !important;background-repeat: no-repeat !important;background-size: cover !important;}\u00a0\u00bb][vc_column]<div class=\"zozo-parallax-header\"><div class=\"parallax-header\"><h2 class=\"parallax-title text-left\" style=\"font-size:18px;margin:0 0 -20px 0;\">PROGRAMME MOVES III<\/h2><\/div><\/div>[vc_row_inner css=\u00a0\u00bb.vc_custom_1587638292958{margin-top: -15px !important;padding-top: 0px !important;}\u00a0\u00bb][vc_column_inner width=\u00a0\u00bb1\/2&Prime;][vc_column_text css=\u00a0\u00bb\u00a0\u00bb]<\/p>\n<h3 style=\"color: #af2626; font-size: 24px ! important; line-height: 34px;\">Le si\u00e8ge social de Noatum \u00e0 Valence re\u00e7oit une subvention MOVES III pour promouvoir la mobilit\u00e9 durable de ses employ\u00e9s.<\/h3>\n<p>[\/vc_column_text][vc_single_image image=\u00a0\u00bb34079&Prime; img_size=\u00a0\u00bb250&#215;250&Prime; css=\u00a0\u00bb\u00a0\u00bb][\/vc_column_inner][vc_column_inner width=\u00a0\u00bb1\/2&Prime;][vc_column_text css=\u00a0\u00bb\u00a0\u00bb]<br \/>\nNoatum Holdings, \u00e0 son si\u00e8ge social \u00e0 Valence, a b\u00e9n\u00e9fici\u00e9 du programme MOVES III, accord\u00e9 par l&rsquo;Institut valencien de la comp\u00e9titivit\u00e9 des entreprises (IVACE). Dans le cadre du Plan europ\u00e9en pour la relance, la transformation et la r\u00e9silience, cette subvention, destin\u00e9e \u00e0 l&rsquo;installation de bornes de recharge avanc\u00e9es pour v\u00e9hicules \u00e9lectriques dans la Communaut\u00e9 valencienne, permet l&rsquo;\u00e9lectrification et la d\u00e9carbonation progressive de la flotte de l&rsquo;entreprise.<\/p>\n<p>Cette initiative refl\u00e8te notre engagement en faveur de la mobilit\u00e9 durable, de l&rsquo;efficacit\u00e9 \u00e9nerg\u00e9tique et de la d\u00e9carbonation de nos op\u00e9rations, qui guideront notre d\u00e9marche vers une logistique d\u00e9carbon\u00e9e. Chaque petit pas en avant nous rapproche d&rsquo;un avenir plus responsable et durable.<br \/>\n[\/vc_column_text][\/vc_column_inner][\/vc_row_inner][\/vc_column][\/vc_row]<\/p>\n<\/div>","protected":false},"excerpt":{"rendered":"<p>[vc_row center_row=\u00a0\u00bbyes\u00a0\u00bb opn_row_id=\u00a0\u00bbdireccion\u00a0\u00bb opn_row_gutter=\u00a0\u00bb50&Prime;][vc_column][vc_row_inner css=\u00a0\u00bb.vc_custom_1764862982399{margin-top: -15px !important;padding-top: 0px !important;padding-bottom: 50px !important;}\u00a0\u00bb][vc_column_inner width=\u00a0\u00bb1\/2&Prime;][vc_column_text] Chez Noatum, nous avons pris l\u2019engagement de travailler et de cro\u00eetre de fa\u00e7on responsable et durable dans notre<\/p>\n","protected":false},"author":1,"featured_media":0,"parent":0,"menu_order":0,"comment_status":"closed","ping_status":"closed","template":"template-fullwidth.php","meta":{"footnotes":""},"class_list":["post-16580","page","type-page","status-publish","hentry"],"yoast_head":"<!-- This site is optimized with the Yoast SEO plugin v27.5 - https:\/\/yoast.com\/product\/yoast-seo-wordpress\/ -->\n<title>Responsabilit\u00e9 sociale des entreprises | Engagement de Noatum<\/title>\n<meta name=\"description\" content=\"Chez Noatum, nous avons pris l\u2019engagement de travailler et de cro\u00eetre de fa\u00e7on responsable et durable dans notre environnement.\" \/>\n<meta name=\"robots\" content=\"index, follow, max-snippet:-1, max-image-preview:large, max-video-preview:-1\" \/>\n<link rel=\"canonical\" href=\"https:\/\/www.noatum.com\/fr\/developpement-durable\/\" \/>\n<meta property=\"og:locale\" content=\"fr_FR\" \/>\n<meta property=\"og:type\" content=\"article\" \/>\n<meta property=\"og:title\" content=\"Responsabilit\u00e9 sociale des entreprises | Engagement de Noatum\" \/>\n<meta property=\"og:description\" content=\"Chez Noatum, nous avons pris l\u2019engagement de travailler et de cro\u00eetre de fa\u00e7on responsable et durable dans notre environnement.\" \/>\n<meta property=\"og:url\" content=\"https:\/\/www.noatum.com\/fr\/developpement-durable\/\" \/>\n<meta property=\"og:site_name\" content=\"Noatum\" \/>\n<meta property=\"article:modified_time\" content=\"2026-02-12T15:37:46+00:00\" \/>\n<meta property=\"og:image\" content=\"https:\/\/www.noatum.com\/wp-content\/uploads\/2020\/01\/OB82160-croped-1.jpg\" \/>\n<meta name=\"twitter:card\" content=\"summary_large_image\" \/>\n<meta name=\"twitter:title\" content=\"Responsabilit\u00e9 sociale des entreprises | Engagement de Noatumm\" \/>\n<meta name=\"twitter:description\" content=\"Chez Noatum, nous avons pris l\u2019engagement de travailler et de cro\u00eetre de fa\u00e7on responsable et durable dans notre environnement.\" \/>\n<meta name=\"twitter:image\" content=\"https:\/\/www.noatum.com\/wp-content\/uploads\/2020\/01\/OB82160-croped-1.jpg\" \/>\n<meta name=\"twitter:label1\" content=\"Dur\u00e9e de lecture estim\u00e9e\" \/>\n\t<meta name=\"twitter:data1\" content=\"6 minutes\" \/>\n<script type=\"application\/ld+json\" class=\"yoast-schema-graph\">{\"@context\":\"https:\\\/\\\/schema.org\",\"@graph\":[{\"@type\":\"WebPage\",\"@id\":\"https:\\\/\\\/www.noatum.com\\\/fr\\\/developpement-durable\\\/\",\"url\":\"https:\\\/\\\/www.noatum.com\\\/fr\\\/developpement-durable\\\/\",\"name\":\"Responsabilit\u00e9 sociale des entreprises | Engagement de Noatum\",\"isPartOf\":{\"@id\":\"https:\\\/\\\/www.noatum.com\\\/#website\"},\"primaryImageOfPage\":{\"@id\":\"https:\\\/\\\/www.noatum.com\\\/fr\\\/developpement-durable\\\/#primaryimage\"},\"image\":{\"@id\":\"https:\\\/\\\/www.noatum.com\\\/fr\\\/developpement-durable\\\/#primaryimage\"},\"thumbnailUrl\":\"https:\\\/\\\/www.noatum.com\\\/wp-content\\\/uploads\\\/2020\\\/02\\\/esg-red-1.svg\",\"datePublished\":\"2016-07-26T15:40:33+00:00\",\"dateModified\":\"2026-02-12T15:37:46+00:00\",\"description\":\"Chez Noatum, nous avons pris l\u2019engagement de travailler et de cro\u00eetre de fa\u00e7on responsable et durable dans notre environnement.\",\"breadcrumb\":{\"@id\":\"https:\\\/\\\/www.noatum.com\\\/fr\\\/developpement-durable\\\/#breadcrumb\"},\"inLanguage\":\"fr-FR\",\"potentialAction\":[{\"@type\":\"ReadAction\",\"target\":[\"https:\\\/\\\/www.noatum.com\\\/fr\\\/developpement-durable\\\/\"]}]},{\"@type\":\"ImageObject\",\"inLanguage\":\"fr-FR\",\"@id\":\"https:\\\/\\\/www.noatum.com\\\/fr\\\/developpement-durable\\\/#primaryimage\",\"url\":\"https:\\\/\\\/www.noatum.com\\\/wp-content\\\/uploads\\\/2020\\\/02\\\/esg-red-1.svg\",\"contentUrl\":\"https:\\\/\\\/www.noatum.com\\\/wp-content\\\/uploads\\\/2020\\\/02\\\/esg-red-1.svg\"},{\"@type\":\"BreadcrumbList\",\"@id\":\"https:\\\/\\\/www.noatum.com\\\/fr\\\/developpement-durable\\\/#breadcrumb\",\"itemListElement\":[{\"@type\":\"ListItem\",\"position\":1,\"name\":\"Portada\",\"item\":\"https:\\\/\\\/www.noatum.com\\\/fr\\\/\"},{\"@type\":\"ListItem\",\"position\":2,\"name\":\"D\u00e9veloppement durable &#8211; Noatum\"}]},{\"@type\":\"WebSite\",\"@id\":\"https:\\\/\\\/www.noatum.com\\\/#website\",\"url\":\"https:\\\/\\\/www.noatum.com\\\/\",\"name\":\"Noatum\",\"description\":\"Excelencia en Servicios Mar\u00edtimos, Log\u00edsticos y Portuarios\",\"potentialAction\":[{\"@type\":\"SearchAction\",\"target\":{\"@type\":\"EntryPoint\",\"urlTemplate\":\"https:\\\/\\\/www.noatum.com\\\/?s={search_term_string}\"},\"query-input\":{\"@type\":\"PropertyValueSpecification\",\"valueRequired\":true,\"valueName\":\"search_term_string\"}}],\"inLanguage\":\"fr-FR\"}]}<\/script>\n<!-- \/ Yoast SEO plugin. -->","yoast_head_json":{"title":"Responsabilit\u00e9 sociale des entreprises | Engagement de Noatum","description":"Chez Noatum, nous avons pris l\u2019engagement de travailler et de cro\u00eetre de fa\u00e7on responsable et durable dans notre environnement.","robots":{"index":"index","follow":"follow","max-snippet":"max-snippet:-1","max-image-preview":"max-image-preview:large","max-video-preview":"max-video-preview:-1"},"canonical":"https:\/\/www.noatum.com\/fr\/developpement-durable\/","og_locale":"fr_FR","og_type":"article","og_title":"Responsabilit\u00e9 sociale des entreprises | Engagement de Noatum","og_description":"Chez Noatum, nous avons pris l\u2019engagement de travailler et de cro\u00eetre de fa\u00e7on responsable et durable dans notre environnement.","og_url":"https:\/\/www.noatum.com\/fr\/developpement-durable\/","og_site_name":"Noatum","article_modified_time":"2026-02-12T15:37:46+00:00","og_image":[{"url":"https:\/\/www.noatum.com\/wp-content\/uploads\/2020\/01\/OB82160-croped-1.jpg","type":"","width":"","height":""}],"twitter_card":"summary_large_image","twitter_title":"Responsabilit\u00e9 sociale des entreprises | Engagement de Noatumm","twitter_description":"Chez Noatum, nous avons pris l\u2019engagement de travailler et de cro\u00eetre de fa\u00e7on responsable et durable dans notre environnement.","twitter_image":"https:\/\/www.noatum.com\/wp-content\/uploads\/2020\/01\/OB82160-croped-1.jpg","twitter_misc":{"Dur\u00e9e de lecture estim\u00e9e":"6 minutes"},"schema":{"@context":"https:\/\/schema.org","@graph":[{"@type":"WebPage","@id":"https:\/\/www.noatum.com\/fr\/developpement-durable\/","url":"https:\/\/www.noatum.com\/fr\/developpement-durable\/","name":"Responsabilit\u00e9 sociale des entreprises | Engagement de Noatum","isPartOf":{"@id":"https:\/\/www.noatum.com\/#website"},"primaryImageOfPage":{"@id":"https:\/\/www.noatum.com\/fr\/developpement-durable\/#primaryimage"},"image":{"@id":"https:\/\/www.noatum.com\/fr\/developpement-durable\/#primaryimage"},"thumbnailUrl":"https:\/\/www.noatum.com\/wp-content\/uploads\/2020\/02\/esg-red-1.svg","datePublished":"2016-07-26T15:40:33+00:00","dateModified":"2026-02-12T15:37:46+00:00","description":"Chez Noatum, nous avons pris l\u2019engagement de travailler et de cro\u00eetre de fa\u00e7on responsable et durable dans notre environnement.","breadcrumb":{"@id":"https:\/\/www.noatum.com\/fr\/developpement-durable\/#breadcrumb"},"inLanguage":"fr-FR","potentialAction":[{"@type":"ReadAction","target":["https:\/\/www.noatum.com\/fr\/developpement-durable\/"]}]},{"@type":"ImageObject","inLanguage":"fr-FR","@id":"https:\/\/www.noatum.com\/fr\/developpement-durable\/#primaryimage","url":"https:\/\/www.noatum.com\/wp-content\/uploads\/2020\/02\/esg-red-1.svg","contentUrl":"https:\/\/www.noatum.com\/wp-content\/uploads\/2020\/02\/esg-red-1.svg"},{"@type":"BreadcrumbList","@id":"https:\/\/www.noatum.com\/fr\/developpement-durable\/#breadcrumb","itemListElement":[{"@type":"ListItem","position":1,"name":"Portada","item":"https:\/\/www.noatum.com\/fr\/"},{"@type":"ListItem","position":2,"name":"D\u00e9veloppement durable &#8211; Noatum"}]},{"@type":"WebSite","@id":"https:\/\/www.noatum.com\/#website","url":"https:\/\/www.noatum.com\/","name":"Noatum","description":"Excelencia en Servicios Mar\u00edtimos, Log\u00edsticos y Portuarios","potentialAction":[{"@type":"SearchAction","target":{"@type":"EntryPoint","urlTemplate":"https:\/\/www.noatum.com\/?s={search_term_string}"},"query-input":{"@type":"PropertyValueSpecification","valueRequired":true,"valueName":"search_term_string"}}],"inLanguage":"fr-FR"}]}},"_links":{"self":[{"href":"https:\/\/www.noatum.com\/fr\/wp-json\/wp\/v2\/pages\/16580","targetHints":{"allow":["GET"]}}],"collection":[{"href":"https:\/\/www.noatum.com\/fr\/wp-json\/wp\/v2\/pages"}],"about":[{"href":"https:\/\/www.noatum.com\/fr\/wp-json\/wp\/v2\/types\/page"}],"author":[{"embeddable":true,"href":"https:\/\/www.noatum.com\/fr\/wp-json\/wp\/v2\/users\/1"}],"replies":[{"embeddable":true,"href":"https:\/\/www.noatum.com\/fr\/wp-json\/wp\/v2\/comments?post=16580"}],"version-history":[{"count":38,"href":"https:\/\/www.noatum.com\/fr\/wp-json\/wp\/v2\/pages\/16580\/revisions"}],"predecessor-version":[{"id":34212,"href":"https:\/\/www.noatum.com\/fr\/wp-json\/wp\/v2\/pages\/16580\/revisions\/34212"}],"wp:attachment":[{"href":"https:\/\/www.noatum.com\/fr\/wp-json\/wp\/v2\/media?parent=16580"}],"curies":[{"name":"wp","href":"https:\/\/api.w.org\/{rel}","templated":true}]}}