{"id":16433,"date":"2020-01-22T11:55:28","date_gmt":"2020-01-22T10:55:28","guid":{"rendered":"https:\/\/www.noatum.com\/securite-sante-bien-etre\/"},"modified":"2024-11-08T15:51:59","modified_gmt":"2024-11-08T14:51:59","slug":"securite-sante-bien-etre","status":"publish","type":"page","link":"https:\/\/www.noatum.com\/fr\/securite-sante-bien-etre\/","title":{"rendered":"S\u00e9curit\u00e9, sant\u00e9 et bien-\u00eatre"},"content":{"rendered":"<div class=\"wpb-content-wrapper\"><p>[vc_row center_row=\u00a0\u00bbyes\u00a0\u00bb el_id=\u00a0\u00bbpreven\u00a0\u00bb][vc_column]<div class=\"zozo-parallax-header\"><div class=\"parallax-header\"><h1 class=\"parallax-title text-center\">S\u00e9curit\u00e9, sant\u00e9 et bien-\u00eatre<\/h1><div class=\"parallax-desc default-style text-center\"><h3><\/h3>\n<\/div><\/div><\/div>[vc_row_inner][vc_column_inner width=\u00a0\u00bb1\/2&Prime;][vc_column_text]L\u2019engagement de Noatum dans le domaine de la <strong>S\u00e9curit\u00e9 et la sant\u00e9<\/strong> implique le bien-\u00eatre total (physique, mental et social) de tous les employ\u00e9s et les parties prenantes, en renfor\u00e7ant leurs attitudes pour un travail productif dans un environnement s\u00fbr et au sein d\u2019un groupe qui \u0153uvre pour la sant\u00e9.[\/vc_column_text][\/vc_column_inner][vc_column_inner width=\u00a0\u00bb1\/2&Prime;][vc_column_text css=\u00a0\u00bb\u00a0\u00bb]Notre int\u00e9r\u00eat est centr\u00e9 sur la personne, avec une approche int\u00e9grale et int\u00e9gr\u00e9e. La sant\u00e9 est prise en compte dans toutes les politiques de notre groupe, de m\u00eame que le respect des conditions l\u00e9gales requises en mati\u00e8re de pr\u00e9vention des risques au travail.<\/p>\n<p><strong>Noatum<\/strong> a re\u00e7u la certification <strong>ISO 45001:2018 <\/strong>relative \u00e0 la s\u00e9curit\u00e9 et le bien-\u00eatre sur le lieu de travail comme une preuve de conformit\u00e9, de valeur ajout\u00e9e et d\u2019efficacit\u00e9.<\/p>\n<p>&nbsp;<\/p>\n<p><style type=\"text\/css\" scoped=\"scoped\">a.zozo-button-1{color:#ffffff;}a.zozo-button-1:hover, a.zozo-button-1:active, a.zozo-button-1:focus{color:#ffffff;}<\/style><a class=\"zozo-button-1 btn btn-default   \" href=\"https:\/\/www.noatum.com\/wp-content\/uploads\/2023\/06\/Noatum_HSW-Policy_EN.pdf\" target=\"_blank\">T\u00e9l\u00e9charger la politique de sant\u00e9 et de s\u00e9curit\u00e9 <i class=\"fa right-align fa-fa fa-file-pdf-o\"><\/i><\/a>[\/vc_column_text][\/vc_column_inner][\/vc_row_inner][\/vc_column][\/vc_row][vc_row center_row=\u00a0\u00bbyes\u00a0\u00bb css=\u00a0\u00bb.vc_custom_1580828097984{padding-top: 20px !important;padding-bottom: 20px !important;background-color: #f7f7f7 !important;background-position: center !important;background-repeat: no-repeat !important;background-size: cover !important;}\u00a0\u00bb][vc_column][vc_row_inner][vc_column_inner offset=\u00a0\u00bbvc_hidden-sm vc_hidden-xs\u00a0\u00bb][vc_column_text]<img decoding=\"async\" src=\"\/wp-content\/uploads\/2020\/02\/SALUD-Y-BIENESTAR-EN-EL-TRABAJO-FR.svg\" alt=\"\" width=\"100%\" \/>[\/vc_column_text][\/vc_column_inner][\/vc_row_inner][vc_row_inner][vc_column_inner offset=\u00a0\u00bbvc_hidden-lg vc_hidden-md\u00a0\u00bb][vc_column_text]<img decoding=\"async\" src=\"\/wp-content\/uploads\/2020\/02\/SALUD-Y-BIENESTAR-EN-EL-TRABAJO-VERTICAL-FR-1.svg\" alt=\"\" width=\"100%\" \/>[\/vc_column_text][\/vc_column_inner][\/vc_row_inner][\/vc_column][\/vc_row]<\/p>\n<\/div>","protected":false},"excerpt":{"rendered":"<p>[vc_row center_row=\u00a0\u00bbyes\u00a0\u00bb el_id=\u00a0\u00bbpreven\u00a0\u00bb][vc_column][vc_row_inner][vc_column_inner width=\u00a0\u00bb1\/2&Prime;][vc_column_text]L\u2019engagement de Noatum dans le domaine de la S\u00e9curit\u00e9 et la sant\u00e9 implique le bien-\u00eatre total (physique, mental et social) de tous les employ\u00e9s et les parties<\/p>\n","protected":false},"author":1,"featured_media":0,"parent":0,"menu_order":0,"comment_status":"closed","ping_status":"closed","template":"template-fullwidth.php","meta":{"footnotes":""},"class_list":["post-16433","page","type-page","status-publish","hentry"],"yoast_head":"<!-- This site is optimized with the Yoast SEO plugin v27.3 - https:\/\/yoast.com\/product\/yoast-seo-wordpress\/ -->\n<title>S\u00e9curit\u00e9, sant\u00e9 et bien-\u00eatre | L&#039;engagement de Noatum<\/title>\n<meta name=\"description\" content=\"L&#039;engagement de Noatum en mati\u00e8re de sant\u00e9 et de s\u00e9curit\u00e9 implique le bien-\u00eatre total (physique, mental et social) de tous les employ\u00e9s et parties prenantes.\" \/>\n<meta name=\"robots\" content=\"index, follow, max-snippet:-1, max-image-preview:large, max-video-preview:-1\" \/>\n<link rel=\"canonical\" href=\"https:\/\/www.noatum.com\/fr\/securite-sante-bien-etre\/\" \/>\n<meta property=\"og:locale\" content=\"fr_FR\" \/>\n<meta property=\"og:type\" content=\"article\" \/>\n<meta property=\"og:title\" content=\"S\u00e9curit\u00e9, sant\u00e9 et bien-\u00eatre | L&#039;engagement de Noatum\" \/>\n<meta property=\"og:description\" content=\"L&#039;engagement de Noatum en mati\u00e8re de sant\u00e9 et de s\u00e9curit\u00e9 implique le bien-\u00eatre total (physique, mental et social) de tous les employ\u00e9s et parties prenantes.\" \/>\n<meta property=\"og:url\" content=\"https:\/\/www.noatum.com\/fr\/securite-sante-bien-etre\/\" \/>\n<meta property=\"og:site_name\" content=\"Noatum\" \/>\n<meta property=\"article:modified_time\" content=\"2024-11-08T14:51:59+00:00\" \/>\n<meta property=\"og:image\" content=\"https:\/\/www.noatum.com\/wp-content\/uploads\/2016\/08\/Nuestra-manera-de-ser-Banner-FINAL2.jpg\" \/>\n<meta name=\"twitter:card\" content=\"summary_large_image\" \/>\n<meta name=\"twitter:title\" content=\"S\u00e9curit\u00e9, sant\u00e9 et bien-\u00eatre | L&#039;engagement de Noatum\" \/>\n<meta name=\"twitter:description\" content=\"L&#039;engagement de Noatum en mati\u00e8re de sant\u00e9 et de s\u00e9curit\u00e9 implique le bien-\u00eatre total (physique, mental et social) de tous les employ\u00e9s et parties prenantes.\" \/>\n<meta name=\"twitter:image\" content=\"https:\/\/www.noatum.com\/wp-content\/uploads\/2016\/08\/Nuestra-manera-de-ser-Banner-FINAL2.jpg\" \/>\n<meta name=\"twitter:label1\" content=\"Dur\u00e9e de lecture estim\u00e9e\" \/>\n\t<meta name=\"twitter:data1\" content=\"2 minutes\" \/>\n<script type=\"application\/ld+json\" class=\"yoast-schema-graph\">{\"@context\":\"https:\\\/\\\/schema.org\",\"@graph\":[{\"@type\":\"WebPage\",\"@id\":\"https:\\\/\\\/www.noatum.com\\\/fr\\\/securite-sante-bien-etre\\\/\",\"url\":\"https:\\\/\\\/www.noatum.com\\\/fr\\\/securite-sante-bien-etre\\\/\",\"name\":\"S\u00e9curit\u00e9, sant\u00e9 et bien-\u00eatre | L'engagement de Noatum\",\"isPartOf\":{\"@id\":\"https:\\\/\\\/www.noatum.com\\\/#website\"},\"datePublished\":\"2020-01-22T10:55:28+00:00\",\"dateModified\":\"2024-11-08T14:51:59+00:00\",\"description\":\"L'engagement de Noatum en mati\u00e8re de sant\u00e9 et de s\u00e9curit\u00e9 implique le bien-\u00eatre total (physique, mental et social) de tous les employ\u00e9s et parties prenantes.\",\"breadcrumb\":{\"@id\":\"https:\\\/\\\/www.noatum.com\\\/fr\\\/securite-sante-bien-etre\\\/#breadcrumb\"},\"inLanguage\":\"fr-FR\",\"potentialAction\":[{\"@type\":\"ReadAction\",\"target\":[\"https:\\\/\\\/www.noatum.com\\\/fr\\\/securite-sante-bien-etre\\\/\"]}]},{\"@type\":\"BreadcrumbList\",\"@id\":\"https:\\\/\\\/www.noatum.com\\\/fr\\\/securite-sante-bien-etre\\\/#breadcrumb\",\"itemListElement\":[{\"@type\":\"ListItem\",\"position\":1,\"name\":\"Portada\",\"item\":\"https:\\\/\\\/www.noatum.com\\\/fr\\\/\"},{\"@type\":\"ListItem\",\"position\":2,\"name\":\"S\u00e9curit\u00e9, sant\u00e9 et bien-\u00eatre\"}]},{\"@type\":\"WebSite\",\"@id\":\"https:\\\/\\\/www.noatum.com\\\/#website\",\"url\":\"https:\\\/\\\/www.noatum.com\\\/\",\"name\":\"Noatum\",\"description\":\"Excelencia en Servicios Mar\u00edtimos, Log\u00edsticos y Portuarios\",\"potentialAction\":[{\"@type\":\"SearchAction\",\"target\":{\"@type\":\"EntryPoint\",\"urlTemplate\":\"https:\\\/\\\/www.noatum.com\\\/?s={search_term_string}\"},\"query-input\":{\"@type\":\"PropertyValueSpecification\",\"valueRequired\":true,\"valueName\":\"search_term_string\"}}],\"inLanguage\":\"fr-FR\"}]}<\/script>\n<!-- \/ Yoast SEO plugin. -->","yoast_head_json":{"title":"S\u00e9curit\u00e9, sant\u00e9 et bien-\u00eatre | L'engagement de Noatum","description":"L'engagement de Noatum en mati\u00e8re de sant\u00e9 et de s\u00e9curit\u00e9 implique le bien-\u00eatre total (physique, mental et social) de tous les employ\u00e9s et parties prenantes.","robots":{"index":"index","follow":"follow","max-snippet":"max-snippet:-1","max-image-preview":"max-image-preview:large","max-video-preview":"max-video-preview:-1"},"canonical":"https:\/\/www.noatum.com\/fr\/securite-sante-bien-etre\/","og_locale":"fr_FR","og_type":"article","og_title":"S\u00e9curit\u00e9, sant\u00e9 et bien-\u00eatre | L'engagement de Noatum","og_description":"L'engagement de Noatum en mati\u00e8re de sant\u00e9 et de s\u00e9curit\u00e9 implique le bien-\u00eatre total (physique, mental et social) de tous les employ\u00e9s et parties prenantes.","og_url":"https:\/\/www.noatum.com\/fr\/securite-sante-bien-etre\/","og_site_name":"Noatum","article_modified_time":"2024-11-08T14:51:59+00:00","og_image":[{"url":"https:\/\/www.noatum.com\/wp-content\/uploads\/2016\/08\/Nuestra-manera-de-ser-Banner-FINAL2.jpg","type":"","width":"","height":""}],"twitter_card":"summary_large_image","twitter_title":"S\u00e9curit\u00e9, sant\u00e9 et bien-\u00eatre | L'engagement de Noatum","twitter_description":"L'engagement de Noatum en mati\u00e8re de sant\u00e9 et de s\u00e9curit\u00e9 implique le bien-\u00eatre total (physique, mental et social) de tous les employ\u00e9s et parties prenantes.","twitter_image":"https:\/\/www.noatum.com\/wp-content\/uploads\/2016\/08\/Nuestra-manera-de-ser-Banner-FINAL2.jpg","twitter_misc":{"Dur\u00e9e de lecture estim\u00e9e":"2 minutes"},"schema":{"@context":"https:\/\/schema.org","@graph":[{"@type":"WebPage","@id":"https:\/\/www.noatum.com\/fr\/securite-sante-bien-etre\/","url":"https:\/\/www.noatum.com\/fr\/securite-sante-bien-etre\/","name":"S\u00e9curit\u00e9, sant\u00e9 et bien-\u00eatre | L'engagement de Noatum","isPartOf":{"@id":"https:\/\/www.noatum.com\/#website"},"datePublished":"2020-01-22T10:55:28+00:00","dateModified":"2024-11-08T14:51:59+00:00","description":"L'engagement de Noatum en mati\u00e8re de sant\u00e9 et de s\u00e9curit\u00e9 implique le bien-\u00eatre total (physique, mental et social) de tous les employ\u00e9s et parties prenantes.","breadcrumb":{"@id":"https:\/\/www.noatum.com\/fr\/securite-sante-bien-etre\/#breadcrumb"},"inLanguage":"fr-FR","potentialAction":[{"@type":"ReadAction","target":["https:\/\/www.noatum.com\/fr\/securite-sante-bien-etre\/"]}]},{"@type":"BreadcrumbList","@id":"https:\/\/www.noatum.com\/fr\/securite-sante-bien-etre\/#breadcrumb","itemListElement":[{"@type":"ListItem","position":1,"name":"Portada","item":"https:\/\/www.noatum.com\/fr\/"},{"@type":"ListItem","position":2,"name":"S\u00e9curit\u00e9, sant\u00e9 et bien-\u00eatre"}]},{"@type":"WebSite","@id":"https:\/\/www.noatum.com\/#website","url":"https:\/\/www.noatum.com\/","name":"Noatum","description":"Excelencia en Servicios Mar\u00edtimos, Log\u00edsticos y Portuarios","potentialAction":[{"@type":"SearchAction","target":{"@type":"EntryPoint","urlTemplate":"https:\/\/www.noatum.com\/?s={search_term_string}"},"query-input":{"@type":"PropertyValueSpecification","valueRequired":true,"valueName":"search_term_string"}}],"inLanguage":"fr-FR"}]}},"_links":{"self":[{"href":"https:\/\/www.noatum.com\/fr\/wp-json\/wp\/v2\/pages\/16433","targetHints":{"allow":["GET"]}}],"collection":[{"href":"https:\/\/www.noatum.com\/fr\/wp-json\/wp\/v2\/pages"}],"about":[{"href":"https:\/\/www.noatum.com\/fr\/wp-json\/wp\/v2\/types\/page"}],"author":[{"embeddable":true,"href":"https:\/\/www.noatum.com\/fr\/wp-json\/wp\/v2\/users\/1"}],"replies":[{"embeddable":true,"href":"https:\/\/www.noatum.com\/fr\/wp-json\/wp\/v2\/comments?post=16433"}],"version-history":[{"count":11,"href":"https:\/\/www.noatum.com\/fr\/wp-json\/wp\/v2\/pages\/16433\/revisions"}],"predecessor-version":[{"id":32742,"href":"https:\/\/www.noatum.com\/fr\/wp-json\/wp\/v2\/pages\/16433\/revisions\/32742"}],"wp:attachment":[{"href":"https:\/\/www.noatum.com\/fr\/wp-json\/wp\/v2\/media?parent=16433"}],"curies":[{"name":"wp","href":"https:\/\/api.w.org\/{rel}","templated":true}]}}