{"id":16305,"date":"2016-08-02T15:17:46","date_gmt":"2016-08-02T14:17:46","guid":{"rendered":"https:\/\/www.noatum.com\/notre-facon-de-travailler\/"},"modified":"2021-10-22T09:56:05","modified_gmt":"2021-10-22T08:56:05","slug":"notre-facon-de-travailler","status":"publish","type":"page","link":"https:\/\/www.noatum.com\/fr\/notre-facon-de-travailler\/","title":{"rendered":"Notre fa\u00e7on de travailler"},"content":{"rendered":"<div class=\"wpb-content-wrapper\"><p>[vc_row opn_row_gutter=\u00a0\u00bb-100&Prime; css=\u00a0\u00bb.vc_custom_1579520487332{margin-bottom: -40px !important;}\u00a0\u00bb el_id=\u00a0\u00bbpolitica\u00a0\u00bb][vc_column]<div class=\"zozo-parallax-header\"><div class=\"parallax-header\"><h1 class=\"parallax-title text-center\">Notre fa\u00e7on de travailler<\/h1><\/div><\/div>[\/vc_column][\/vc_row][vc_row parallax=\u00a0\u00bbcontent-moving\u00a0\u00bb parallax_speed_bg=\u00a0\u00bb1&Prime; center_row=\u00a0\u00bbyes\u00a0\u00bb typo_style=\u00a0\u00bblight\u00a0\u00bb opn_enable_overlay=\u00a0\u00bbon\u00a0\u00bb css=\u00a0\u00bb.vc_custom_1472724124535{padding-top: 0px !important;padding-right: 0px !important;padding-bottom: 0px !important;padding-left: 0px !important;}\u00a0\u00bb][vc_column css_animation=\u00a0\u00bbnone\u00a0\u00bb typo_style=\u00a0\u00bblight\u00a0\u00bb css=\u00a0\u00bb.vc_custom_1580390114045{padding-top: 30px !important;padding-right: 30px !important;padding-bottom: 30px !important;padding-left: 30px !important;background-color: rgba(0,48,93,0.82) !important;*background-color: rgb(0,48,93) !important;}\u00a0\u00bb][vc_row_inner][vc_column_inner]<style type=\"text\/css\" scoped>#feature-box-1 .grid-item .grid-box-inner .grid-icon { background-color:#af2626; color:#ffffff; }\n<\/style><div class=\"zozo-feature-box feature-box-style style-default-box style-sep-yes vc_custom_1614188423922 wpb_animate_when_almost_visible wpb_left-to-right\" id=\"feature-box-1\"><div class=\"grid-item\"><div class=\"grid-box-inner grid-text-left grid-box-image grid-shape-none\"><div class=\"grid-content-wrapper\"><div class=\"grid-desc\" ><p><strong>Noatum <\/strong>est un conglom\u00e9rat d\u2019entreprises de services portuaires, maritimes et logistiques r\u00e9alisant les activit\u00e9s d\u2019agence maritime de ligne r\u00e9guli\u00e8re, consignation, tramping, projets, transitaire, agents des douanes, terminaux, chartering et stockage.<\/p>\n<p><strong>Noatum <\/strong>poss\u00e8de un syst\u00e8me de gestion int\u00e9gr\u00e9 de la qualit\u00e9, de l\u2019environnement, de la s\u00e9curit\u00e9 et la sant\u00e9 sur le lieu de travail, de la responsabilit\u00e9 sociale corporative, de la s\u00e9curit\u00e9 alimentaire et des op\u00e9rateurs \u00e9conomiques autoris\u00e9s en simplification douani\u00e8re et s\u00e9curit\u00e9 physique pour nos transactions commerciales. Nous garantissons ainsi la s\u00e9curit\u00e9 des marchandises et nous pr\u00eatons nos services en fonction des besoins de nos clients, des conditions l\u00e9gales requises et d\u2019autres conditions applicables dans les domaines de la gestion compris dans la port\u00e9e de la pr\u00e9sente politique.<\/p>\n<style type=\"text\/css\" scoped=\"scoped\">a.zozo-button-1{color:#ffffff;}a.zozo-button-1:hover, a.zozo-button-1:active, a.zozo-button-1:focus{color:#ffffff;}<\/style><a class=\"zozo-button-1 btn btn-default   \" href=\"https:\/\/www.noatum.com\/wp-content\/uploads\/2020\/02\/Politica-gestion-Noatum-Maritime-2020-ES.pdf\" target=\"_blank\"><i class=\"fa fa-fa fa-file-pdf-o\"><\/i> POLITIQUE DE GESTION<\/a>\n<\/div><\/div><\/div><\/div><\/div>[\/vc_column_inner][\/vc_row_inner][\/vc_column][\/vc_row][vc_row center_row=\u00a0\u00bbyes\u00a0\u00bb typo_style=\u00a0\u00bblight\u00a0\u00bb opn_enable_overlay=\u00a0\u00bbon\u00a0\u00bb bg_type=\u00a0\u00bbimage\u00a0\u00bb parallax_style=\u00a0\u00bbvcpb-vz-jquery\u00a0\u00bb bg_image_new=\u00a0\u00bbid^1649|url^https:\/\/www.noatum.com\/wp-content\/uploads\/2016\/06\/Empresa-RSC-y-Calidad.jpg|caption^null|alt^null|title^Offshore Windpark|description^null\u00a0\u00bb bg_image_repeat=\u00a0\u00bbno-repeat\u00a0\u00bb parallax_sense=\u00a0\u00bb100&Prime; css=\u00a0\u00bb.vc_custom_1472744342165{margin-bottom: 40px !important;padding-top: 0px !important;padding-right: 0px !important;padding-bottom: 0px !important;padding-left: 0px !important;}\u00a0\u00bb][vc_column css_animation=\u00a0\u00bbnone\u00a0\u00bb typo_style=\u00a0\u00bblight\u00a0\u00bb css=\u00a0\u00bb.vc_custom_1580390099153{padding-top: 30px !important;padding-right: 30px !important;padding-bottom: 30px !important;padding-left: 30px !important;background-color: rgba(0,48,93,0.82) !important;*background-color: rgb(0,48,93) !important;}\u00a0\u00bb][vc_row_inner match_height=\u00a0\u00bbyes\u00a0\u00bb css=\u00a0\u00bb.vc_custom_1472744087782{margin-bottom: 35px !important;}\u00a0\u00bb][vc_column_inner width=\u00a0\u00bb1\/2&Prime;]<style type=\"text\/css\" scoped>#feature-box-2 .grid-item .grid-box-inner .grid-icon { background-color:#af2626; color:#ffffff; }\n<\/style><div class=\"zozo-feature-box feature-box-style altofijo style-default-box style-sep-yes vc_custom_1472744423548 wpb_animate_when_almost_visible wpb_left-to-right\" id=\"feature-box-2\"><div class=\"grid-item\"><div class=\"grid-box-inner grid-text-left grid-box-image grid-shape-none\"><div class=\"grid-content-wrapper\"><h5 class=\"grid-title \" style=\"color:#ffffff;\">PLANIFICATION<\/h5><div class=\"grid-desc\" ><p><strong>Syst\u00e8me de gestion.<\/strong> La direction a assign\u00e9 les ressources n\u00e9cessaires pour la maintenance du syst\u00e8me de gestion int\u00e9gr\u00e9.<\/p>\n<p><strong>Engagements<\/strong> dans l\u2019am\u00e9lioration continue int\u00e9grale, ce qui se traduit par la pr\u00e9vention de la contamination, le respect de la l\u00e9gislation et autres accords cadres, le respect des accords avec les clients, le respect du code \u00e9thique et social, la s\u00e9curit\u00e9 physique et douani\u00e8re de la cha\u00eene logistique et la s\u00e9curit\u00e9 alimentaire.<\/p>\n<p><strong>Objectifs<\/strong>. Des objectifs d\u2019am\u00e9lioration sont fix\u00e9s sur la base des informations g\u00e9n\u00e9r\u00e9es par le syst\u00e8me par le biais des indicateurs \u00e9tablis et d\u2019autres param\u00e8tres d\u00e9finis dans les processus.<\/p>\n<\/div><\/div><\/div><\/div><\/div>[\/vc_column_inner][vc_column_inner width=\u00a0\u00bb1\/2&Prime;]<style type=\"text\/css\" scoped>#feature-box-3 .grid-item .grid-box-inner .grid-icon { background-color:#af2626; color:#ffffff; }\n<\/style><div class=\"zozo-feature-box feature-box-style altofijo style-default-box style-sep-yes vc_custom_1490343879875 wpb_animate_when_almost_visible wpb_left-to-right\" id=\"feature-box-3\"><div class=\"grid-item\"><div class=\"grid-box-inner grid-text-left grid-box-image grid-shape-none\"><div class=\"grid-content-wrapper\"><h5 class=\"grid-title \" style=\"color:#ffffff;\">MISE EN PLACE ET FONCTIONNEMENT<\/h5><div class=\"grid-desc\" ><p><strong>Comp\u00e9tence, formation et sensibilisation.<\/strong>Il est n\u00e9cessaire de r\u00e9aliser les diff\u00e9rents processus dans le cadre du domaine des ressources humaines tels que le recrutement, l\u2019\u00e9valuation des comp\u00e9tences, la formation et la sensibilisation selon chaque fonction au sein de l\u2019organisation.<\/p>\n<p><strong>Gestion.<\/strong> Il est estim\u00e9 que l\u2019ensemble du personnel de l\u2019organisation doit conna\u00eetre et mener \u00e0 bien ses t\u00e2ches conform\u00e9ment \u00e0 ce qui est d\u00e9fini dans le syst\u00e8me de gestion.<\/p>\n<p><strong>Documentation du syst\u00e8me de gestion. <\/strong>La documentation du syst\u00e8me et la pr\u00e9sente politique font l\u2019objet de r\u00e9visions syst\u00e9matiques afin d\u2019\u00eatre adapt\u00e9es en permanence \u00e0 la r\u00e9alit\u00e9 de Noatum.<\/p>\n<\/div><\/div><\/div><\/div><\/div>[\/vc_column_inner][\/vc_row_inner][vc_row_inner match_height=\u00a0\u00bbyes\u00a0\u00bb][vc_column_inner width=\u00a0\u00bb1\/2&Prime;]<style type=\"text\/css\" scoped>#feature-box-4 .grid-item .grid-box-inner .grid-icon { background-color:#af2626; color:#ffffff; }\n<\/style><div class=\"zozo-feature-box feature-box-style style-default-box style-sep-yes vc_custom_1470314917433 wpb_animate_when_almost_visible wpb_left-to-right\" id=\"feature-box-4\"><div class=\"grid-item\"><div class=\"grid-box-inner grid-text-left grid-box-image grid-shape-none\"><div class=\"grid-content-wrapper\"><h5 class=\"grid-title \" style=\"color:#ffffff;\">VERIFICATION<\/h5><div class=\"grid-desc\" ><p><strong>Suivi.<\/strong> Des param\u00e8tres de contr\u00f4le de la gestion sont mis en place afin d\u2019analyser et d\u2019am\u00e9liorer nos processus et nos activit\u00e9s.<\/p>\n<p><strong>Gestion des incidents.<\/strong> Il existe des syst\u00e9matiques permettant d\u2019identifier et d\u2019enregistrer toutes sortes d\u2019incidents, de sorte qu\u2019il est possible d\u2019analyser et de trouver des solutions imm\u00e9diates en d\u00e9terminant des actions correctives.<\/p>\n<\/div><\/div><\/div><\/div><\/div>[\/vc_column_inner][vc_column_inner width=\u00a0\u00bb1\/2&Prime;]<style type=\"text\/css\" scoped>#feature-box-5 .grid-item .grid-box-inner .grid-icon { background-color:#af2626; color:#ffffff; }\n<\/style><div class=\"zozo-feature-box feature-box-style style-default-box style-sep-yes vc_custom_1470314932309 wpb_animate_when_almost_visible wpb_left-to-right\" id=\"feature-box-5\"><div class=\"grid-item\"><div class=\"grid-box-inner grid-text-left grid-box-image grid-shape-none\"><div class=\"grid-content-wrapper\"><h5 class=\"grid-title \" style=\"color:#ffffff;\">ACTION<\/h5><div class=\"grid-desc\" ><p><strong>Am\u00e9lioration continue. <\/strong>L\u2019encouragement \u00e0 l\u2019am\u00e9lioration continue des processus est consid\u00e9r\u00e9 comme un \u00e9l\u00e9ment essentiel pour assurer la continuit\u00e9 de l\u2019entreprise.<\/p>\n<p><strong>Communication. <\/strong>La communication interne est continue et fluide, et elle permet de conna\u00eetre \u00e0 tout moment les effets des op\u00e9rations, la politique et les objectifs de l\u2019organisation.<\/p>\n<\/div><\/div><\/div><\/div><\/div>[\/vc_column_inner][\/vc_row_inner][\/vc_column][\/vc_row]<\/p>\n<\/div>","protected":false},"excerpt":{"rendered":"<p>[vc_row opn_row_gutter=\u00a0\u00bb-100&Prime; css=\u00a0\u00bb.vc_custom_1579520487332{margin-bottom: -40px !important;}\u00a0\u00bb el_id=\u00a0\u00bbpolitica\u00a0\u00bb][vc_column][\/vc_column][\/vc_row][vc_row parallax=\u00a0\u00bbcontent-moving\u00a0\u00bb parallax_speed_bg=\u00a0\u00bb1&Prime; center_row=\u00a0\u00bbyes\u00a0\u00bb typo_style=\u00a0\u00bblight\u00a0\u00bb opn_enable_overlay=\u00a0\u00bbon\u00a0\u00bb css=\u00a0\u00bb.vc_custom_1472724124535{padding-top: 0px !important;padding-right: 0px !important;padding-bottom: 0px !important;padding-left: 0px !important;}\u00a0\u00bb][vc_column css_animation=\u00a0\u00bbnone\u00a0\u00bb typo_style=\u00a0\u00bblight\u00a0\u00bb css=\u00a0\u00bb.vc_custom_1580390114045{padding-top: 30px !important;padding-right: 30px !important;padding-bottom: 30px !important;padding-left: 30px<\/p>\n","protected":false},"author":1,"featured_media":0,"parent":0,"menu_order":0,"comment_status":"closed","ping_status":"closed","template":"template-fullwidth.php","meta":{"footnotes":""},"class_list":["post-16305","page","type-page","status-publish","hentry"],"yoast_head":"<!-- This site is optimized with the Yoast SEO plugin v27.3 - https:\/\/yoast.com\/product\/yoast-seo-wordpress\/ -->\n<title>Notre fa\u00e7on de travailler | Noatum<\/title>\n<meta name=\"description\" content=\"L&#039;engagement de Noatum commence par la fa\u00e7on dont nous travaillons : nous disposons d&#039;un syst\u00e8me de gestion int\u00e9gr\u00e9 pour la qualit\u00e9, l&#039;environnement, la sant\u00e9 et la s\u00e9curit\u00e9 et la RSE.\" \/>\n<meta name=\"robots\" content=\"index, follow, max-snippet:-1, max-image-preview:large, max-video-preview:-1\" \/>\n<link rel=\"canonical\" href=\"https:\/\/www.noatum.com\/fr\/notre-facon-de-travailler\/\" \/>\n<meta property=\"og:locale\" content=\"fr_FR\" \/>\n<meta property=\"og:type\" content=\"article\" \/>\n<meta property=\"og:title\" content=\"Notre fa\u00e7on de travailler | Engagement de Noatum\" \/>\n<meta property=\"og:description\" content=\"L&#039;engagement de Noatum commence par la fa\u00e7on dont nous travaillons : nous disposons d&#039;un syst\u00e8me de gestion int\u00e9gr\u00e9 pour la qualit\u00e9, l&#039;environnement, la sant\u00e9 et la s\u00e9curit\u00e9 et la RSE.\" \/>\n<meta property=\"og:url\" content=\"https:\/\/www.noatum.com\/fr\/notre-facon-de-travailler\/\" \/>\n<meta property=\"og:site_name\" content=\"Noatum\" \/>\n<meta property=\"article:modified_time\" content=\"2021-10-22T08:56:05+00:00\" \/>\n<meta property=\"og:image\" content=\"https:\/\/www.noatum.com\/wp-content\/uploads\/2020\/02\/Compromiso-Como-trabajamos.jpg\" \/>\n<meta name=\"twitter:card\" content=\"summary_large_image\" \/>\n<meta name=\"twitter:title\" content=\"Notre fa\u00e7on de travailler | Noatum\" \/>\n<meta name=\"twitter:description\" content=\"L&#039;engagement de Noatum commence par la fa\u00e7on dont nous travaillons : nous disposons d&#039;un syst\u00e8me de gestion int\u00e9gr\u00e9 pour la qualit\u00e9, l&#039;environnement, la sant\u00e9 et la s\u00e9curit\u00e9 et la RSE.\" \/>\n<meta name=\"twitter:image\" content=\"https:\/\/www.noatum.com\/wp-content\/uploads\/2020\/02\/Compromiso-Como-trabajamos.jpg\" \/>\n<meta name=\"twitter:label1\" content=\"Dur\u00e9e de lecture estim\u00e9e\" \/>\n\t<meta name=\"twitter:data1\" content=\"5 minutes\" \/>\n<script type=\"application\/ld+json\" class=\"yoast-schema-graph\">{\"@context\":\"https:\\\/\\\/schema.org\",\"@graph\":[{\"@type\":\"WebPage\",\"@id\":\"https:\\\/\\\/www.noatum.com\\\/fr\\\/notre-facon-de-travailler\\\/\",\"url\":\"https:\\\/\\\/www.noatum.com\\\/fr\\\/notre-facon-de-travailler\\\/\",\"name\":\"Notre fa\u00e7on de travailler | Noatum\",\"isPartOf\":{\"@id\":\"https:\\\/\\\/www.noatum.com\\\/#website\"},\"datePublished\":\"2016-08-02T14:17:46+00:00\",\"dateModified\":\"2021-10-22T08:56:05+00:00\",\"description\":\"L'engagement de Noatum commence par la fa\u00e7on dont nous travaillons : nous disposons d'un syst\u00e8me de gestion int\u00e9gr\u00e9 pour la qualit\u00e9, l'environnement, la sant\u00e9 et la s\u00e9curit\u00e9 et la RSE.\",\"breadcrumb\":{\"@id\":\"https:\\\/\\\/www.noatum.com\\\/fr\\\/notre-facon-de-travailler\\\/#breadcrumb\"},\"inLanguage\":\"fr-FR\",\"potentialAction\":[{\"@type\":\"ReadAction\",\"target\":[\"https:\\\/\\\/www.noatum.com\\\/fr\\\/notre-facon-de-travailler\\\/\"]}]},{\"@type\":\"BreadcrumbList\",\"@id\":\"https:\\\/\\\/www.noatum.com\\\/fr\\\/notre-facon-de-travailler\\\/#breadcrumb\",\"itemListElement\":[{\"@type\":\"ListItem\",\"position\":1,\"name\":\"Portada\",\"item\":\"https:\\\/\\\/www.noatum.com\\\/fr\\\/\"},{\"@type\":\"ListItem\",\"position\":2,\"name\":\"Notre fa\u00e7on de travailler\"}]},{\"@type\":\"WebSite\",\"@id\":\"https:\\\/\\\/www.noatum.com\\\/#website\",\"url\":\"https:\\\/\\\/www.noatum.com\\\/\",\"name\":\"Noatum\",\"description\":\"Excelencia en Servicios Mar\u00edtimos, Log\u00edsticos y Portuarios\",\"potentialAction\":[{\"@type\":\"SearchAction\",\"target\":{\"@type\":\"EntryPoint\",\"urlTemplate\":\"https:\\\/\\\/www.noatum.com\\\/?s={search_term_string}\"},\"query-input\":{\"@type\":\"PropertyValueSpecification\",\"valueRequired\":true,\"valueName\":\"search_term_string\"}}],\"inLanguage\":\"fr-FR\"}]}<\/script>\n<!-- \/ Yoast SEO plugin. -->","yoast_head_json":{"title":"Notre fa\u00e7on de travailler | Noatum","description":"L'engagement de Noatum commence par la fa\u00e7on dont nous travaillons : nous disposons d'un syst\u00e8me de gestion int\u00e9gr\u00e9 pour la qualit\u00e9, l'environnement, la sant\u00e9 et la s\u00e9curit\u00e9 et la RSE.","robots":{"index":"index","follow":"follow","max-snippet":"max-snippet:-1","max-image-preview":"max-image-preview:large","max-video-preview":"max-video-preview:-1"},"canonical":"https:\/\/www.noatum.com\/fr\/notre-facon-de-travailler\/","og_locale":"fr_FR","og_type":"article","og_title":"Notre fa\u00e7on de travailler | Engagement de Noatum","og_description":"L'engagement de Noatum commence par la fa\u00e7on dont nous travaillons : nous disposons d'un syst\u00e8me de gestion int\u00e9gr\u00e9 pour la qualit\u00e9, l'environnement, la sant\u00e9 et la s\u00e9curit\u00e9 et la RSE.","og_url":"https:\/\/www.noatum.com\/fr\/notre-facon-de-travailler\/","og_site_name":"Noatum","article_modified_time":"2021-10-22T08:56:05+00:00","og_image":[{"url":"https:\/\/www.noatum.com\/wp-content\/uploads\/2020\/02\/Compromiso-Como-trabajamos.jpg","type":"","width":"","height":""}],"twitter_card":"summary_large_image","twitter_title":"Notre fa\u00e7on de travailler | Noatum","twitter_description":"L'engagement de Noatum commence par la fa\u00e7on dont nous travaillons : nous disposons d'un syst\u00e8me de gestion int\u00e9gr\u00e9 pour la qualit\u00e9, l'environnement, la sant\u00e9 et la s\u00e9curit\u00e9 et la RSE.","twitter_image":"https:\/\/www.noatum.com\/wp-content\/uploads\/2020\/02\/Compromiso-Como-trabajamos.jpg","twitter_misc":{"Dur\u00e9e de lecture estim\u00e9e":"5 minutes"},"schema":{"@context":"https:\/\/schema.org","@graph":[{"@type":"WebPage","@id":"https:\/\/www.noatum.com\/fr\/notre-facon-de-travailler\/","url":"https:\/\/www.noatum.com\/fr\/notre-facon-de-travailler\/","name":"Notre fa\u00e7on de travailler | Noatum","isPartOf":{"@id":"https:\/\/www.noatum.com\/#website"},"datePublished":"2016-08-02T14:17:46+00:00","dateModified":"2021-10-22T08:56:05+00:00","description":"L'engagement de Noatum commence par la fa\u00e7on dont nous travaillons : nous disposons d'un syst\u00e8me de gestion int\u00e9gr\u00e9 pour la qualit\u00e9, l'environnement, la sant\u00e9 et la s\u00e9curit\u00e9 et la RSE.","breadcrumb":{"@id":"https:\/\/www.noatum.com\/fr\/notre-facon-de-travailler\/#breadcrumb"},"inLanguage":"fr-FR","potentialAction":[{"@type":"ReadAction","target":["https:\/\/www.noatum.com\/fr\/notre-facon-de-travailler\/"]}]},{"@type":"BreadcrumbList","@id":"https:\/\/www.noatum.com\/fr\/notre-facon-de-travailler\/#breadcrumb","itemListElement":[{"@type":"ListItem","position":1,"name":"Portada","item":"https:\/\/www.noatum.com\/fr\/"},{"@type":"ListItem","position":2,"name":"Notre fa\u00e7on de travailler"}]},{"@type":"WebSite","@id":"https:\/\/www.noatum.com\/#website","url":"https:\/\/www.noatum.com\/","name":"Noatum","description":"Excelencia en Servicios Mar\u00edtimos, Log\u00edsticos y Portuarios","potentialAction":[{"@type":"SearchAction","target":{"@type":"EntryPoint","urlTemplate":"https:\/\/www.noatum.com\/?s={search_term_string}"},"query-input":{"@type":"PropertyValueSpecification","valueRequired":true,"valueName":"search_term_string"}}],"inLanguage":"fr-FR"}]}},"_links":{"self":[{"href":"https:\/\/www.noatum.com\/fr\/wp-json\/wp\/v2\/pages\/16305","targetHints":{"allow":["GET"]}}],"collection":[{"href":"https:\/\/www.noatum.com\/fr\/wp-json\/wp\/v2\/pages"}],"about":[{"href":"https:\/\/www.noatum.com\/fr\/wp-json\/wp\/v2\/types\/page"}],"author":[{"embeddable":true,"href":"https:\/\/www.noatum.com\/fr\/wp-json\/wp\/v2\/users\/1"}],"replies":[{"embeddable":true,"href":"https:\/\/www.noatum.com\/fr\/wp-json\/wp\/v2\/comments?post=16305"}],"version-history":[{"count":19,"href":"https:\/\/www.noatum.com\/fr\/wp-json\/wp\/v2\/pages\/16305\/revisions"}],"predecessor-version":[{"id":22540,"href":"https:\/\/www.noatum.com\/fr\/wp-json\/wp\/v2\/pages\/16305\/revisions\/22540"}],"wp:attachment":[{"href":"https:\/\/www.noatum.com\/fr\/wp-json\/wp\/v2\/media?parent=16305"}],"curies":[{"name":"wp","href":"https:\/\/api.w.org\/{rel}","templated":true}]}}